{"id":916,"date":"2014-09-11T13:44:21","date_gmt":"2014-09-11T13:44:21","guid":{"rendered":"http:\/\/50.28.86.182\/~craigswapp\/?page_id=916"},"modified":"2021-05-12T14:18:36","modified_gmt":"2021-05-12T14:18:36","slug":"seguridad-ninos","status":"publish","type":"page","link":"https:\/\/craigswapp.com\/spanish\/seguridad-ninos\/","title":{"rendered":"Seguridad para Ni\u00f1os"},"content":{"rendered":"<p>\n<strong>Anuncio para los Ciudadanos del Estado de Washington<\/strong><\/p>\n<p>Craig Swapp se ha asociado con KREM TV para promover los problemas de seguridad de los ni\u00f1os. En el calendario de eventos hay varias veces y lugares a los que puede ir para que examinen su asiento de seguridad. Se estima que casi el 95% de los asientos de autom\u00f3viles est\u00e1n instalados incorrectamente. Haga que revisen la suya de forma gratuita en cualquiera de los lugares disponibles para un chequeo. Siempre es tr\u00e1gico escuchar a un ni\u00f1o herido de gravedad o muerto a causa de un accidente.<\/p>\n<div class=\"well\">\n<p>La mayor\u00eda de los accidentes con ni\u00f1os son evitables, y algunas simples precauciones de los padres pueden asegurar la seguridad de su hijo:<\/p>\n<ul>\n<li>Sea siempre consciente del paradero y las actividades de su hijo, especialmente alrededor del agua (ba\u00f1eras, piscinas, jacuzzis, arroyos, estanques, etc.)<\/li>\n<li>Realice una auditor\u00eda de seguridad de su hogar, buscando posibles peligros para su hijo. Por ejemplo, moverse m\u00e1s all\u00e1 de alcanzar cualquier objeto afilado, productos qu\u00edmicos peligrosos, o prescripci\u00f3n \/ medicamentos OTC. Tambi\u00e9n es importante vigilar las ventanas abiertas y las escaleras sin protecci\u00f3n (para los ni\u00f1os peque\u00f1os).<\/li>\n<li>Desarrolle el h\u00e1bito de caminar detr\u00e1s de su coche antes de retroceder, para asegurarse de que no hay ni\u00f1os. Al comprar un carro nuevo, aseg\u00farese de que incluye una c\u00e1mara de respaldo.<\/li>\n<\/ul>\n<\/div>\n<p>Peri\u00f3dicamente, publicamos en nuestro pagina de\u00a0<a href=\"\/\/www.facebook.com\/CraigSwappLaw\">Facebook<\/a>\u00a0, recordatorios a las familias sobre consejos de seguridad para ni\u00f1os de sentido com\u00fan. Aqu\u00ed est\u00e1 una colecci\u00f3n de nuestras entradas m\u00e1s recientes:<\/p>\n<p>Con los c\u00e1lidos d\u00edas de verano vienen las ventanas abiertas y el riesgo de que los ni\u00f1os caigan de alturas peligrosas. Recuerde que las pantallas s\u00f3lo son buenas para mantener a los insectos fuera, no mantener a los ni\u00f1os adentro. Utilizar protectores de ventanas o paradas (con liberaci\u00f3n r\u00e1pida en caso de incendio), y no coloque los muebles bajo las ventanas para que los ni\u00f1os puedan trepar.<\/p>\n<p>Con el verano aqu\u00ed, muchos ni\u00f1os estar\u00e1n montando sus bicicletas. Lamentablemente, 300.000 ni\u00f1os terminan en la sala de emergencia de accidentes de bicicleta cada a\u00f1o. Ahora es un buen momento para recordarles acerca de las reglas b\u00e1sicas de la carretera, usar cascos y observar el tr\u00e1fico. Piense en \u00abseguridad para ni\u00f1os\u00bb primero.<\/p>\n<p>El juego de caballos puede tener serias consecuencias. Acabamos de ganar un veredicto por una madre cuyo hijo adolescente muri\u00f3 al estar de pie en la parte trasera de una camioneta. El conductor decidi\u00f3 de repente sacudir el cami\u00f3n hacia adelante, causando el hijo a caer y sufrir una lesi\u00f3n cerebral. La compa\u00f1\u00eda de seguros neg\u00f3 la cobertura, pero pudimos prevalecer para la familia. Lamentablemente, esto no habr\u00eda ocurrido si el joven conductor hubiera utilizado alg\u00fan sentido com\u00fan.<\/p>\n<p><img decoding=\"async\" class=\"alignnone size-full wp-image-1415 img-responsive\" src=\"https:\/\/craigswapp.com\/spanish\/wp-content\/uploads\/2015\/07\/iStock_000063276447_Medium-e1468560045694.jpg\" alt=\"keep your children safe\" \/><\/p>\n<p>Mam\u00e1s y pap\u00e1s, si su beb\u00e9 est\u00e1 empezando a gatear, aqu\u00ed hay algo en que pensar: Cada a\u00f1o, los beb\u00e9s y los ni\u00f1os peque\u00f1os tienen 2,3 millones de lesiones relacionadas con la ca\u00edda. Lamentablemente, m\u00e1s de 100 mueren. Aseg\u00farese de instalar puertas en la parte superior e inferior de las escaleras y no deje a los beb\u00e9s desatendidos en los mostradores ni en los muebles.<\/p>\n<p>Con muchas familias viajando al aire libre para acampar, es serio escuchar informes de personas que son arrastradas por los r\u00edos de alta corriente, arroyos y canales. Los ni\u00f1os son especialmente atra\u00eddos por el sonido y la acci\u00f3n de estas aguas r\u00e1pidas. Educar a sus hijos sobre los peligros de jugar cerca del agua. Y, mantener un ojo en ellos en todo momento.<\/p>\n<h3><\/h3>\n","protected":false},"excerpt":{"rendered":"<p>Anuncio para los Ciudadanos del Estado de Washington Craig Swapp se ha asociado con KREM TV para promover los problemas de seguridad de los ni\u00f1os. [&hellip;]<\/p>\n","protected":false},"author":2,"featured_media":0,"parent":0,"menu_order":0,"comment_status":"open","ping_status":"open","template":"","meta":{"_acf_changed":false,"inline_featured_image":false,"footnotes":""},"class_list":["post-916","page","type-page","status-publish","hentry"],"acf":[],"_links":{"self":[{"href":"https:\/\/craigswapp.com\/spanish\/wp-json\/wp\/v2\/pages\/916","targetHints":{"allow":["GET"]}}],"collection":[{"href":"https:\/\/craigswapp.com\/spanish\/wp-json\/wp\/v2\/pages"}],"about":[{"href":"https:\/\/craigswapp.com\/spanish\/wp-json\/wp\/v2\/types\/page"}],"author":[{"embeddable":true,"href":"https:\/\/craigswapp.com\/spanish\/wp-json\/wp\/v2\/users\/2"}],"replies":[{"embeddable":true,"href":"https:\/\/craigswapp.com\/spanish\/wp-json\/wp\/v2\/comments?post=916"}],"version-history":[{"count":1,"href":"https:\/\/craigswapp.com\/spanish\/wp-json\/wp\/v2\/pages\/916\/revisions"}],"predecessor-version":[{"id":11387,"href":"https:\/\/craigswapp.com\/spanish\/wp-json\/wp\/v2\/pages\/916\/revisions\/11387"}],"wp:attachment":[{"href":"https:\/\/craigswapp.com\/spanish\/wp-json\/wp\/v2\/media?parent=916"}],"curies":[{"name":"wp","href":"https:\/\/api.w.org\/{rel}","templated":true}]}}