{"id":9157,"date":"2017-12-14T15:14:58","date_gmt":"2017-12-14T22:14:58","guid":{"rendered":"https:\/\/www.craigswapp.com\/?page_id=9157"},"modified":"2021-05-10T12:55:04","modified_gmt":"2021-05-10T12:55:04","slug":"abogado-accidentes-moto-renton","status":"publish","type":"page","link":"https:\/\/craigswapp.com\/spanish\/abogado-accidentes-moto-renton\/","title":{"rendered":"Abogado de accidentes de moto en Renton"},"content":{"rendered":"<br \/>\n<blockquote><p><em>Las v\u00edctimas de accidentes de motocicleta lo tienen dif\u00edcil, pero el proceso de buscar una compensaci\u00f3n justa no tiene por qu\u00e9 ser dif\u00edcil tambi\u00e9n. Simplifique su vida llamando a un abogado de accidentes de motocicleta en Renton.<\/em><\/p><\/blockquote>\n<p>Las motocicletas son divertidas, pero ser golpeado por un autom\u00f3vil podr\u00eda arruinar su vida. Los motociclistas corren un peligro mucho mayor que otros viajeros, pero a\u00fan est\u00e1n sujetos al estereotipo de \u00abmotorista imprudente\u00bb injusto, especialmente cuando se trata de reclamos de seguros.<\/p>\n<p>Sus gastos podr\u00edan alcanzar grandes cantidades, raz\u00f3n por la cual muchas v\u00edctimas de accidentes de motocicletas buscan la asistencia de un abogado de accidentes de moto en Renton. En Craig Swapp &amp; Associates, nuestros abogados har\u00e1n todo lo posible para ganar la m\u00e1xima compensaci\u00f3n disponible.<\/p>\n<h2>Causas de accidentes de moto<\/h2>\n<p>Las motocicletas son dif\u00edciles de ver, pero tambi\u00e9n es probable que no se registren en la mente de un conductor, incluso si son visibles. Los conductores autom\u00e1ticos pueden cambiar de carril o girar delante de usted porque no revisaron sus puntos ciegos y espejos o nunca lo registraron.<\/p>\n<p>Investigaremos todos los aspectos del accidente y entrevistaremos a todos los testigos que podamos encontrar para asegurarnos de encontrar la causa que nos lleve a la parte realmente culpable. Las siguientes son algunas de las causas comunes de los accidentes de motocicleta en Renton:<\/p>\n<ul>\n<li style=\"font-weight: 400;\">Condiciones peligrosas del camino<\/li>\n<li style=\"font-weight: 400;\">Conductores somnolientos, drogados, ebrios y distra\u00eddos<\/li>\n<li style=\"font-weight: 400;\">Los conductores no registran una motocicleta en su espejo o al lado de ellos<\/li>\n<li style=\"font-weight: 400;\">Los conductores golpeando una motocicleta desde atr\u00e1s porque juzgaron la distancia y la velocidad incorrectas<\/li>\n<li style=\"font-weight: 400;\">Los conductores que apresuran golpear o recortar una motocicleta<\/li>\n<li style=\"font-weight: 400;\">Conducci\u00f3n agresiva, como pasar la noche o pasar demasiado r\u00e1pido<\/li>\n<li style=\"font-weight: 400;\">Problemas de construcci\u00f3n en el camino<\/li>\n<\/ul>\n<h2>Lesiones frecuentes de motociclistas<\/h2>\n<p>Debido a que est\u00e1 tan expuesto cuando conduce una motocicleta, sus lesiones generalmente ser\u00e1n severas. Trabajando con su equipo m\u00e9dico, incluiremos todas las lesiones relevantes en su caso.<\/p>\n<p>Las lesiones comunes en los accidentes de moto en Renton incluyen lo siguiente:<\/p>\n<ul>\n<li style=\"font-weight: 400;\">Da\u00f1o en el cuello, la espalda y la columna vertebral<\/li>\n<li style=\"font-weight: 400;\">Lesiones de cabeza y faciales<\/li>\n<li style=\"font-weight: 400;\">Huesos rotos<\/li>\n<li style=\"font-weight: 400;\">Quemaduras severas<\/li>\n<li style=\"font-weight: 400;\">Extremidades perdidas<\/li>\n<li style=\"font-weight: 400;\">Sangrado interno y da\u00f1o de \u00f3rganos<\/li>\n<li style=\"font-weight: 400;\">Trastorno de estr\u00e9s postraum\u00e1tico (TEPT)<\/li>\n<\/ul>\n<h2>Compensaci\u00f3n justa por sus da\u00f1os<\/h2>\n<p>Puede ser dif\u00edcil traducir da\u00f1os como nunca caminar de nuevo o desarrollar TEPT en cantidades en d\u00f3lares, pero tenemos que hacerlo para presentar una demanda s\u00f3lida de lesiones personales. Su abogado de accidentes de moto en Renton colaborar\u00e1 con sus m\u00e9dicos y terapeutas para determinar qu\u00e9 tan graves son sus lesiones y por cu\u00e1nto tiempo permanecer\u00e1n.<\/p>\n<p>Es posible que podamos obtener un arreglo por los siguientes da\u00f1os en su reclamo:<\/p>\n<ul>\n<li style=\"font-weight: 400;\">Costos m\u00e9dicos<\/li>\n<li style=\"font-weight: 400;\">Rehabilitaci\u00f3n f\u00edsica y terapia psicol\u00f3gica<\/li>\n<li style=\"font-weight: 400;\">Salarios perdidos o reducidos<\/li>\n<li style=\"font-weight: 400;\">Modificaciones a su hogar, veh\u00edculo y oficina para cualquier discapacidad nueva o empeorada.<\/li>\n<li style=\"font-weight: 400;\">Dolor y sufrimiento<\/li>\n<li style=\"font-weight: 400;\">Estr\u00e9s emocional<\/li>\n<li style=\"font-weight: 400;\">Disminuci\u00f3n de la calidad de vida<\/li>\n<li style=\"font-weight: 400;\">P\u00e9rdida de compa\u00f1erismo, consorcio y cuidado<\/li>\n<li style=\"font-weight: 400;\">Da\u00f1o a su motocicleta o sus pertenencias personales<\/li>\n<\/ul>\n<h2>T\u00e1cticas de seguros\u00a0deshonestas<\/h2>\n<p>Las aseguradoras no se preocupan por sus necesidades y har\u00e1n todo lo posible para evitar que obtenga una compensaci\u00f3n. Su \u00fanico objetivo es proteger su rentabilidad, y se aprovechar\u00e1n de ese molesto estereotipo de \u00abmotorista imprudente\u00bb para hacerlo.<\/p>\n<p>Bajo la ley de negligencia comparativa de Washington, su compensaci\u00f3n se ve reducida por el mismo porcentaje de culpa que usted tiene por su accidente. Si gana $ 100,000 pero tiene un 30 por ciento de culpa, recibir\u00e1 $ 70,000-30 por ciento menos. Es por eso que las aseguradoras est\u00e1n tan motivadas para que parezca que su accidente de motocicleta Renton fue su culpa.<\/p>\n<h2>P\u00f3ngase en contacto con un abogado de accidentes de moto en Renton<\/h2>\n<p>Merece justicia del conductor negligente que le golpe\u00f3. Su abogado de Craig Swapp &amp; Associates tendr\u00e1 un conocimiento profundo sobre este tipo de accidentes y las t\u00e1cticas que usan las aseguradoras. Solo haremos lo mejor para usted y su familia.<\/p>\n<p>Ll\u00e1menos al 1-800-404-9000 o complete el formulario a continuaci\u00f3n para programar una consulta complementaria sin compromiso con un abogado de accidentes de moto en Renton.<\/p>\n","protected":false},"excerpt":{"rendered":"<p>Las v\u00edctimas de accidentes de motocicleta lo tienen dif\u00edcil, pero el proceso de buscar una compensaci\u00f3n justa no tiene por qu\u00e9 ser dif\u00edcil tambi\u00e9n. Simplifique [&hellip;]<\/p>\n","protected":false},"author":2,"featured_media":0,"parent":0,"menu_order":0,"comment_status":"closed","ping_status":"closed","template":"","meta":{"_acf_changed":false,"inline_featured_image":false,"footnotes":""},"class_list":["post-9157","page","type-page","status-publish","hentry"],"acf":[],"_links":{"self":[{"href":"https:\/\/craigswapp.com\/spanish\/wp-json\/wp\/v2\/pages\/9157","targetHints":{"allow":["GET"]}}],"collection":[{"href":"https:\/\/craigswapp.com\/spanish\/wp-json\/wp\/v2\/pages"}],"about":[{"href":"https:\/\/craigswapp.com\/spanish\/wp-json\/wp\/v2\/types\/page"}],"author":[{"embeddable":true,"href":"https:\/\/craigswapp.com\/spanish\/wp-json\/wp\/v2\/users\/2"}],"replies":[{"embeddable":true,"href":"https:\/\/craigswapp.com\/spanish\/wp-json\/wp\/v2\/comments?post=9157"}],"version-history":[{"count":2,"href":"https:\/\/craigswapp.com\/spanish\/wp-json\/wp\/v2\/pages\/9157\/revisions"}],"predecessor-version":[{"id":10864,"href":"https:\/\/craigswapp.com\/spanish\/wp-json\/wp\/v2\/pages\/9157\/revisions\/10864"}],"wp:attachment":[{"href":"https:\/\/craigswapp.com\/spanish\/wp-json\/wp\/v2\/media?parent=9157"}],"curies":[{"name":"wp","href":"https:\/\/api.w.org\/{rel}","templated":true}]}}