{"id":9022,"date":"2017-11-14T09:18:34","date_gmt":"2017-11-14T16:18:34","guid":{"rendered":"https:\/\/www.craigswapp.com\/?page_id=9022"},"modified":"2021-05-10T13:05:21","modified_gmt":"2021-05-10T13:05:21","slug":"abogado-lesiones-laborales-seattle","status":"publish","type":"page","link":"https:\/\/craigswapp.com\/spanish\/abogado-lesiones-laborales-seattle\/","title":{"rendered":"Abogado de lesiones laborales en Seattle"},"content":{"rendered":"<br \/>\n<blockquote><p><em>Desafortunadamente, recuperar un arreglo por lesiones personales por un accidente laboral es dif\u00edcil. Para aumentar sus posibilidades de \u00e9xito, solicite los servicios de un abogado de lesiones laborales en Seattle.<\/em><\/p><\/blockquote>\n<p>Ya sea que experimente dolor de espalda debido a levantar un objeto pesado o que haya resultado herido en un accidente catastr\u00f3fico, pocas cosas son peores que lastimarse en el trabajo.<\/p>\n<p>Desafortunadamente, los trabajadores lesionados a menudo descubren que las opciones inmediatas de recuperaci\u00f3n financiera, como la compensaci\u00f3n a los trabajadores, hacen poco para dar cuenta del verdadero da\u00f1o que han experimentado. Sin embargo, algunas v\u00edctimas de lesiones laborales pueden ser elegibles para una compensaci\u00f3n total a trav\u00e9s de la ley de lesiones personales del estado de Washington.<\/p>\n<p>P\u00f3ngase en contacto con un abogado de lesiones laborales en Seattle de Craig Swapp &amp; Associates para ver qu\u00e9 tipo de ayuda puede ser elegible para recibir.<\/p>\n<h2>Partes que pueden ser demandadas en un caso de lesiones laborales<\/h2>\n<p>Es un concepto err\u00f3neo com\u00fan que las demandas por lesiones laborales solo pueden presentarse contra los empleadores. En realidad, cualquier parte que le cause da\u00f1o en el trabajo puede ser demandada en un caso de lesi\u00f3n laboral, incluidas las siguientes partes:<\/p>\n<ul>\n<li>Un fabricante de productos, en caso de que se haya lesionado mientras usaba su producto defectuoso en el trabajo<\/li>\n<li>El fabricante de una sustancia t\u00f3xica que te hace da\u00f1o<\/li>\n<li>Cualquier otro tercero que contribuya a su lesi\u00f3n laboral en Seattle<\/li>\n<\/ul>\n<p>Por lo general, las demandas por lesiones laborales se presentan contra empleadores que no ofrecen compensaciones a los trabajadores o que desempe\u00f1aron un papel sustancial, si no intencional, en la causa de su lesi\u00f3n.<\/p>\n<p>No olvide que la ley de prescripci\u00f3n del estado de Washington para casos de lesiones personales es de tres a\u00f1os, lo que significa que tiene tres a\u00f1os a partir de la fecha de su accidente para demandar en realidad.<\/p>\n<h2>Qu\u00e9 incluir en su reclamo<\/h2>\n<p>Para ganar da\u00f1os compensatorios en el tribunal, debe poder demostrar que las demandas establecidas en su reclamo tienen m\u00e9rito. Adem\u00e1s de documentar cualquier da\u00f1o f\u00edsico que haya sufrido, tambi\u00e9n deber\u00e1 revelar todas las p\u00e9rdidas que haya experimentado como resultado de su lesi\u00f3n laboral.<\/p>\n<p>Los ejemplos de p\u00e9rdidas que pueden aplicarse a su reclamo por lesiones laborales en Seattle incluyen lo siguiente:<\/p>\n<ul>\n<li>Gastos m\u00e9dicos<\/li>\n<li>P\u00e9rdida de salarios o potencial de ingresos<\/li>\n<li>Dolor y sufrimiento<\/li>\n<li>Estr\u00e9s emocional<\/li>\n<li>P\u00e9rdida del disfrute de la vida<\/li>\n<li>P\u00e9rdida de consorcio<\/li>\n<li>Calidad de vida empeorada<\/li>\n<\/ul>\n<p>A las v\u00edctimas de lesiones laborales se les permite no solo explicar c\u00f3mo les afectaron sus impedimentos en el pasado y el presente, sino c\u00f3mo creen que afectar\u00e1n su sustento en el futuro.<\/p>\n<h2>Otras consideraciones<\/h2>\n<p>Si bien el estado de Washington generalmente no limita el monto de los da\u00f1os que una v\u00edctima de lesiones laborales puede recibir, rara vez se espera recibir da\u00f1os punitivos, ya que estos solo se otorgan en los casos m\u00e1s atroces.<\/p>\n<p>Adem\u00e1s, es \u00fatil saber que todos los empleadores de Washington est\u00e1n obligados a proporcionar compensaci\u00f3n laboral a sus empleados, aunque se hacen algunas excepciones para quienes trabajan en ciertas capacidades.<\/p>\n<p>Por \u00faltimo, puede encontrar que su empleador -o cualquier otra parte responsable- querr\u00e1 establecerse fuera del tribunal, lo que tiene ventajas y desventajas. En el lado positivo, obtendr\u00e1 el efectivo que necesita r\u00e1pido; a la baja, la cantidad que terminar\u00e1 ser\u00e1 significativamente menor a la que recibir\u00eda de un veredicto judicial. Un abogado calificado puede ayudarlo a evaluar sus opciones.<\/p>\n<h2>Contratar a un abogado de lesiones laborales en Seattle<\/h2>\n<p>Las lesiones en el lugar de trabajo, incluso en los trabajos menos peligrosos, son sorprendentemente comunes. Si sufri\u00f3 una lesi\u00f3n en el trabajo, no permita que su da\u00f1o pase desapercibido.<\/p>\n<p>Para ayudar a asegurar que obtienes lo que mereces, haz equipo con un abogado de lesiones laborales en Seattle de Craig Swapp &amp; Associates. Ll\u00e1menos al 1-800-404-9000 o complete el formulario de contacto en la parte inferior de la p\u00e1gina.<\/p>\n","protected":false},"excerpt":{"rendered":"<p>Desafortunadamente, recuperar un arreglo por lesiones personales por un accidente laboral es dif\u00edcil. Para aumentar sus posibilidades de \u00e9xito, solicite los servicios de un abogado [&hellip;]<\/p>\n","protected":false},"author":2,"featured_media":0,"parent":0,"menu_order":0,"comment_status":"closed","ping_status":"closed","template":"","meta":{"_acf_changed":false,"inline_featured_image":false,"footnotes":""},"class_list":["post-9022","page","type-page","status-publish","hentry"],"acf":[],"_links":{"self":[{"href":"https:\/\/craigswapp.com\/spanish\/wp-json\/wp\/v2\/pages\/9022","targetHints":{"allow":["GET"]}}],"collection":[{"href":"https:\/\/craigswapp.com\/spanish\/wp-json\/wp\/v2\/pages"}],"about":[{"href":"https:\/\/craigswapp.com\/spanish\/wp-json\/wp\/v2\/types\/page"}],"author":[{"embeddable":true,"href":"https:\/\/craigswapp.com\/spanish\/wp-json\/wp\/v2\/users\/2"}],"replies":[{"embeddable":true,"href":"https:\/\/craigswapp.com\/spanish\/wp-json\/wp\/v2\/comments?post=9022"}],"version-history":[{"count":1,"href":"https:\/\/craigswapp.com\/spanish\/wp-json\/wp\/v2\/pages\/9022\/revisions"}],"predecessor-version":[{"id":10903,"href":"https:\/\/craigswapp.com\/spanish\/wp-json\/wp\/v2\/pages\/9022\/revisions\/10903"}],"wp:attachment":[{"href":"https:\/\/craigswapp.com\/spanish\/wp-json\/wp\/v2\/media?parent=9022"}],"curies":[{"name":"wp","href":"https:\/\/api.w.org\/{rel}","templated":true}]}}