{"id":9020,"date":"2017-11-14T08:07:03","date_gmt":"2017-11-14T15:07:03","guid":{"rendered":"https:\/\/www.craigswapp.com\/?page_id=9020"},"modified":"2021-05-12T13:45:38","modified_gmt":"2021-05-12T13:45:38","slug":"abogado-negligencia-medica-seattle","status":"publish","type":"page","link":"https:\/\/craigswapp.com\/spanish\/abogado-negligencia-medica-seattle\/","title":{"rendered":"Abogado de negligencia m\u00e9dica en Seattle"},"content":{"rendered":"<br \/>\n<blockquote><p><em>Nadie deber\u00eda sufrir de la mano de un profesional m\u00e9dico, pero todav\u00eda sucede de manera alarmante a menudo. Si usted es una de las muchas v\u00edctimas de negligencia m\u00e9dica, comun\u00edquese con un abogado de negligencia m\u00e9dica en Seattle.<\/em><\/p><\/blockquote>\n<p>No importa cu\u00e1n cordial e inteligente sea su m\u00e9dico, \u00e9l o ella sigue siendo humano, lo que significa que puede cometer errores costosos, ya sea por estr\u00e9s, inexperiencia o parcialidad.<\/p>\n<p>Si bien es tentador descartar los errores de un m\u00e9dico, r\u00e1pidamente se dar\u00e1 cuenta de que su salud no se restaurar\u00e1 sola, sino que se necesita algo m\u00e1s.<\/p>\n<p>Afortunadamente, las leyes de negligencia m\u00e9dica del estado de Washington permiten a aquellos que han sufrido a manos de un m\u00e9dico recibir una compensaci\u00f3n por el da\u00f1o al que han sido sometidos.<\/p>\n<p>Para tener una idea de lo que su caso puede valer, contacte a un abogado de negligencia m\u00e9dica en Seattle de Craig Swapp &amp; Associates.<\/p>\n<h2>Ejemplos de negligencia m\u00e9dica<\/h2>\n<p>Los casos de negligencia m\u00e9dica pueden tomar una variedad de formas, que de alguna manera refleja todo lo que puede salir mal durante un procedimiento, o incluso un chequeo regular.<\/p>\n<p>Algunos ejemplos de negligencia m\u00e9dica en Seattle incluyen los siguientes:<\/p>\n<ul>\n<li><strong>Tratamiento inapropiado<\/strong> &#8211; los m\u00e9dicos nunca deben brindar un tratamiento discriminatorio o descuidado a un paciente por ning\u00fan motivo, aunque tal abuso ocurre ocasionalmente. Demostrar que su m\u00e9dico lo trat\u00f3 de manera diferente a como tratar\u00eda a un paciente promedio puede proporcionar evidencia s\u00f3lida de negligencia m\u00e9dica para su demanda por negligencia m\u00e9dica.<\/li>\n<li><strong>Tergiversaci\u00f3n de credenciales &#8211;\u00a0<\/strong>aunque es raro, algunos m\u00e9dicos han quedado atrapados en el pasado por inflar o fabricar por completo sus credenciales, lo que representa una forma de enga\u00f1o. Si una lesi\u00f3n resulta de esta falta de experiencia, es posible que tenga un reclamo de mala praxis m\u00e9dica viable en sus manos.<\/li>\n<li><strong>Fallo en el diagn\u00f3stico &#8211;\u00a0<\/strong>no diagnosticar una enfermedad o diagnosticarla como algo que no lo es puede generar responsabilidad por parte de un profesional m\u00e9dico. Si puede demostrar que recibir el diagn\u00f3stico adecuado habr\u00eda evitado un mayor deterioro de la salud o complicaciones, su caso probablemente tendr\u00e1 una mejor oportunidad de \u00e9xito.<\/li>\n<li><strong>Falta de advertencia &#8211;<\/strong>\u00a0si presentara la opci\u00f3n de someterse a un procedimiento, el m\u00e9dico debe explicarle cualquier riesgo potencial. Si el m\u00e9dico no lo hace y luego se lesiona como resultado del procedimiento, puede argumentar que no habr\u00eda tomado la decisi\u00f3n de seguir adelante como lo hizo, permiti\u00e9ndole demandar por da\u00f1os y perjuicios.<\/li>\n<\/ul>\n<h2>Leyes relevantes<\/h2>\n<p>El estado de Washington tiene una serie de leyes relativas a c\u00f3mo y cu\u00e1ndo las demandas por negligencia m\u00e9dica pueden ser presentadas y litigadas. Por ejemplo, querr\u00e1 conocer el estatuto de limitaciones de Washington en casos de negligencia m\u00e9dica, que es de tres a\u00f1os.<\/p>\n<p>El \u00abestatuto de limitaciones\u00bb de un caso es una forma elegante de decir la fecha en que se debe presentar una demanda, que se mide desde el d\u00eda en que ocurri\u00f3 la lesi\u00f3n.<\/p>\n<p>Tenga en cuenta que si las lesiones resultantes de un caso de negligencia m\u00e9dica se descubren despu\u00e9s de que estos tres a\u00f1os ya hayan transcurrido, se le otorgar\u00e1 un a\u00f1o adicional para presentar su reclamo por negligencia m\u00e9dica en Seattle.<\/p>\n<p>Otra cosa a tener en cuenta es el hecho de que Washington no impone topes a la cantidad que una v\u00edctima de lesiones puede recuperar en una demanda por negligencia m\u00e9dica, como resultado de una decisi\u00f3n de la Corte Suprema a fines de la d\u00e9cada de 1980.<\/p>\n<p>Debido a que los da\u00f1os son efectivamente eliminados, las v\u00edctimas de negligencia m\u00e9dica en Seattle a menudo son elegibles para recibir todo lo que necesitan, un privilegio que no debe pasarse por alto.<\/p>\n<p>Sin embargo, un obst\u00e1culo para muchos que presentan demandas por negligencia m\u00e9dica es el requisito de que demuestren que el m\u00e9dico en cuesti\u00f3n fue negligente, lo que a menudo requiere el testimonio de un experto. Afortunadamente, este testimonio a menudo simplemente implica obtener un m\u00e9dico de la misma especialidad para validar los m\u00e9ritos de sus quejas.<\/p>\n<p>En general, hay mucho que considerar, por lo que recomendamos contactar a un abogado de negligencia m\u00e9dica en Seattle cuando decida examinar m\u00e1s de cerca sus opciones.<\/p>\n<h2>Llame a un abogado de negligencia m\u00e9dica en Seattle<\/h2>\n<p>Nadie espera sufrir lesiones f\u00edsicas y p\u00e9rdidas financieras debido a un profesional m\u00e9dico; tal da\u00f1o es precisamente lo que un m\u00e9dico debe ayudar a evitar. No obstante, algunos m\u00e9dicos, ya sea a prop\u00f3sito o sin cuidado, violan los est\u00e1ndares de su profesi\u00f3n y perjudican a sus pacientes en el proceso.<\/p>\n<p>Estas son las buenas noticias: si un m\u00e9dico, enfermero u otro profesional m\u00e9dico te ha lastimado, es probable que puedas recibir ayuda en forma de da\u00f1os compensatorios.<\/p>\n<p>Para obtener lo que necesita y merece, contacte a un abogado de negligencia m\u00e9dica en Seattle de Craig Swapp &amp; Associates. Ll\u00e1menos al 1-800-404-9000 para programar una consulta gratuita. Alternativamente, puede ponerse en contacto al completar el formulario de contacto al final de esta p\u00e1gina.<\/p>\n","protected":false},"excerpt":{"rendered":"<p>Nadie deber\u00eda sufrir de la mano de un profesional m\u00e9dico, pero todav\u00eda sucede de manera alarmante a menudo. Si usted es una de las muchas [&hellip;]<\/p>\n","protected":false},"author":2,"featured_media":0,"parent":0,"menu_order":0,"comment_status":"closed","ping_status":"closed","template":"","meta":{"_acf_changed":false,"inline_featured_image":false,"footnotes":""},"class_list":["post-9020","page","type-page","status-publish","hentry"],"acf":[],"_links":{"self":[{"href":"https:\/\/craigswapp.com\/spanish\/wp-json\/wp\/v2\/pages\/9020","targetHints":{"allow":["GET"]}}],"collection":[{"href":"https:\/\/craigswapp.com\/spanish\/wp-json\/wp\/v2\/pages"}],"about":[{"href":"https:\/\/craigswapp.com\/spanish\/wp-json\/wp\/v2\/types\/page"}],"author":[{"embeddable":true,"href":"https:\/\/craigswapp.com\/spanish\/wp-json\/wp\/v2\/users\/2"}],"replies":[{"embeddable":true,"href":"https:\/\/craigswapp.com\/spanish\/wp-json\/wp\/v2\/comments?post=9020"}],"version-history":[{"count":1,"href":"https:\/\/craigswapp.com\/spanish\/wp-json\/wp\/v2\/pages\/9020\/revisions"}],"predecessor-version":[{"id":11277,"href":"https:\/\/craigswapp.com\/spanish\/wp-json\/wp\/v2\/pages\/9020\/revisions\/11277"}],"wp:attachment":[{"href":"https:\/\/craigswapp.com\/spanish\/wp-json\/wp\/v2\/media?parent=9020"}],"curies":[{"name":"wp","href":"https:\/\/api.w.org\/{rel}","templated":true}]}}