{"id":6618,"date":"2016-12-13T10:20:49","date_gmt":"2016-12-13T17:20:49","guid":{"rendered":"http:\/\/craigswapp1.wpengine.com\/?page_id=6618"},"modified":"2023-08-15T17:16:49","modified_gmt":"2023-08-15T17:16:49","slug":"como-tratar-mi-reclamacion-de-dano-de-propiedad","status":"publish","type":"page","link":"https:\/\/craigswapp.com\/spanish\/como-tratar-mi-reclamacion-de-dano-de-propiedad\/","title":{"rendered":"C\u00f3mo tratar mi reclamo por da\u00f1os a la propiedad personal"},"content":{"rendered":"<h2>Gu\u00eda para Tratar en su Reclamaci\u00f3n de Da\u00f1o a Propiedad<\/h2>\n<p>Despu\u00e9s un accidente, la gente tienen dos preocupaciones grandes: Primero, recibir la ayuda que necesita para pagar por el tratamiento y saneamiento de sus lesiones, y segundo, la reparaci\u00f3n o reemplazo de su veh\u00edculo. Con Una Llamada a Craig Swapp &amp; Associates, ayudamos nuestros clientes recibir la atenci\u00f3n m\u00e9dica adecuada para sanar y tambi\u00e9n obtener el alivio financiero que necesita para seguir adelante en su vida.<\/p>\n<p>Nosotros tambi\u00e9n podemos guiarle durante el proceso de arreglar o reemplazar su veh\u00edculo. Por su beneficio hemos creado esa gu\u00eda que contestara las preguntas m\u00e1s comunes.<\/p>\n<p><strong>Dos opciones<\/strong>:<\/p>\n<ol>\n<li>Usar su propio seguro\n<ul>\n<li>Pro: m\u00e1s r\u00e1pido, tratado de una manera justa, mayor valor para la p\u00e9rdida total<\/li>\n<li>Con: es posible que deba pagar un deducible<\/li>\n<\/ul>\n<\/li>\n<li>Utilicar el seguro de la otra persona\n<ul>\n<li>Pro: sin deducible<\/li>\n<li>Con: toma m\u00e1s tiempo, probablemete sera tratado mal por el seguro<\/li>\n<\/ul>\n<\/li>\n<\/ol>\n<p><strong>Dos escenarios<\/strong> (la compa\u00f1\u00eda de seguros decidir\u00e1 si es reparable o p\u00e9rdida total)<\/p>\n<ol>\n<li>El automovil es reparable\n<ul>\n<li>P\u00f3ngase en contacto con la compa\u00f1\u00eda de seguros para iniciar el proceso. Deben iniciar el proceso para alquiler un autom\u00f3vil y indicarle que lleve su automovile a un taller. Puede elegir cualquier taller. No tiene que ir con la recomendaci\u00f3n del seguro. Una vez que su autom\u00f3vil est\u00e1 reparado, devuelva el automovile de alquiler y recoge su automovil.<\/li>\n<\/ul>\n<\/li>\n<li>El automovil es una p\u00e9rdida total\n<ul>\n<li>P\u00f3ngase en contacto con la compa\u00f1\u00eda de seguros para iniciar el proceso. Deben iniciar el proceso para alquiler un automovil mientras eval\u00faan el valor de su automovil. Se le debe el valor de mercado de su automovil en el momento justo antes de la colisi\u00f3n. La compa\u00f1\u00eda de seguro proveera un informe de valoraci\u00f3n que enumera todas las caracter\u00edsticas de su automovil. Aseg\u00farese de que la lista sea precisa. Si no es as\u00ed, solicite que se corrija el informe (p. ej., el informe enumera que no hay ventanas el\u00e9ctricas cuando su autom\u00f3vil realmente tiene ventanas el\u00e9ctricas). Luego, el informe enumerar\u00e1 automoviles comparables en su \u00e1rea. Mire la lista y comp\u00e1rela con un sitio local de anuncios clasificados o un comerciante de autom\u00f3viles en l\u00ednea. Si el valor que indican est\u00e1 cerca de lo que est\u00e1 viendo en l\u00ednea, entonces es mejor aceptar la oferta y obtener un automovil nuevo. Si el valor no es una cantidad estimada, entonces debe encontrar automoviles para venta que sean similares a su automovil (por ejemplo, la misma marca y modelo\/equipo) para enviar a la compa\u00f1\u00eda de seguros para que tenga en cuenta al determinar el valor. Una vez que se hace la oferta, por lo general, tendr\u00e1 algunos d\u00edas para obtener un autom\u00f3vil nuevo antes de que tiene que devuelva el automovil de alquiler. Confirma esa fecha con la compa\u00f1\u00eda de seguros para que no haya cargos inesperados.<\/li>\n<\/ul>\n<\/li>\n<\/ol>\n","protected":false},"excerpt":{"rendered":"<p>Gu\u00eda para Tratar en su Reclamaci\u00f3n de Da\u00f1o a Propiedad Despu\u00e9s un accidente, la gente tienen dos preocupaciones grandes: Primero, recibir la ayuda que necesita [&hellip;]<\/p>\n","protected":false},"author":2,"featured_media":0,"parent":0,"menu_order":0,"comment_status":"closed","ping_status":"closed","template":"","meta":{"_acf_changed":false,"inline_featured_image":false,"footnotes":""},"class_list":["post-6618","page","type-page","status-publish","hentry"],"acf":[],"_links":{"self":[{"href":"https:\/\/craigswapp.com\/spanish\/wp-json\/wp\/v2\/pages\/6618","targetHints":{"allow":["GET"]}}],"collection":[{"href":"https:\/\/craigswapp.com\/spanish\/wp-json\/wp\/v2\/pages"}],"about":[{"href":"https:\/\/craigswapp.com\/spanish\/wp-json\/wp\/v2\/types\/page"}],"author":[{"embeddable":true,"href":"https:\/\/craigswapp.com\/spanish\/wp-json\/wp\/v2\/users\/2"}],"replies":[{"embeddable":true,"href":"https:\/\/craigswapp.com\/spanish\/wp-json\/wp\/v2\/comments?post=6618"}],"version-history":[{"count":3,"href":"https:\/\/craigswapp.com\/spanish\/wp-json\/wp\/v2\/pages\/6618\/revisions"}],"predecessor-version":[{"id":2014499,"href":"https:\/\/craigswapp.com\/spanish\/wp-json\/wp\/v2\/pages\/6618\/revisions\/2014499"}],"wp:attachment":[{"href":"https:\/\/craigswapp.com\/spanish\/wp-json\/wp\/v2\/media?parent=6618"}],"curies":[{"name":"wp","href":"https:\/\/api.w.org\/{rel}","templated":true}]}}