{"id":6559,"date":"2016-11-30T22:10:29","date_gmt":"2016-12-01T05:10:29","guid":{"rendered":"http:\/\/craigswapp1.wpengine.com\/?page_id=6559"},"modified":"2021-05-12T13:45:28","modified_gmt":"2021-05-12T13:45:28","slug":"abogado-de-negligencia-medica-en-salt-lake-city","status":"publish","type":"page","link":"https:\/\/craigswapp.com\/spanish\/abogado-de-negligencia-medica-en-salt-lake-city\/","title":{"rendered":"Abogado de negligencia m\u00e9dica en Salt Lake City"},"content":{"rendered":"<p>\nUna de las cosas m\u00e1s dif\u00edciles de hacer es determinar si usted tiene un reclamo por negligencia m\u00e9dica. Hay tantos t\u00e9rminos m\u00e9dicos diferentes, y puede ser dif\u00edcil determinar que sali\u00f3 mal. Debido a que usted no es un m\u00e9dico, es muy f\u00e1cil dudar de s\u00ed mismo.<\/p>\n<p>Sin embargo, los m\u00e9dicos merecen ser responsabilizados por sus acciones tambi\u00e9n. Si usted o alguien que usted conoce ha sido v\u00edctima de negligencia m\u00e9dica, podr\u00eda tener derecho a una compensaci\u00f3n. Con la ayuda de un abogado de negligencia m\u00e9dica en Salt Lake City, puede determinar si califica para demandar al hospital donde fue tratado.<\/p>\n<h2>\u00bfCu\u00e1ndo puedo presentar mi reclamo?<\/h2>\n<p>La primera cosa que usted debe hacer si usted piensa que tiene una <a href=\"https:\/\/www.npdb.hrsa.gov\/\" target=\"_blank\" rel=\"noopener noreferrer\">demanda por negligencia<\/a>, es ponerse en contacto con un abogado de negligencia m\u00e9dica en Salt Lake City. Debido a la estatua de limitaciones, debe presentar su reclamo dentro de los dos a\u00f1os de la fecha del incidente.<\/p>\n<p>Esto es lo mismo en el caso de una <a href=\"https:\/\/craigswapp.com\/spanish\/es\/abogado-de-muerta-injusta-en-salt-lake-city\/\">muerte injusta<\/a>. Sin embargo, cuanto m\u00e1s r\u00e1pido se reporta el incidente, m\u00e1s pronto podr\u00e1 tener resoluci\u00f3n. Su abogado de negligencia m\u00e9dica en Salt Lake City, puede ayudarle a reunir toda la informaci\u00f3n necesaria para determinar su caso.<\/p>\n<h2>Trabajar con un abogado de negligencia m\u00e9dica<\/h2>\n<p>Su abogado de negligencia m\u00e9dica en Salt Lake City utilizar\u00e1 toda su documentaci\u00f3n para apoyar su caso. Debido a esto, es importante que traiga toda la documentaci\u00f3n que pueda, a su consulta. Esto debe incluir informes policiales, informes m\u00e9dicos, el tiempo del incidente, notas generales del m\u00e9dico, testimonios de testigos, nombres de todos los m\u00e9dicos y cualquier otra informaci\u00f3n relevante.<\/p>\n<p>\u00a1Si no tiene toda esta informaci\u00f3n, no se preocupe! Su abogado de negligencia m\u00e9dica en Salt Lake City, puede usar lo que tiene, y juntos pueden localizar la informaci\u00f3n necesaria.<\/p>\n<h2>\u00bfC\u00f3mo voy a ser compensado?<\/h2>\n<p>La primera cosa que usted y su abogado de negligencia m\u00e9dica en Salt Lake City har\u00e1, es presentar su notificaci\u00f3n de intenci\u00f3n (NDI). En el estado de Utah, usted debe presentar esto a un panel de pre-litigio. Esto sirve como un punto de revisi\u00f3n. Una vez que su caso vaya a juicio, las siguientes cosas determinar\u00e1n la cantidad que usted recibe en el arrego.<\/p>\n<ul>\n<li style=\"font-weight: 400;\">Lo que su tratamiento m\u00e9dico costar\u00e1 ahora y en el futuro.<\/li>\n<li style=\"font-weight: 400;\">Efectos del dolor y del sufrimiento.<\/li>\n<li style=\"font-weight: 400;\">Sustituci\u00f3n de la p\u00e9rdida de ingresos durante la recuperaci\u00f3n y en el futuro.<\/li>\n<li style=\"font-weight: 400;\">Los cargos criminales asociados con la conducta m\u00e9dica.<\/li>\n<\/ul>\n<h2>\u00bfTengo un caso de negligencia m\u00e9dica?<\/h2>\n<p>La comprensi\u00f3n de la informaci\u00f3n sobre la presentaci\u00f3n de demandas por negligencia m\u00e9dica puede ser confuso. Hay tanta documentaci\u00f3n para presentar y encontrar. Dependiendo del estado en que vive, tambi\u00e9n hay diferentes procesos que debe seguir.<\/p>\n<p>Con la ayuda de un abogado calificado, usted puede centrarse en su curaci\u00f3n mientras se centran en su futuro. Aqu\u00ed en Craig Swapp &amp; Associates estamos listos para presentar su caso.<\/p>\n<p>Ll\u00e1menos ahora al 800-404-9000 y averig\u00fce qu\u00e9 podemos hacer para obtener la compensaci\u00f3n que se merece. Seamos la primera y \u00faltima llamada que hagas, para encontrar un equipo de personas que est\u00e9n listos para luchar por lo que te mereces.<\/p>\n","protected":false},"excerpt":{"rendered":"<p>Una de las cosas m\u00e1s dif\u00edciles de hacer es determinar si usted tiene un reclamo por negligencia m\u00e9dica. Hay tantos t\u00e9rminos m\u00e9dicos diferentes, y puede [&hellip;]<\/p>\n","protected":false},"author":2,"featured_media":0,"parent":0,"menu_order":0,"comment_status":"open","ping_status":"closed","template":"","meta":{"_acf_changed":false,"inline_featured_image":false,"footnotes":""},"class_list":["post-6559","page","type-page","status-publish","hentry"],"acf":[],"_links":{"self":[{"href":"https:\/\/craigswapp.com\/spanish\/wp-json\/wp\/v2\/pages\/6559","targetHints":{"allow":["GET"]}}],"collection":[{"href":"https:\/\/craigswapp.com\/spanish\/wp-json\/wp\/v2\/pages"}],"about":[{"href":"https:\/\/craigswapp.com\/spanish\/wp-json\/wp\/v2\/types\/page"}],"author":[{"embeddable":true,"href":"https:\/\/craigswapp.com\/spanish\/wp-json\/wp\/v2\/users\/2"}],"replies":[{"embeddable":true,"href":"https:\/\/craigswapp.com\/spanish\/wp-json\/wp\/v2\/comments?post=6559"}],"version-history":[{"count":2,"href":"https:\/\/craigswapp.com\/spanish\/wp-json\/wp\/v2\/pages\/6559\/revisions"}],"predecessor-version":[{"id":11276,"href":"https:\/\/craigswapp.com\/spanish\/wp-json\/wp\/v2\/pages\/6559\/revisions\/11276"}],"wp:attachment":[{"href":"https:\/\/craigswapp.com\/spanish\/wp-json\/wp\/v2\/media?parent=6559"}],"curies":[{"name":"wp","href":"https:\/\/api.w.org\/{rel}","templated":true}]}}