{"id":6551,"date":"2016-11-30T20:29:54","date_gmt":"2016-12-01T03:29:54","guid":{"rendered":"http:\/\/craigswapp1.wpengine.com\/?page_id=6551"},"modified":"2021-05-06T16:55:27","modified_gmt":"2021-05-06T16:55:27","slug":"abogado-de-accidentes-de-camiones-en-boise","status":"publish","type":"page","link":"https:\/\/craigswapp.com\/spanish\/abogado-de-accidentes-de-camiones-en-boise\/","title":{"rendered":"Abogado de accidentes de camiones en Boise"},"content":{"rendered":"<p>\n\u00bfSab\u00eda usted que hay leyes espec\u00edficas en nuestro pa\u00eds para los conductores de camiones? Debido a esto, si usted o alguien que usted conoce fue v\u00edctima de un accidente de cami\u00f3n, podr\u00eda calificar para una compensaci\u00f3n. Con cualquier accidente hay varias cosas que contribuyen a su accidente. Cosas como d\u00f3nde sucedi\u00f3 el accidente y cu\u00e1nto tiempo el conductor del cami\u00f3n hab\u00eda estado en la carretera, todos pueden determinar qui\u00e9n ten\u00eda la culpa.<\/p>\n<p>Comprender la causa, y las cosas posibles que afect\u00f3 su accidente de cami\u00f3n puede ser dif\u00edcil de hacer. Con la ayuda de un abogado de <a href=\"https:\/\/www.fmcsa.dot.gov\/safety\/data-and-statistics\/large-truck-and-bus-crash-facts\" target=\"_blank\" rel=\"noopener noreferrer\">accidentes de camiones<\/a> en Boise, se puede averiguar cu\u00e1les son sus opciones. Aprender acerca de sus opciones puede hacer una diferencia en el resultado de su reclamo, y puede ayudarle a entender sus derechos como v\u00edctima de un accidente de cami\u00f3n.<\/p>\n<p>&nbsp;<\/p>\n<h2>\u00bfQu\u00e9 caus\u00f3 su accidente de cami\u00f3n?<\/h2>\n<p>La causa de su <a href=\"https:\/\/craigswapp.com\/spanish\/es\/abogado-de-lesiones-personales-en-boise\/\">accidente<\/a>, es la raz\u00f3n por la que sucedi\u00f3. Hay muchas razones diferentes por qu\u00e9 los accidentes suceden. Pero, identificando la causa de la suya, determinar\u00e1 qui\u00e9n fue el culpable y el tipo de compensaci\u00f3n que merece.<\/p>\n<p>Por ejemplo, con accidentes de camiones, puede ser culpa de la compa\u00f1\u00eda de camiones y no del conductor. La causa de su accidente es lo que su abogado de accidentes de camiones en Boise utilizar\u00e1 para apoyar su reclamo.<\/p>\n<p>&nbsp;<\/p>\n<h2>Causas m\u00e1s Comunes de accidentes de camiones<\/h2>\n<ul>\n<li style=\"font-weight: 400;\"><strong>Carga incorrecta<\/strong> \u2013 Esto es cuando la compa\u00f1\u00eda de camiones no asegura que la carga que el cami\u00f3n est\u00e1 llevando sigue la <a href=\"http:\/\/ops.fhwa.dot.gov\/Freight\/sw\/index.htm\" target=\"_blank\" rel=\"noopener noreferrer\">ley federal de camiones<\/a>.<\/li>\n<li style=\"font-weight: 400;\"><strong>Condiciones naturales<\/strong>\u00a0\u2013 Esto es cuando el clima crea condiciones peligrosas de la carretera que causan el accidente.<\/li>\n<li style=\"font-weight: 400;\"><strong>Entrenamiento del conductor<\/strong> \u2013 Esto es cuando el conductor no ha sido entrenado adecuadamente para usar la maquinaria del cami\u00f3n, o no tiene la licencia requerida.<\/li>\n<li style=\"font-weight: 400;\"><strong>Operaciones del conductor<\/strong> \u2013 Esto es cuando el conductor no ha seguido las leyes federales para detenerse y descansar. Esto tambi\u00e9n sucede cuando el conductor toma su cami\u00f3n en una carretera donde su carga es demasiado pesada.<\/li>\n<li style=\"font-weight: 400;\"><strong>Compensaci\u00f3n por entrega r\u00e1pida<\/strong> \u2013 Esto es lo que sucede cuando la compa\u00f1\u00eda de camiones recompensa a los empleados por la entrega r\u00e1pida, alent\u00e1ndolos a la velocidad en la carretera.<\/li>\n<\/ul>\n<p>&nbsp;<\/p>\n<h2>\u00a1Su accidente tiene nuestra atenci\u00f3n!<\/h2>\n<p>Un accidente de cami\u00f3n en Boise, puede ser dif\u00edcil de manejar por su cuenta. A diferencia de los accidentes de tr\u00e1fico regulares, tambi\u00e9n tiene que lidiar con la compa\u00f1\u00eda de camiones. Los abogados de accidentes de camiones en Craig Swapp &amp; Associates, est\u00e1n listos para ayudarle a luchar por la compensaci\u00f3n que se merece.<\/p>\n<p>Su abogado puede hablar con la compa\u00f1\u00eda de seguros, recuperar documentaci\u00f3n m\u00e9dica, informes policiales y responsabilizar a la compa\u00f1\u00eda de camiones. Todo lo que tiene que hacer es dejarnos ayudar. Ll\u00e1menos ahora al 800-404-9000 y d\u00e9jenos ayudarle a obtener la compensaci\u00f3n que usted se merece.<\/p>\n<p>Si usted o alguien que conoce ha sido v\u00edctima de un accidente de cami\u00f3n, estamos aqu\u00ed y estamos listos para encontrar sus opciones y defender sus derechos.<\/p>\n","protected":false},"excerpt":{"rendered":"<p>\u00bfSab\u00eda usted que hay leyes espec\u00edficas en nuestro pa\u00eds para los conductores de camiones? Debido a esto, si usted o alguien que usted conoce fue [&hellip;]<\/p>\n","protected":false},"author":2,"featured_media":0,"parent":0,"menu_order":0,"comment_status":"open","ping_status":"closed","template":"","meta":{"_acf_changed":false,"inline_featured_image":false,"footnotes":""},"class_list":["post-6551","page","type-page","status-publish","hentry"],"acf":[],"_links":{"self":[{"href":"https:\/\/craigswapp.com\/spanish\/wp-json\/wp\/v2\/pages\/6551","targetHints":{"allow":["GET"]}}],"collection":[{"href":"https:\/\/craigswapp.com\/spanish\/wp-json\/wp\/v2\/pages"}],"about":[{"href":"https:\/\/craigswapp.com\/spanish\/wp-json\/wp\/v2\/types\/page"}],"author":[{"embeddable":true,"href":"https:\/\/craigswapp.com\/spanish\/wp-json\/wp\/v2\/users\/2"}],"replies":[{"embeddable":true,"href":"https:\/\/craigswapp.com\/spanish\/wp-json\/wp\/v2\/comments?post=6551"}],"version-history":[{"count":1,"href":"https:\/\/craigswapp.com\/spanish\/wp-json\/wp\/v2\/pages\/6551\/revisions"}],"predecessor-version":[{"id":10764,"href":"https:\/\/craigswapp.com\/spanish\/wp-json\/wp\/v2\/pages\/6551\/revisions\/10764"}],"wp:attachment":[{"href":"https:\/\/craigswapp.com\/spanish\/wp-json\/wp\/v2\/media?parent=6551"}],"curies":[{"name":"wp","href":"https:\/\/api.w.org\/{rel}","templated":true}]}}