{"id":6503,"date":"2016-11-22T14:11:38","date_gmt":"2016-11-22T21:11:38","guid":{"rendered":"http:\/\/craigswapp1.wpengine.com\/?page_id=6503"},"modified":"2021-05-12T13:49:26","modified_gmt":"2021-05-12T13:49:26","slug":"abogado-de-la-perdida-del-pelo-por-taxotere","status":"publish","type":"page","link":"https:\/\/craigswapp.com\/spanish\/abogado-de-responsabilidad-de-productos\/abogado-de-la-perdida-del-pelo-por-taxotere\/","title":{"rendered":"Abogado de p\u00e9rdida del pelo por Taxotere"},"content":{"rendered":"<p>\nEl f\u00e1rmaco de quimioterapia de c\u00e1ncer de mama, Taxotere ha sido perturbadoramente ligado a la p\u00e9rdida permanente de cabello (alopecia permanente).<\/p>\n<p>Si usted o un ser querido tom\u00f3 Taxotere como parte de su quimioterapia y experiment\u00f3 alopecia, <i>esa p\u00e9rdida de cabello podr\u00eda ser permanente<\/i>. Un desarrollo inesperado y devastador para las muchas mujeres que fueron tratadas con Taxotere.<\/p>\n<p>Las v\u00edctimas de Taxotere reportan una disminuci\u00f3n en la calidad de vida, incluyendo:<\/p>\n<ul>\n<li><i>Disminuci\u00f3n de las relaciones personales y profesionales<\/i><\/li>\n<li><em>P\u00e9rdida de autoestima<\/em><\/li>\n<li><em>Vida social inc\u00f3moda<\/em><\/li>\n<\/ul>\n<p>La disminuci\u00f3n de la calidad de vida puede incluso conducir a una <i>posible depresi\u00f3n<\/i>.<\/p>\n<p>Es especialmente doloroso cuando la persona que pasa con la quimioterapia y la p\u00e9rdida posterior del pelo es su hija, su esposa, su madre &#8230;<\/p>\n<p>O t\u00fa.<\/p>\n<p>Miles de mujeres estadounidenses son salvadas por el proceso de quimioterapia y esperamos con ansias el regreso de su cabello en su belleza natural y plenitud.<\/p>\n<p>Pero si usted o su ser querido tom\u00f3 la droga Taxotere, <i>ese pelo puede no volver a crecer<\/i>.<\/p>\n<p>El fabricante de Taxotere, Sanofi-Aventis, es culpado por no advertir a los m\u00e9dicos y pacientes potenciales sobre el riesgo de p\u00e9rdida permanente de cabello al tomar el medicamento. Seg\u00fan los sorprendentes hallazgos de la FDA, antes de diciembre de 2015, la etiqueta de Sanofi-Aventis en Taxotere lee vagamente que \u00abel cabello generalmente crece de nuevo\u00bb, aunque 2005 estudios sugieren que hasta el 10% de los pacientes prescritos con Taxotere hab\u00edan sufrido alopecia permanente.<\/p>\n<p>Eso es 10 a\u00f1os que pacientes y sus m\u00e9dicos fueron con ning\u00fan conocimiento de los posibles efectos secundarios de la p\u00e9rdida de cabello permanente asociada a tomar Taxotere.<\/p>\n<p>En Craig Swapp &amp; Associates estamos comprometidos a conseguir una soluci\u00f3n justa para sus sufrimientos emocionales de p\u00e9rdida permanente de cabello debido al uso de Taxotere. Comun\u00edquese con nosotros llamando a nuestros experimentados abogados de Taxotere al <a href=\"tel:18004049000\">1-800-404-9000<\/a>, o d\u00edganos su experiencia rellenando nuestro <a href=\"https:\/\/craigswapp.com\/spanish\/es\/\">formulario por sitio web<\/a>.<\/p>\n<p>&nbsp;<\/p>\n<h2>\u00bfQu\u00e9 es Taxotere?<\/h2>\n<p>Taxotere (docetaxel) es un f\u00e1rmaco de quimioterapia, fabricado por Sanofi-Aventis. El f\u00e1rmaco se administra por v\u00eda intravenosa, dise\u00f1ado para atacar c\u00e9lulas cancerosas durante la mitosis (la divisi\u00f3n de las c\u00e9lulas), y ataca a las c\u00e9lulas cancerosas durante las diversas etapas de la divisi\u00f3n. El objetivo es evitar que el c\u00e1ncer se multiplique y causar mayor da\u00f1o al paciente.<\/p>\n<p>Originalmente comercializado como m\u00e1s fuerte que su rival, Taxol, Taxotere se enfrent\u00f3 a una advertencia de la FDA despu\u00e9s de que los estudios no mostraron pruebas sustanciales a esa afirmaci\u00f3n. La FDA sigui\u00f3 con una demanda de que los fabricantes actualizan su etiqueta para revelar la posibilidad de p\u00e9rdida permanente de cabello, pero eso no ocurri\u00f3 hasta los finales de 2015.<\/p>\n<p>La realidad es que muchas mujeres podr\u00edan haberse evitado el devastador dolor emocional causado por la alopecia permanente eligiendo el f\u00e1rmaco de quimioterapia alternativo igual de eficaz (como Taxol), pero esto no sucedi\u00f3 ya que Sanofi-Aventis no aplic\u00f3 el etiquetado necesario a Taxotere.<\/p>\n<p>Si tiene preguntas sobre Taxotere, y es efecto secundario preocupante de la p\u00e9rdida permanente del cabello, no dude en ponerse en contacto con los abogados de Taxotere con experiencia de Craig Swapp &amp; Associates. Explique su historia en nuestro <a href=\"https:\/\/craigswapp.com\/spanish\/es\/\">formulario de sitio web<\/a>, o ll\u00e1menos al <a href=\"tel:18004049000\">1-800-404-9000<\/a>.<\/p>\n<p>&nbsp;<\/p>\n<h2>\u00bfHa tomado usted o un ser querido Taxotere y ha sufrido una p\u00e9rdida permanente de cabello (alopecia permanente)?<\/h2>\n<p>Si es as\u00ed, usted merece una compensaci\u00f3n financiera por:<\/p>\n<ul>\n<li><i>Su sufrimiento emocional<\/i><\/li>\n<li><em>El comportamiento negligente del fabricante de medicamentos<\/em><\/li>\n<li><em>Cualquier factura m\u00e9dica que la alopecia permanente haya causado<\/em><\/li>\n<\/ul>\n<p>Usted necesita un abogado con experiencia para obtener la compensaci\u00f3n financiera que se merece.<\/p>\n<p>Por favor, si usted o alguien a quien usted ama ha experimentado la p\u00e9rdida permanente del pelo porque tom\u00f3 Taxotere, llame a los abogados experimentados de Taxotere de Craig Swapp &amp; Associates al 800-404-9000, o llene nuestro <a href=\"https:\/\/craigswapp.com\/spanish\/es\/\">formulario por sitio web<\/a>.<\/p>\n<p>As\u00ed es como le ayudamos a recibir una compensaci\u00f3n justa y completa por el da\u00f1o emocional causado por el uso de Taxotere.<\/p>\n<p>Despu\u00e9s de contarnos su historia, luchas y dificultades, nuestro experimentado abogado farmac\u00e9utico evaluar\u00e1 cuidadosamente su caso y le informar\u00e1 nuestras conclusiones legales.<\/p>\n<p>En ese momento, comenzaremos el proceso detallado de recolecci\u00f3n de informaci\u00f3n y evidencia en su nombre &#8211; recetas y registros m\u00e9dicos, todos los costos m\u00e9dicos y el sufrimiento emocional de la alopecia permanente, incluyendo:<\/p>\n<ul>\n<li><i>Disminuci\u00f3n de la propia imagen<\/i><\/li>\n<li><em>Las tensiones en las relaciones profesionales y personales<\/em><\/li>\n<li><em>Hacer frente al efecto secundario normalmente temporal, pero ahora permanente de la quimioterapia<\/em><\/li>\n<\/ul>\n<p>Nuestros abogados experimentados de la responsabilidad del producto tomar\u00e1n las medidas legales necesarias para establecer la compa\u00f1\u00eda farmac\u00e9utica responsable para el valor justo y completo de su caso. Usted solo paga una cuota por nuestros servicios legales si tenemos \u00e9xito en ganar su compensaci\u00f3n.<\/p>\n<p>Usted merece ser atendido por los da\u00f1os que ha sufrido de tomar Taxotere.<\/p>\n<p>Queremos ayudarle.<\/p>\n<p>Ll\u00e1menos para una consulta gratis, al <a href=\"tel:18004049000\">1-800-404-9000<\/a>, o comun\u00edquese con nosotros sobre su caso en nuestro <a href=\"https:\/\/craigswapp.com\/spanish\/es\/\">formulario en por sitio web<\/a>. Con s\u00f3lo una llamada, Craig Swapp &amp; Associates puede ayudarle a regresar al camino hacia la tranquilidad financiera.<\/p>\n","protected":false},"excerpt":{"rendered":"<p>El f\u00e1rmaco de quimioterapia de c\u00e1ncer de mama, Taxotere ha sido perturbadoramente ligado a la p\u00e9rdida permanente de cabello (alopecia permanente). Si usted o un [&hellip;]<\/p>\n","protected":false},"author":2,"featured_media":0,"parent":3903,"menu_order":0,"comment_status":"closed","ping_status":"closed","template":"","meta":{"_acf_changed":false,"inline_featured_image":false,"footnotes":""},"class_list":["post-6503","page","type-page","status-publish","hentry"],"acf":[],"_links":{"self":[{"href":"https:\/\/craigswapp.com\/spanish\/wp-json\/wp\/v2\/pages\/6503","targetHints":{"allow":["GET"]}}],"collection":[{"href":"https:\/\/craigswapp.com\/spanish\/wp-json\/wp\/v2\/pages"}],"about":[{"href":"https:\/\/craigswapp.com\/spanish\/wp-json\/wp\/v2\/types\/page"}],"author":[{"embeddable":true,"href":"https:\/\/craigswapp.com\/spanish\/wp-json\/wp\/v2\/users\/2"}],"replies":[{"embeddable":true,"href":"https:\/\/craigswapp.com\/spanish\/wp-json\/wp\/v2\/comments?post=6503"}],"version-history":[{"count":1,"href":"https:\/\/craigswapp.com\/spanish\/wp-json\/wp\/v2\/pages\/6503\/revisions"}],"predecessor-version":[{"id":11287,"href":"https:\/\/craigswapp.com\/spanish\/wp-json\/wp\/v2\/pages\/6503\/revisions\/11287"}],"up":[{"embeddable":true,"href":"https:\/\/craigswapp.com\/spanish\/wp-json\/wp\/v2\/pages\/3903"}],"wp:attachment":[{"href":"https:\/\/craigswapp.com\/spanish\/wp-json\/wp\/v2\/media?parent=6503"}],"curies":[{"name":"wp","href":"https:\/\/api.w.org\/{rel}","templated":true}]}}