{"id":6348,"date":"2016-10-31T10:48:22","date_gmt":"2016-10-31T16:48:22","guid":{"rendered":"http:\/\/craigswapp1.wpengine.com\/?page_id=6348"},"modified":"2021-05-06T16:52:27","modified_gmt":"2021-05-06T16:52:27","slug":"abogado-accidentes-auto-boise","status":"publish","type":"page","link":"https:\/\/craigswapp.com\/spanish\/abogado-accidentes-auto-boise\/","title":{"rendered":"Abogado de accidentes de auto en Boise"},"content":{"rendered":"<p>\nEstar en un accidente de auto puede ser una de las situaciones m\u00e1s frustrantes de tratar. Cuando pasa por un accidente de auto es posible que puede sufrir graves <a href=\"https:\/\/craigswapp.com\/spanish\/es\/abogado-de-lesiones-personales-en-boise\/\">lesiones personales<\/a>. Tambi\u00e9n podr\u00eda perder su \u00fanico medio de transporte.<\/p>\n<p>Si usted o alguien que usted conoce ha sido v\u00edctima de un accidente de auto podr\u00eda calificar para la compensaci\u00f3n de un reclamo. Dependiendo de qui\u00e9n tuvo la culpa de su accidente, podr\u00eda recibir un arreglo que podr\u00eda ayudarle a cubrir cosas como gastos m\u00e9dicos y la sustituci\u00f3n de su transporte.<\/p>\n<p>Con la ayuda de un abogado de accidentes de auto en Boise, se puede averiguar sus opciones y entender sus derechos.<\/p>\n<p>&nbsp;<\/p>\n<h2>\u00bfC\u00f3mo s\u00e9 si soy la v\u00edctima?<\/h2>\n<p>A fin de determinar si usted es la v\u00edctima en un accidente de auto, usted tiene que averiguar qui\u00e9n tuvo la culpa. Debido a esto, es muy importante entender las leyes de la ciudad y el estado en que estaba cuando el accidente ocurri\u00f3.<\/p>\n<p>Toda su documentaci\u00f3n de apoyo es lo que ayudar\u00e1 a determinar la falla. Adem\u00e1s de conocer las leyes, es importante para obtener la ayuda de un abogado de accidentes de auto en Boise. Ellos ser\u00e1n capaces de hablar con los testigos necesarios y encontrar el mejor resultado para su caso.<\/p>\n<p>&nbsp;<\/p>\n<h2>Causas comunes de accidentes de auto<\/h2>\n<p>Conocer las <a href=\"http:\/\/www-nrd.nhtsa.dot.gov\/Pubs\/811059.PDF\" target=\"_blank\" rel=\"noopener noreferrer\">causas comunes de accidentes de auto<\/a> puede ayudar a identificar el tipo de accidente que ten\u00eda. Tambi\u00e9n puede ser \u00fatil, ya que puede ayudar a establecer una comparaci\u00f3n que su abogado de accidentes de auto en Boise, se puede utilizar para su beneficio.<\/p>\n<ul>\n<li style=\"font-weight: 400;\"><strong>La conducci\u00f3n borracha<\/strong>\u00a0\u2013 Esto es cuando usted ha sido v\u00edctima de un accidente de auto cuando la persona culpable conduc\u00eda bajo la influencia del alcohol.<\/li>\n<li style=\"font-weight: 400;\"><strong>El exceso de velocidad<\/strong> \u2013 Esto es cuando el accidente es el resultado de un conductor no segu\u00eda las leyes de l\u00edmite de velocidad para la zona que se encuentran.<\/li>\n<li style=\"font-weight: 400;\"><strong>Conducir de manera imprudente<\/strong> \u2013 Esto ocurre cuando un conductor toma una decisi\u00f3n por malicia intencionada.<\/li>\n<li style=\"font-weight: 400;\"><strong>La conducci\u00f3n distra\u00edda<\/strong> \u2013 Esto es cuando el conductor del veh\u00edculo se distrae con cualquier cosa que toma su atenci\u00f3n del camino. Esto podr\u00eda incluir mensajes de texto, los pasajeros, comer, y mucho m\u00e1s.<\/li>\n<\/ul>\n<p>&nbsp;<\/p>\n<h2>\u00bfC\u00f3mo consigo un abogado de lesiones personales?<\/h2>\n<p>Los accidentes de tr\u00e1fico no son f\u00e1ciles de manejar. De hablar con el seguro, a las facturas de manipulaci\u00f3n, todo puede ser bastante confuso. Despu\u00e9s de estar en un accidente de auto, debe preocuparse por su curaci\u00f3n y encontrar el transporte que necesita para sobrevivir. No importa cu\u00e1ntos art\u00edculos que lee y cu\u00e1n preparado est\u00e1, siempre habr\u00e1 algo \u00fanico para su caso que es dif\u00edcil de entender.<\/p>\n<p>Aqu\u00ed es donde un abogado de accidentes de auto en Boise puede intervenir y ayudar. En <a href=\"https:\/\/craigswapp.com\/spanish\/\">Craig Swapp &amp; Associates\u00a0<\/a>nosotros deseemos obtener un arreglo justo y completo para usted y su familia.<\/p>\n<p>Ll\u00e1menos ahora al <a href=\"tel:18556285050\">1-800-404-9000<\/a> y ver lo que podemos hacer para que su futuro sea m\u00e1s brillante.<\/p>\n","protected":false},"excerpt":{"rendered":"<p>Estar en un accidente de auto puede ser una de las situaciones m\u00e1s frustrantes de tratar. Cuando pasa por un accidente de auto es posible [&hellip;]<\/p>\n","protected":false},"author":2,"featured_media":0,"parent":0,"menu_order":0,"comment_status":"open","ping_status":"closed","template":"","meta":{"_acf_changed":false,"inline_featured_image":false,"footnotes":""},"class_list":["post-6348","page","type-page","status-publish","hentry"],"acf":[],"_links":{"self":[{"href":"https:\/\/craigswapp.com\/spanish\/wp-json\/wp\/v2\/pages\/6348","targetHints":{"allow":["GET"]}}],"collection":[{"href":"https:\/\/craigswapp.com\/spanish\/wp-json\/wp\/v2\/pages"}],"about":[{"href":"https:\/\/craigswapp.com\/spanish\/wp-json\/wp\/v2\/types\/page"}],"author":[{"embeddable":true,"href":"https:\/\/craigswapp.com\/spanish\/wp-json\/wp\/v2\/users\/2"}],"replies":[{"embeddable":true,"href":"https:\/\/craigswapp.com\/spanish\/wp-json\/wp\/v2\/comments?post=6348"}],"version-history":[{"count":2,"href":"https:\/\/craigswapp.com\/spanish\/wp-json\/wp\/v2\/pages\/6348\/revisions"}],"predecessor-version":[{"id":10752,"href":"https:\/\/craigswapp.com\/spanish\/wp-json\/wp\/v2\/pages\/6348\/revisions\/10752"}],"wp:attachment":[{"href":"https:\/\/craigswapp.com\/spanish\/wp-json\/wp\/v2\/media?parent=6348"}],"curies":[{"name":"wp","href":"https:\/\/api.w.org\/{rel}","templated":true}]}}