{"id":6347,"date":"2016-10-31T10:47:12","date_gmt":"2016-10-31T16:47:12","guid":{"rendered":"http:\/\/craigswapp1.wpengine.com\/?page_id=6347"},"modified":"2021-05-10T13:27:07","modified_gmt":"2021-05-10T13:27:07","slug":"abogado-de-lesiones-personales-en-boise","status":"publish","type":"page","link":"https:\/\/craigswapp.com\/spanish\/abogado-de-lesiones-personales-en-boise\/","title":{"rendered":"Abogado de lesiones personales en Boise"},"content":{"rendered":"<p>\nLesiones personales, al igual que muchas de las lesiones, son a menudo el resultado de la negligencia y la falta de seguir la ley. No importa c\u00f3mo y d\u00f3nde ocurri\u00f3 su lesi\u00f3n personal, es importante determinar como paso el accidente. Debido a que las lesiones personales pueden alterar la vida, que es tan importante para averiguar si usted tiene derecho a una indemnizaci\u00f3n.<\/p>\n<p>Con la ayuda de un abogado de lesiones personales en Boise puede averiguar todas sus opciones. Usted merece tener el mejor futuro posible. Esto significa que usted tiene que asegurarse de que usted no est\u00e1 sufriendo ningunas m\u00e1s consecuencias que sea necesario para su lesi\u00f3n personal.<\/p>\n<p>&nbsp;<\/p>\n<h2>\u00bfC\u00f3mo S\u00e9 si Mi Lesi\u00f3n Califica?<\/h2>\n<p>Una de las partes m\u00e1s importantes acerca de la presentaci\u00f3n de un caso de indemnizaci\u00f3n, es estar seguro de que su lesi\u00f3n califica. Usted puede hacer esto mediante la identificaci\u00f3n de algunos de los tipos comunes de lesiones personales. Debido a que cada lesi\u00f3n puede ser diferente esto es algo que un abogado de lesiones personales en Boise, puede ayudar a determinar.<\/p>\n<p>&nbsp;<\/p>\n<h2>Tipos de Lesiones Personales<\/h2>\n<ul>\n<li style=\"font-weight: 400;\">Lesiones de <a href=\"https:\/\/craigswapp.com\/spanish\/abogado-accidentes-auto-boise\/\">accidentes de coches<\/a><\/li>\n<li style=\"font-weight: 400;\"><a href=\"http:\/\/www.cdc.gov\/traumaticbraininjury\/\" target=\"_blank\" rel=\"noopener noreferrer\">Lesi\u00f3n en la cabeza<\/a><\/li>\n<li style=\"font-weight: 400;\">Los accidentes de trabajo<\/li>\n<li style=\"font-weight: 400;\">Mordeduras de perro<\/li>\n<li style=\"font-weight: 400;\">Las v\u00edctimas de conductores ebrios<\/li>\n<li style=\"font-weight: 400;\">Lesiones de asalto<\/li>\n<li style=\"font-weight: 400;\">Responsabilidad del establecimiento<\/li>\n<li style=\"font-weight: 400;\">Lesi\u00f3n de producto defectuoso<\/li>\n<li style=\"font-weight: 400;\">Lesi\u00f3n de negligencia m\u00e9dica<\/li>\n<\/ul>\n<p>&nbsp;<\/p>\n<h2>\u00bfC\u00f3mo Puedo Saber Que Tiene la Culpa de Mi Lesi\u00f3n?<\/h2>\n<p>Una de las cosas dif\u00edciles acerca de estar en un accidente, es la identificaci\u00f3n de qui\u00e9n tiene la culpa. Debido a esto es muy importante para entender sus las leyes del estado.<\/p>\n<p>La mejor manera de determinar la culpa, es imprescindible adquirir toda su documentaci\u00f3n y presentarla con su abogado de lesiones personales en Boise. Esta documentaci\u00f3n debe incluir los informes m\u00e9dicos, fotos, informes de la polic\u00eda y las declaraciones de los testigos.<\/p>\n<p>Su abogado comparar su incidente con las leyes del estado, para ayudar a determinar el fallo y ver si usted califica para un asentamiento. Esto es particularmente importante porque dependiendo de qu\u00e9 estado se encuentra el accidente pas\u00f3 en, el fallo se puede determinar de manera diferente.<\/p>\n<p>&nbsp;<\/p>\n<h2>\u00bfC\u00f3mo Consigo un Abogado de Lesiones Personales?<\/h2>\n<p>Un accidente de lesiones personales es muy grave y debe ser tratado inmediatamente. Muchas lesiones personales pueden efectuar sus objetivos en la vida y carrera de forma permanente. Debido a esto, la cosa m\u00e1s eficaz que puede hacer despu\u00e9s de haber sido v\u00edctima de un accidente de lesiones personales, es ponerse en contacto con un abogado.<\/p>\n<p>Aqu\u00ed en <a href=\"https:\/\/craigswapp.com\/spanish\/\">Craig Swapp Y Asociados<\/a>, estamos listos para ayudarle a luchar por el futuro que se merece. Ya sea que su lesi\u00f3n es peque\u00f1a o grande, creemos que se merece la mejor oportunidad de recibir una compensaci\u00f3n. Nuestros abogados de lesiones personales en Boise est\u00e1n aqu\u00ed para ayudarle a obtener la compensaci\u00f3n que se merece.<\/p>\n<p>Ll\u00e1menos al <a href=\"tel:18556285050\">1-855-628-5050<\/a> y encontrar un abogado que le ayudar\u00e1 a encontrar sus opciones y se pone de pie para su futuro!<\/p>\n","protected":false},"excerpt":{"rendered":"<p>Lesiones personales, al igual que muchas de las lesiones, son a menudo el resultado de la negligencia y la falta de seguir la ley. No [&hellip;]<\/p>\n","protected":false},"author":2,"featured_media":0,"parent":0,"menu_order":0,"comment_status":"open","ping_status":"closed","template":"","meta":{"_acf_changed":false,"inline_featured_image":false,"footnotes":""},"class_list":["post-6347","page","type-page","status-publish","hentry"],"acf":[],"_links":{"self":[{"href":"https:\/\/craigswapp.com\/spanish\/wp-json\/wp\/v2\/pages\/6347","targetHints":{"allow":["GET"]}}],"collection":[{"href":"https:\/\/craigswapp.com\/spanish\/wp-json\/wp\/v2\/pages"}],"about":[{"href":"https:\/\/craigswapp.com\/spanish\/wp-json\/wp\/v2\/types\/page"}],"author":[{"embeddable":true,"href":"https:\/\/craigswapp.com\/spanish\/wp-json\/wp\/v2\/users\/2"}],"replies":[{"embeddable":true,"href":"https:\/\/craigswapp.com\/spanish\/wp-json\/wp\/v2\/comments?post=6347"}],"version-history":[{"count":1,"href":"https:\/\/craigswapp.com\/spanish\/wp-json\/wp\/v2\/pages\/6347\/revisions"}],"predecessor-version":[{"id":10979,"href":"https:\/\/craigswapp.com\/spanish\/wp-json\/wp\/v2\/pages\/6347\/revisions\/10979"}],"wp:attachment":[{"href":"https:\/\/craigswapp.com\/spanish\/wp-json\/wp\/v2\/media?parent=6347"}],"curies":[{"name":"wp","href":"https:\/\/api.w.org\/{rel}","templated":true}]}}