{"id":6252,"date":"2016-10-26T12:56:46","date_gmt":"2016-10-26T18:56:46","guid":{"rendered":"http:\/\/craigswapp1.wpengine.com\/?page_id=6252"},"modified":"2021-05-10T13:19:16","modified_gmt":"2021-05-10T13:19:16","slug":"accidente-moto-contra-carro","status":"publish","type":"page","link":"https:\/\/craigswapp.com\/spanish\/abogado-lesiones-personales-boise\/abogado-accidentes-motos-boise\/accidente-moto-contra-carro\/","title":{"rendered":"Abogado de accidentes de motocicleta contra carro en Boise"},"content":{"rendered":"<p>\nYa sea que est\u00e9 estacionado en una intersecci\u00f3n o cruzando por la autopista, usted sabe que es importante estar consciente de sus alrededores en todo momento cuando est\u00e1 en una motocicleta. Mientras que la mayor\u00eda de los conductores entienden la necesidad de conducir con cuidado, montar una motocicleta lo expone a los riesgos adicionales simplemente porque usted est\u00e1 m\u00e1s expuesto. Ser golpeado por un auto es uno de los accidentes m\u00e1s comunes que se producen y puede resultar en lesiones graves e incluso la muerte.<\/p>\n<p>Si usted ha sido golpeado por un auto, su primer paso siempre debe ser buscar atenci\u00f3n m\u00e9dica inmediata. Una vez que le hayan tratado y entienda sus lesiones, es hora de ponerse en contacto con un abogado. Un experimentado abogado de accidentes de motocicleta contra carro en Boise puede ayudarle a determinar si tiene derecho a una compensaci\u00f3n por el accidente y c\u00f3mo puede avanzar.<\/p>\n<p>&nbsp;<\/p>\n<h2>Por qu\u00e9 los conductores golpean a los motociclistas<\/h2>\n<p>Los conductores golpean a los motociclistas todos los d\u00edas en todo Estados Unidos, y una parte de esos accidentes a veces ocurren aqu\u00ed en Boise. Incluso si usted es el conductor m\u00e1s seguro en Am\u00e9rica, usted todav\u00eda no puede controlar lo que otros conductores hacen cuando detr\u00e1s de la rueda. Las investigaciones y las estad\u00edsticas indican que las razones m\u00e1s comunes por las que ocurren los accidentes automovil\u00edsticos son las siguientes:<\/p>\n<ul>\n<li style=\"font-weight: 400;\">Conducci\u00f3n distra\u00edda<\/li>\n<li style=\"font-weight: 400;\"><a href=\"https:\/\/craigswapp.com\/spanish\/abogado-lesiones-personales-boise\/abogado-accidentes-motos-boise\/accidentes-motocicleta-carreteras-peligrosas\/\">Condiciones peligrosas de la carretera<\/a><\/li>\n<li style=\"font-weight: 400;\">Conducci\u00f3n borracha o con problemas de conducci\u00f3n<\/li>\n<\/ul>\n<p>Aunque hay otras causas como el fallo del equipo, de lejos el m\u00e1s com\u00fan es la conducci\u00f3n distra\u00edda. Un conductor se inclina hacia abajo para cambiar la m\u00fasica o mira a su tel\u00e9fono y un momento despu\u00e9s el conductor ha golpeado a un motociclista sin verlo venir.<\/p>\n<p>Las condiciones de la carretera tambi\u00e9n pueden desempe\u00f1ar un papel importante, especialmente si los conductores no se detienen cuando las carreteras est\u00e1n mojadas, heladas o resbaladizas. Cuando estos tipos de acciones negligentes causan accidentes, usted no debe tener que lidiar con las lesiones y da\u00f1os a s\u00ed mismo.<\/p>\n<p>&nbsp;<\/p>\n<h2>Lesiones potenciales causadas por ser golpeado por un auto<\/h2>\n<p>Si usted es golpeado por un conductor de autom\u00f3vil de pasajeros mientras est\u00e1 montando su motocicleta, hay una alta probabilidad de que usted ser\u00e1 lanzado de su bicicleta. Debido a esto, las lesiones por impacto son extremadamente comunes. Golpear la carretera y rodar, golpear el otro veh\u00edculo, o chocar con caracter\u00edsticas de carretera como carriles de seguridad son com\u00fanmente visto en estos accidentes.<\/p>\n<p>En estas circunstancias, puede romper huesos, sufrir una erupci\u00f3n en la carretera o incluso sufrir una lesi\u00f3n en la columna vertebral. Lesiones en la cabeza y el cerebro son especialmente comunes, incluso cuando se usa un casco. Ya sea que sus lesiones sean menores o que alteren su vida, pueden resultar en facturas m\u00e9dicas importantes. Es crucial que usted tiene un abogado de accidentes con experiencia para ayudarle a averiguar la mejor manera de proceder.<\/p>\n<p>&nbsp;<\/p>\n<h2>Abogado de accidentes de motocicleta contra carro en Boise con experiencia<\/h2>\n<p>Si usted o alguien que usted ama ha estado en un accidente de la motocicleta en Boise, usted tiene mucho en riesgo. Los abogados de Craig Swapp &amp; Associates est\u00e1n familiarizados con la lucha contra las compa\u00f1\u00edas de seguros y abogados que representan a otros conductores que no quieren aceptar la responsabilidad.<\/p>\n<p>P\u00f3ngase en contacto con nosotros hoy y averig\u00fce qu\u00e9 podemos hacer por usted. Llene el siguiente formulario o ll\u00e1menos al 800-404-9000 para programar su consulta gratuita y sin compromiso.<\/p>\n","protected":false},"excerpt":{"rendered":"<p>Ya sea que est\u00e9 estacionado en una intersecci\u00f3n o cruzando por la autopista, usted sabe que es importante estar consciente de sus alrededores en todo [&hellip;]<\/p>\n","protected":false},"author":2,"featured_media":0,"parent":4408,"menu_order":0,"comment_status":"closed","ping_status":"closed","template":"","meta":{"_acf_changed":false,"inline_featured_image":false,"footnotes":""},"class_list":["post-6252","page","type-page","status-publish","hentry"],"acf":[],"_links":{"self":[{"href":"https:\/\/craigswapp.com\/spanish\/wp-json\/wp\/v2\/pages\/6252","targetHints":{"allow":["GET"]}}],"collection":[{"href":"https:\/\/craigswapp.com\/spanish\/wp-json\/wp\/v2\/pages"}],"about":[{"href":"https:\/\/craigswapp.com\/spanish\/wp-json\/wp\/v2\/types\/page"}],"author":[{"embeddable":true,"href":"https:\/\/craigswapp.com\/spanish\/wp-json\/wp\/v2\/users\/2"}],"replies":[{"embeddable":true,"href":"https:\/\/craigswapp.com\/spanish\/wp-json\/wp\/v2\/comments?post=6252"}],"version-history":[{"count":1,"href":"https:\/\/craigswapp.com\/spanish\/wp-json\/wp\/v2\/pages\/6252\/revisions"}],"predecessor-version":[{"id":10949,"href":"https:\/\/craigswapp.com\/spanish\/wp-json\/wp\/v2\/pages\/6252\/revisions\/10949"}],"up":[{"embeddable":true,"href":"https:\/\/craigswapp.com\/spanish\/wp-json\/wp\/v2\/pages\/4408"}],"wp:attachment":[{"href":"https:\/\/craigswapp.com\/spanish\/wp-json\/wp\/v2\/media?parent=6252"}],"curies":[{"name":"wp","href":"https:\/\/api.w.org\/{rel}","templated":true}]}}