{"id":6251,"date":"2016-10-26T12:55:11","date_gmt":"2016-10-26T18:55:11","guid":{"rendered":"http:\/\/craigswapp1.wpengine.com\/?page_id=6251"},"modified":"2021-05-10T13:19:50","modified_gmt":"2021-05-10T13:19:50","slug":"abogado-accidentes-moto-boise","status":"publish","type":"page","link":"https:\/\/craigswapp.com\/spanish\/abogado-lesiones-personales-boise\/abogado-accidentes-motos-boise\/abogado-accidentes-moto-boise\/","title":{"rendered":"Abogado de huesos rotos\u00a0en\u00a0accidentes de moto en Boise"},"content":{"rendered":"<p>\nEstar en un accidente de motocicleta y romper un hueso puede ser una experiencia traum\u00e1tica. Ya sea que se trate de un hueso fracturado, una lesi\u00f3n menor de la mu\u00f1eca o una rotura importante, todos los huesos fracturados requieren una gran cantidad de tiempo de recuperaci\u00f3n y generalmente causan una cantidad significativa de dolor. Esto es especialmente cierto cuando se trata de huesos rotos sufridos en accidentes de motocicleta.<\/p>\n<p>Las lesiones por impacto en los accidentes de motocicleta son comunes simplemente porque no tiene la protecci\u00f3n de una carcasa exterior del veh\u00edculo, lo que significa que es m\u00e1s probable que ocurran lesiones fracturadas en los huesos. A menudo, esto ocurre cuando un motorista es arrojado de la motocicleta.<\/p>\n<p>Sin embargo, si se rompi\u00f3 el hueso en su accidente, es \u00fatil ponerse en contacto con un abogado de huesos rotos en accidentes de moto en Boise de Craig Swapp &amp; Associates. Podemos trabajar con su reclamo, mientras trabaja para recuperarse de sus lesiones.<\/p>\n<p>&nbsp;<\/p>\n<h2>Se\u00f1ales comunes de huesos rotos despu\u00e9s de un accidente de moto<\/h2>\n<p>No todos los huesos fracturados tienen s\u00edntomas obvios. Las fracturas y hebillas menores en la l\u00ednea del cabello pueden producir rigidez o dolor leve, pero no inducir\u00e1n necesariamente moretones, sangrado o miembros distorsionados visiblemente.<\/p>\n<p>Es por eso que es tan importante buscar atenci\u00f3n m\u00e9dica independientemente de c\u00f3mo se siente despu\u00e9s de su accidente. Un hueso fracturado, o incluso uno roto, puede incluir s\u00edntomas como los siguientes:<\/p>\n<ul>\n<li style=\"font-weight: 400;\">Dolor extremo con presi\u00f3n<\/li>\n<li style=\"font-weight: 400;\">Dificultad o incapacidad para mover la articulaci\u00f3n<\/li>\n<li style=\"font-weight: 400;\">Abolladuras visibles o distorsiones debajo de la piel<\/li>\n<li style=\"font-weight: 400;\">Hematomas<\/li>\n<li style=\"font-weight: 400;\">Dolor o entumecimiento a lo largo del hueso<\/li>\n<\/ul>\n<p>En cualquier caso, los huesos rotos son lesiones graves que requieren atenci\u00f3n m\u00e9dica y atenci\u00f3n extensiva. Si bien estos signos pueden a veces indicar esguinces y da\u00f1os en los tejidos, es importante descartar problemas m\u00e1s graves despu\u00e9s de un accidente de moto. Un hueso roto o fracturado no tratado puede sanar incorrectamente y puede conducir a una discapacidad permanente, incluso si se siente como una lesi\u00f3n menor en ese momento.<\/p>\n<p>&nbsp;<\/p>\n<h2>C\u00e1lculo de la culpa despu\u00e9s de un accidente de moto<\/h2>\n<p>Si sufre un accidente mientras conduce su moto y rompe un hueso, puede tener derecho a un arreglo. La cantidad de compensaci\u00f3n que puede recibir se ver\u00e1 afectada por el hecho de que haya sido culpable.<\/p>\n<p>En los accidentes de moto, la falla se calcula en funci\u00f3n de una serie de variables, por lo que nunca debe asumir que es responsable del accidente hasta que primero haya consultado con nosotros.<\/p>\n<p>Por ejemplo, si el otro conductor estaba conduciendo bajo la influencia del alcohol, conduciendo distra\u00eddo o acelerando, estos detalles pueden ser suficientes para asignar autom\u00e1ticamente fallas a la otra persona. Esto puede hacer una gran diferencia en su caso, ya que menos culpa le ser\u00e1 asignada, m\u00e1s compensaci\u00f3n podr\u00e1 recibir.<\/p>\n<p>&nbsp;<\/p>\n<h2>Abogados con experiencia en accidentes de moto en Boise<\/h2>\n<p>Los abogados de Craig Swapp &amp; Associates tienen muchos a\u00f1os de experiencia en la gesti\u00f3n de casos de accidentes de motos en el \u00e1rea de Boise. Podemos ayudarlo a determinar la mejor manera de avanzar despu\u00e9s de su accidente. Si ha estado en un accidente de moto en Boise, complete el siguiente formulario o comun\u00edquese con nosotros al 800-404-9000.<\/p>\n","protected":false},"excerpt":{"rendered":"<p>Estar en un accidente de motocicleta y romper un hueso puede ser una experiencia traum\u00e1tica. Ya sea que se trate de un hueso fracturado, una [&hellip;]<\/p>\n","protected":false},"author":2,"featured_media":0,"parent":4408,"menu_order":0,"comment_status":"closed","ping_status":"closed","template":"","meta":{"_acf_changed":false,"inline_featured_image":false,"footnotes":""},"class_list":["post-6251","page","type-page","status-publish","hentry"],"acf":[],"_links":{"self":[{"href":"https:\/\/craigswapp.com\/spanish\/wp-json\/wp\/v2\/pages\/6251","targetHints":{"allow":["GET"]}}],"collection":[{"href":"https:\/\/craigswapp.com\/spanish\/wp-json\/wp\/v2\/pages"}],"about":[{"href":"https:\/\/craigswapp.com\/spanish\/wp-json\/wp\/v2\/types\/page"}],"author":[{"embeddable":true,"href":"https:\/\/craigswapp.com\/spanish\/wp-json\/wp\/v2\/users\/2"}],"replies":[{"embeddable":true,"href":"https:\/\/craigswapp.com\/spanish\/wp-json\/wp\/v2\/comments?post=6251"}],"version-history":[{"count":1,"href":"https:\/\/craigswapp.com\/spanish\/wp-json\/wp\/v2\/pages\/6251\/revisions"}],"predecessor-version":[{"id":10951,"href":"https:\/\/craigswapp.com\/spanish\/wp-json\/wp\/v2\/pages\/6251\/revisions\/10951"}],"up":[{"embeddable":true,"href":"https:\/\/craigswapp.com\/spanish\/wp-json\/wp\/v2\/pages\/4408"}],"wp:attachment":[{"href":"https:\/\/craigswapp.com\/spanish\/wp-json\/wp\/v2\/media?parent=6251"}],"curies":[{"name":"wp","href":"https:\/\/api.w.org\/{rel}","templated":true}]}}