{"id":6250,"date":"2016-10-26T12:53:35","date_gmt":"2016-10-26T18:53:35","guid":{"rendered":"http:\/\/craigswapp1.wpengine.com\/?page_id=6250"},"modified":"2021-05-10T13:21:08","modified_gmt":"2021-05-10T13:21:08","slug":"muerte-injusta-accidentes-moto-idaho","status":"publish","type":"page","link":"https:\/\/craigswapp.com\/spanish\/abogado-lesiones-personales-boise\/abogado-accidentes-motos-boise\/muerte-injusta-accidentes-moto-idaho\/","title":{"rendered":"Abogado de\u00a0muerte injusta\u00a0por\u00a0accidentes de moto en Idaho"},"content":{"rendered":"<p>\nCuando alguien a quien ama muere en un accidente de moto causado por las acciones de otra persona, es natural querer buscar justicia para su ser querido. Sin embargo, proceder con una demanda por muerte injusta no es tan f\u00e1cil como podr\u00eda parecer.<\/p>\n<p>Para obtener los mejores resultados, necesitar\u00e1 un abogado con experiencia en casos de accidentes de moto muerte injusta en Idaho de Craig Swapp &amp; Associates que pueda ayudarlo a recibir un arreglo justo. Estos casos tienen matices \u00fanicos que los separan de los reclamos por lesiones personales normales, pero con nuestra ayuda, usted llevar\u00e1 su caso a una conclusi\u00f3n exitosa.<\/p>\n<p>&nbsp;<\/p>\n<h2>\u00bfQui\u00e9n puede demandar por muerte injusta en Idaho?<\/h2>\n<p>No importa cu\u00e1nto haya amado a la persona que muri\u00f3 como resultado del accidente de motocicleta, las demandas por muerte injusta solo pueden ser llevadas ante el tribunal por partes espec\u00edficas. Esto generalmente se limita a aquellos estrechamente relacionados con el fallecido.<\/p>\n<p>Las personas que generalmente pueden demandar por muerte injusta en Idaho son las siguientes:<\/p>\n<ul>\n<li style=\"font-weight: 400;\">El c\u00f3nyuge del difunto<\/li>\n<li style=\"font-weight: 400;\">Los hijos e hijastros del difunto<\/li>\n<li style=\"font-weight: 400;\">Herederos legales y representantes personales de la herencia del difunto<\/li>\n<li style=\"font-weight: 400;\">Los padres de los difuntos<\/li>\n<li style=\"font-weight: 400;\">Posiblemente otros parientes consangu\u00edneos si dependieran econ\u00f3micamente de los fallecidos<\/li>\n<\/ul>\n<p>Sin embargo, dado que los casos de muerte por negligencia pueden ser complicados, podr\u00eda haber otros casos y situaciones en los que pueda demandar. Esta es una de las razones por las cuales es mejor consultar con uno de nuestros abogados antes de continuar con su caso.<\/p>\n<p>&nbsp;<\/p>\n<h2>Da\u00f1os por demandas de muerte injusta<\/h2>\n<p>Generalmente, los tipos de da\u00f1os a los que puede ser elegible en un caso de muerte injusta son similares a los de las demandas por lesiones personales, pero los da\u00f1os se relacionan principalmente con el fallecido.<\/p>\n<p>Por ejemplo, si su ser querido fue el sost\u00e9n principal de su hogar, podemos presentar un caso convincente de que su familia ha perdido efectivamente una gran cantidad de dinero debido al dinero que habr\u00eda aportado su ser querido. El futuro del fallecido el salario puede calcularse e incluirse en su reclamo.<\/p>\n<p>Debido a que su ser querido muri\u00f3 inesperadamente en un accidente de moto, es posible que tambi\u00e9n pueda buscar da\u00f1os punitivos para castigar a la parte responsable o compensar a su familia por el sufrimiento que est\u00e1 atravesando. Sin embargo, esto puede ser un desaf\u00edo, y debe tener en cuenta que los da\u00f1os punitivos solo se otorgan cuando la malicia o la negligencia estaban presentes. En Idaho, incluso hay un l\u00edmite en los da\u00f1os punitivos que se pueden ganar.<\/p>\n<p>&nbsp;<\/p>\n<h2>Necesita un abogado con experiencia con la muerte injusta por accidentes de moto en Idaho<\/h2>\n<p>Perder a un ser querido en un accidente de moto puede ser incre\u00edble dif\u00edcil. Un abogado de muerte injusta por accidentes de moto en Idaho de Craig Swapp &amp; Associates puede aligerar la carga y ayudarlo a hacer justicia para su ser querido.<\/p>\n<p>Aunque el dinero no recuperar\u00e1 a los fallecidos, puede ayudar a los familiares sobrevivientes y posiblemente evitar que este tipo de accidente le suceda a otra persona. En Craig Swapp &amp; Associates, estamos aqu\u00ed para ayudarle obtener la compensaci\u00f3n que usted se merece. Complete el siguiente formulario o llame a nuestra oficina al 800-404-9000 para una consulta gratuita.<\/p>\n","protected":false},"excerpt":{"rendered":"<p>Cuando alguien a quien ama muere en un accidente de moto causado por las acciones de otra persona, es natural querer buscar justicia para su [&hellip;]<\/p>\n","protected":false},"author":2,"featured_media":0,"parent":4408,"menu_order":0,"comment_status":"closed","ping_status":"closed","template":"","meta":{"_acf_changed":false,"inline_featured_image":false,"footnotes":""},"class_list":["post-6250","page","type-page","status-publish","hentry"],"acf":[],"_links":{"self":[{"href":"https:\/\/craigswapp.com\/spanish\/wp-json\/wp\/v2\/pages\/6250","targetHints":{"allow":["GET"]}}],"collection":[{"href":"https:\/\/craigswapp.com\/spanish\/wp-json\/wp\/v2\/pages"}],"about":[{"href":"https:\/\/craigswapp.com\/spanish\/wp-json\/wp\/v2\/types\/page"}],"author":[{"embeddable":true,"href":"https:\/\/craigswapp.com\/spanish\/wp-json\/wp\/v2\/users\/2"}],"replies":[{"embeddable":true,"href":"https:\/\/craigswapp.com\/spanish\/wp-json\/wp\/v2\/comments?post=6250"}],"version-history":[{"count":1,"href":"https:\/\/craigswapp.com\/spanish\/wp-json\/wp\/v2\/pages\/6250\/revisions"}],"predecessor-version":[{"id":10956,"href":"https:\/\/craigswapp.com\/spanish\/wp-json\/wp\/v2\/pages\/6250\/revisions\/10956"}],"up":[{"embeddable":true,"href":"https:\/\/craigswapp.com\/spanish\/wp-json\/wp\/v2\/pages\/4408"}],"wp:attachment":[{"href":"https:\/\/craigswapp.com\/spanish\/wp-json\/wp\/v2\/media?parent=6250"}],"curies":[{"name":"wp","href":"https:\/\/api.w.org\/{rel}","templated":true}]}}