{"id":6055,"date":"2016-10-03T11:51:51","date_gmt":"2016-10-03T17:51:51","guid":{"rendered":"http:\/\/craigswapp1.wpengine.com\/?page_id=6055"},"modified":"2021-05-12T13:47:39","modified_gmt":"2021-05-12T13:47:39","slug":"abogado-de-responsabilidad-de-las-premisas-en-salt-lake-city","status":"publish","type":"page","link":"https:\/\/craigswapp.com\/spanish\/abogado-de-responsabilidad-de-las-premisas-en-salt-lake-city\/","title":{"rendered":"Abogado de Responsabilidad de las Premisas en Salt Lake City"},"content":{"rendered":"<p>\nLa comprensi\u00f3n de lo que es la responsabilidad premisa puede ser dif\u00edcil. Muchas veces, si tiene un desliz o una ca\u00edda, se puede asumir que es porque usted es una persona torpe, o ha perdido un paso. \u00bfSab\u00edas que muchas lesiones incluyendo <a href=\"https:\/\/craigswapp.com\/spanish\/es\/abogado-de-accidentes-de-resbalon-y-caida-en-salt-lake-city\/\">resbalones y ca\u00eddas<\/a>, a menudo puede ser causada por el medio ambiente que est\u00e1s?<\/p>\n<p>Como un <a href=\"https:\/\/craigswapp.com\/spanish\/es\/abogado-accidentes-de-peatones-en-salt-lake-city\/\">peat\u00f3n<\/a>, patr\u00f3n, o cliente, usted tiene ciertos derechos a un ambiente seguro. Hablando a un abogado de responsabilidad de las premisas en Salt Lake City, se puede ayudar a averiguar si usted tiene derecho a ning\u00fan tipo de compensaci\u00f3n.<\/p>\n<p>Aprender acerca de lo que es responsabilidad de las premisas, los ejemplos de causas, y c\u00f3mo un abogado de responsabilidad de las premisas puede ayudarle a obtener la compensaci\u00f3n que se merece.<\/p>\n<p>&nbsp;<\/p>\n<h2>\u00bfQu\u00e9 Es la Responsabilidad de las Premisas?<\/h2>\n<p>Responsabilidad de las premisas es cuando un due\u00f1o de una propiedad o un edificio es responsable de asegurarse de que proporcionan un ambiente seguro para los visitantes. Cada <a href=\"https:\/\/le.utah.gov\/xcode\/Title57\/Chapter14\/C57-14_1800010118000101.pdf\" target=\"_blank\" rel=\"noopener noreferrer\">estado<\/a> tiene leyes espec\u00edficas sobre su nivel local acerca de la responsabilidad del propietario tiene. \u00a1Las leyes pueden variar dependiendo de la naturaleza de la visita, si usted es un empleado en el edificio y mucho m\u00e1s!<\/p>\n<p>Sin embargo, todav\u00eda tiene derechos como un cliente que se deben seguir. Su abogado de responsabilidad de las premisas en Salt Lake City estar\u00e1 familiarizado con la ley respecto a su situaci\u00f3n, y puede ayudar a determinar si usted se merece una compensaci\u00f3n por su accidente.<\/p>\n<p>&nbsp;<\/p>\n<h2>Causas Comunes de Responsabilidad Premisas<\/h2>\n<p>La comprensi\u00f3n de los diferentes tipos de responsabilidad puede ayudar a identificar cu\u00e1les podr\u00edan que Si conoce el tipo de accidente que tuvo, puede ayudar a su abogado de responsabilidad premisas de Salt Lake City, determinar la compensaci\u00f3n que se merece.<\/p>\n<p>Estos son ejemplos de premisas de responsabilidad:<\/p>\n<ul>\n<li style=\"font-weight: 400;\"><strong>Responsabilidad del Propietario<\/strong> \u2013 Esta es la responsabilidad del propietario asegurarse de que su propiedad de alquiler cumple con las leyes de regulaci\u00f3n. Dependiendo de los t\u00e9rminos del contrato de arrendamiento, el arrendatario tendr\u00eda la responsabilidad total o parcial de las lesiones que se producen a cualquier persona que entra.<\/li>\n<li style=\"font-weight: 400;\"><strong>Responsabilidad del Terreno<\/strong> \u2013 Esta es la cargo del del propietario asegurarse de que su tierra se encuentra con <a href=\"http:\/\/portal.hud.gov\/hudportal\/HUD?src=\/topics\/rental_assistance\/tenantrights\" target=\"_blank\" rel=\"noopener noreferrer\">las regulaciones estatales<\/a>, y no tiene nada peligroso que podr\u00eda causar da\u00f1o a un visitante.<\/li>\n<li style=\"font-weight: 400;\"><strong>Responsabilidad de Negocios<\/strong> \u2013 Esta es la responsabilidad del propietario de la empresa para asegurarse de que no hay nada que pueda causar da\u00f1o al cliente. Esto incluye cualquier cosa en los pasillos, en los pisos, y en el ba\u00f1o, es seguro para su uso.<\/li>\n<\/ul>\n<p>&nbsp;<\/p>\n<h2>\u00bfCu\u00e1les Son Mis Opciones con Demandar por Responsabilidad del Establecimiento?<\/h2>\n<p>Entender todas sus opciones con su caso puede ser dif\u00edcil. Cada caso es \u00fanico y es importante que usted tiene los servicios calificados de <a href=\"https:\/\/craigswapp.com\/spanish\/es\/\">Craig Swapp Y Asociados<\/a> para ayudar a entender sus opciones.<\/p>\n<p>Coger el tel\u00e9fono y ll\u00e1menos al <a href=\"tel:18556285050\">1-855-628-5050<\/a> hoy para saber si est\u00e1 en condiciones de demandar. Queremos el mejor resultado para usted, llame ahora para que podamos empezar a trabajar en conseguirte la compensaci\u00f3n que merece inmediatamente.<\/p>\n","protected":false},"excerpt":{"rendered":"<p>La comprensi\u00f3n de lo que es la responsabilidad premisa puede ser dif\u00edcil. Muchas veces, si tiene un desliz o una ca\u00edda, se puede asumir que [&hellip;]<\/p>\n","protected":false},"author":2,"featured_media":0,"parent":0,"menu_order":0,"comment_status":"open","ping_status":"closed","template":"","meta":{"_acf_changed":false,"inline_featured_image":false,"footnotes":""},"class_list":["post-6055","page","type-page","status-publish","hentry"],"acf":[],"_links":{"self":[{"href":"https:\/\/craigswapp.com\/spanish\/wp-json\/wp\/v2\/pages\/6055","targetHints":{"allow":["GET"]}}],"collection":[{"href":"https:\/\/craigswapp.com\/spanish\/wp-json\/wp\/v2\/pages"}],"about":[{"href":"https:\/\/craigswapp.com\/spanish\/wp-json\/wp\/v2\/types\/page"}],"author":[{"embeddable":true,"href":"https:\/\/craigswapp.com\/spanish\/wp-json\/wp\/v2\/users\/2"}],"replies":[{"embeddable":true,"href":"https:\/\/craigswapp.com\/spanish\/wp-json\/wp\/v2\/comments?post=6055"}],"version-history":[{"count":1,"href":"https:\/\/craigswapp.com\/spanish\/wp-json\/wp\/v2\/pages\/6055\/revisions"}],"predecessor-version":[{"id":11282,"href":"https:\/\/craigswapp.com\/spanish\/wp-json\/wp\/v2\/pages\/6055\/revisions\/11282"}],"wp:attachment":[{"href":"https:\/\/craigswapp.com\/spanish\/wp-json\/wp\/v2\/media?parent=6055"}],"curies":[{"name":"wp","href":"https:\/\/api.w.org\/{rel}","templated":true}]}}