{"id":6054,"date":"2016-10-03T11:47:14","date_gmt":"2016-10-03T17:47:14","guid":{"rendered":"http:\/\/craigswapp1.wpengine.com\/?page_id=6054"},"modified":"2021-05-12T13:51:26","modified_gmt":"2021-05-12T13:51:26","slug":"abogado-de-responsabilidad-del-producto-en-salt-lake-city","status":"publish","type":"page","link":"https:\/\/craigswapp.com\/spanish\/abogado-de-responsabilidad-del-producto-en-salt-lake-city\/","title":{"rendered":"Abogado de Responsabilidad del Producto en Salt Lake City"},"content":{"rendered":"<p>\nDefectos del producto ocurren todos los d\u00edas. Muchas veces son dif\u00edciles de identificar, ya que es f\u00e1cil culpar al operador en lugar del producto. Un defecto del producto puede venir del fabricante con vistas a algo durante el montaje, una parte que falta, y mucho m\u00e1s.<\/p>\n<p>Por lo general, cuando esto ocurre hay algo llamado un <a href=\"http:\/\/www.recalls.gov\/\" target=\"_blank\" rel=\"noopener noreferrer\">retiro<\/a> f\u00e1brica en la que el fabricante permite a los clientes devolver los productos para reparaci\u00f3n o reembolsos completos. Por desgracia, muchos defectos de los productos no son capturados y causan mucho da\u00f1o a sus operadores.<\/p>\n<p>Con la ayuda de un abogado de responsabilidad del producto en Salt Lake City, se puede entender sus opciones y averiguar si puede ser compensado por su accidente producto defectuoso.<\/p>\n<p>&nbsp;<\/p>\n<h2>\u00bfCu\u00e1l Es la Responsabilidad del Producto?<\/h2>\n<p>Responsabilidad del producto es la ley que mantiene proveedores, f\u00e1bricas, distribuidores y fabricantes responsables ante la ley. Esta ley requiere que las regulaciones espec\u00edficas que deben seguirse para garantizar la seguridad de un producto.<\/p>\n<p>Cuando estas leyes no se cumplen, a menudo causan lesiones al consumidor. Esto es cuando un abogado de responsabilidad del producto en Salt Lake City puede ayudar a averiguar si usted tiene derecho a una indemnizaci\u00f3n por da\u00f1os y perjuicios.<\/p>\n<p>&nbsp;<\/p>\n<h2>Causas Comunes de Defectos del Producto<\/h2>\n<p>Con el fin de demostrar un defecto del producto, usted tiene que tener una causa probable. Esto significa que necesita tener una prueba de que el producto es lo que caus\u00f3 la lesi\u00f3n, accidente o da\u00f1o. Si est\u00e1 familiarizado con las causas m\u00e1s comunes que puede ayudar a su abogado de responsabilidad del producto en Salt Lake City a identificar sus opciones.<\/p>\n<p>Aqu\u00ed hay algunos <a href=\"http:\/\/www.cpsc.gov\/en\/Research--Statistics\/\" target=\"_blank\" rel=\"noopener noreferrer\">defectos de los productos<\/a> m\u00e1s comunes:<\/p>\n<ul>\n<li style=\"font-weight: 400;\"><strong>Peligro del Producto<\/strong> \u2013 Esto ocurre cuando un producto es f\u00edsicamente peligroso para los usuarios. Esto podr\u00eda ser un borde afilado, una luz ardiente, etc &#8230;<\/li>\n<li style=\"font-weight: 400;\"><strong>Riesgo de Producto<\/strong> \u2013 Esto es cuando un producto presenta un riesgo para la salud continuada a sus usuarios. Por ejemplo, cuando un producto utiliza productos qu\u00edmicos que han demostrado para ayudar en enfermedades espec\u00edficas.<\/li>\n<li style=\"font-weight: 400;\"><strong>Producto Averiada<\/strong> \u2013\u2002Esto es lo que ocurre cuando un producto no funciona como se describe por el fabricante y causa lesiones o la <a href=\"https:\/\/craigswapp.com\/spanish\/es\/abogado-de-muerta-injusta-en-salt-lake-city\/\">muerte<\/a>. Un ejemplo de esto podr\u00eda ser un defecto del <a href=\"https:\/\/craigswapp.com\/spanish\/es\/abogado-de-accidente-de-auto-en-salt-lake-city\/\">coche<\/a>, maquinaria pesada o el defecto de cualquier producto que tiene la fuerza para girar a la izquierda.<\/li>\n<li style=\"font-weight: 400;\"><\/li>\n<\/ul>\n<h2>\u00bfQui\u00e9n Puede Ayudar a Averiguar si Calificas para Demandar al Fabricante?<\/h2>\n<p>La identificaci\u00f3n de su defecto del producto puede ser dif\u00edcil, pero la comprensi\u00f3n de sus derechos puede ser a\u00fan m\u00e1s dif\u00edcil. Los defectos comunes mencionados son los m\u00e1s com\u00fanmente identificadas por los fabricantes, pero hay tantos otros defectos que pueden ser identificados. Su caso es \u00fanico y se merecen la ayuda \u00fanica. Deje que los abogados calificados en <a href=\"https:\/\/craigswapp.com\/spanish\/es\/\">Craig Swapp Y Asociados<\/a> ayudar a averiguar si est\u00e1 en condiciones de demandar indemnizaci\u00f3n de sus da\u00f1os o p\u00e9rdidas. Ll\u00e1menos hoy al <a href=\"tel:18556285050\">1-855-628-5050<\/a> y descubra lo que podemos hacer en conjunto para obtener el mejor resultado. Trabajamos en la recuperaci\u00f3n de los da\u00f1os o p\u00e9rdidas y vamos a trabajar en su \u00e9xito futuro.<\/p>\n","protected":false},"excerpt":{"rendered":"<p>Defectos del producto ocurren todos los d\u00edas. Muchas veces son dif\u00edciles de identificar, ya que es f\u00e1cil culpar al operador en lugar del producto. Un [&hellip;]<\/p>\n","protected":false},"author":2,"featured_media":0,"parent":0,"menu_order":0,"comment_status":"open","ping_status":"closed","template":"","meta":{"_acf_changed":false,"inline_featured_image":false,"footnotes":""},"class_list":["post-6054","page","type-page","status-publish","hentry"],"acf":[],"_links":{"self":[{"href":"https:\/\/craigswapp.com\/spanish\/wp-json\/wp\/v2\/pages\/6054","targetHints":{"allow":["GET"]}}],"collection":[{"href":"https:\/\/craigswapp.com\/spanish\/wp-json\/wp\/v2\/pages"}],"about":[{"href":"https:\/\/craigswapp.com\/spanish\/wp-json\/wp\/v2\/types\/page"}],"author":[{"embeddable":true,"href":"https:\/\/craigswapp.com\/spanish\/wp-json\/wp\/v2\/users\/2"}],"replies":[{"embeddable":true,"href":"https:\/\/craigswapp.com\/spanish\/wp-json\/wp\/v2\/comments?post=6054"}],"version-history":[{"count":1,"href":"https:\/\/craigswapp.com\/spanish\/wp-json\/wp\/v2\/pages\/6054\/revisions"}],"predecessor-version":[{"id":11294,"href":"https:\/\/craigswapp.com\/spanish\/wp-json\/wp\/v2\/pages\/6054\/revisions\/11294"}],"wp:attachment":[{"href":"https:\/\/craigswapp.com\/spanish\/wp-json\/wp\/v2\/media?parent=6054"}],"curies":[{"name":"wp","href":"https:\/\/api.w.org\/{rel}","templated":true}]}}