{"id":6053,"date":"2016-10-03T11:45:42","date_gmt":"2016-10-03T17:45:42","guid":{"rendered":"http:\/\/craigswapp1.wpengine.com\/?page_id=6053"},"modified":"2021-05-10T13:01:55","modified_gmt":"2021-05-10T13:01:55","slug":"abogado-de-lesion-de-la-columna-en-salt-lake-city","status":"publish","type":"page","link":"https:\/\/craigswapp.com\/spanish\/abogado-de-lesion-de-la-columna-en-salt-lake-city\/","title":{"rendered":"Abogado de Lesi\u00f3n de la Columna en Salt Lake City"},"content":{"rendered":"<p>\nUna lesi\u00f3n de columna es una de las lesiones m\u00e1s graves que puede soportar. Esto se debe a que su columna vertebral afecta a muchas otras partes de su cuerpo y determina su sentido de la movilidad.<\/p>\n<p>Si usted tiene una lesi\u00f3n en la columna, como resultado de un accidente que no fue su culpa, usted podr\u00eda tener derecho a una indemnizaci\u00f3n por sus <a href=\"https:\/\/craigswapp.com\/spanish\/es\/abogado-de-lesiones-personales-en-salt-lake-city\/\">lesiones<\/a>. Obtener informaci\u00f3n acerca de algunas de las causas comunes de una lesi\u00f3n en la columna que podr\u00eda dar lugar a una indemnizaci\u00f3n.<\/p>\n<p>Con la ayuda de un abogado de lesi\u00f3n de la columna en Salt Lake City, podr\u00edas averiguar si est\u00e1s en condiciones de demandar a la persona que tiene la culpa de su accidente.<\/p>\n<p>&nbsp;<\/p>\n<h2>\u00bfCu\u00e1les Son los S\u00edntomas de una Lesi\u00f3n en la Columna?<\/h2>\n<p><a href=\"https:\/\/medlineplus.gov\/spineinjuriesanddisorders.html\" target=\"_blank\" rel=\"noopener noreferrer\">Lesiones de la columna<\/a> son m\u00e1s comunes de lo esperado. Debido a esto, a veces los s\u00edntomas pueden parecer como muchas otras enfermedades. Algunos de los s\u00edntomas que incluyen:<\/p>\n<ul>\n<li style=\"font-weight: 400;\">Control de la vejiga<\/li>\n<li style=\"font-weight: 400;\">Los espasmos musculares<\/li>\n<li style=\"font-weight: 400;\">La falta de sensibilidad en las partes del cuerpo<\/li>\n<li style=\"font-weight: 400;\">Funci\u00f3n de Administraci\u00f3n de \u00f3rganos<\/li>\n<\/ul>\n<p>Estos son s\u00f3lo algunos de los muchos s\u00edntomas de una lesi\u00f3n en la columna vertebral. Un abogado de lesiones de la columna de Salt Lake City puede ayudar a identificar c\u00f3mo sus registros m\u00e9dicos pueden apoyar su demanda.<\/p>\n<p>&nbsp;<\/p>\n<h2>\u00bfC\u00f3mo S\u00e9 Si Puedo Obtener Compensaci\u00f3n por Mi Lesi\u00f3n de la Columna?<\/h2>\n<p>Hay muchas maneras de averiguar si la persona o empresa que tiene la culpa de su accidente pueden ser demandados por indemnizaci\u00f3n. La mejor manera de averiguar si usted est\u00e1 en una posici\u00f3n de demandar, es ponerse en contacto con un abogado de lesi\u00f3n de la columna en Salt Lake City.<\/p>\n<p>Ellos ser\u00e1n capaces de ver las cosas como d\u00f3nde ocurri\u00f3 el accidente, testimonios de testigos, el medio ambiente e incluso el historial m\u00e9dico de las personas involucradas. Es muy importante entender sus opciones, porque una lesi\u00f3n de columna es muy peligroso y puede afectar por el resto de su vida.<\/p>\n<p>&nbsp;<\/p>\n<h2>\u00bfQu\u00e9 Informaci\u00f3n Debo Dar a Mi Abogado de Lesi\u00f3n de la Columna en Salt Lake City?<\/h2>\n<p>La informaci\u00f3n m\u00e1s importante que puede proporcionar a su abogado es toda la documentaci\u00f3n de su accidente. La documentaci\u00f3n debe incluir los informes m\u00e9dicos, informes policiales, declaraciones de testigos, fotograf\u00edas y cualquier n\u00famero de negocios relacionados o licencias.<\/p>\n<p>Si por alguna raz\u00f3n se echa en falta alguna informaci\u00f3n, usted debe ofrecer toda informaci\u00f3n de contacto de las personas implicadas o empresa. Su abogado puede hacer contacto con los culpables y obtener la informaci\u00f3n necesaria. Esta documentaci\u00f3n ser\u00e1 un gran apoyo a su caso.<\/p>\n<p>&nbsp;<\/p>\n<h2>\u00bfD\u00f3nde Puedo Encontrar al Abogado Adecuado para Que Me Ayude con Mi Demanda?<\/h2>\n<p>Para obtener ayuda con su demanda, todo lo que tiene que hacer es llamar a uno de nuestros abogados calificados de lesiones de la columna vertebral de Salt Lake City. Aqu\u00ed en <a href=\"https:\/\/craigswapp.com\/spanish\/\">Craig Swapp Y Asociados<\/a> podemos encontrar sus opciones y comenzar el proceso para obtener la compensaci\u00f3n que se merece.<\/p>\n<p>Mientras m\u00e1s pronto llame, m\u00e1s r\u00e1pido podremos ayudarle. Su historia tiene valor y queremos que usted tenga \u00e9xito. Ll\u00e1menos al <a href=\"tel:18556285050\">1-855-628-5050<\/a> y finalmente resolver su accidente.<\/p>\n","protected":false},"excerpt":{"rendered":"<p>Una lesi\u00f3n de columna es una de las lesiones m\u00e1s graves que puede soportar. Esto se debe a que su columna vertebral afecta a muchas [&hellip;]<\/p>\n","protected":false},"author":2,"featured_media":0,"parent":0,"menu_order":0,"comment_status":"open","ping_status":"closed","template":"","meta":{"_acf_changed":false,"inline_featured_image":false,"footnotes":""},"class_list":["post-6053","page","type-page","status-publish","hentry"],"acf":[],"_links":{"self":[{"href":"https:\/\/craigswapp.com\/spanish\/wp-json\/wp\/v2\/pages\/6053","targetHints":{"allow":["GET"]}}],"collection":[{"href":"https:\/\/craigswapp.com\/spanish\/wp-json\/wp\/v2\/pages"}],"about":[{"href":"https:\/\/craigswapp.com\/spanish\/wp-json\/wp\/v2\/types\/page"}],"author":[{"embeddable":true,"href":"https:\/\/craigswapp.com\/spanish\/wp-json\/wp\/v2\/users\/2"}],"replies":[{"embeddable":true,"href":"https:\/\/craigswapp.com\/spanish\/wp-json\/wp\/v2\/comments?post=6053"}],"version-history":[{"count":1,"href":"https:\/\/craigswapp.com\/spanish\/wp-json\/wp\/v2\/pages\/6053\/revisions"}],"predecessor-version":[{"id":10889,"href":"https:\/\/craigswapp.com\/spanish\/wp-json\/wp\/v2\/pages\/6053\/revisions\/10889"}],"wp:attachment":[{"href":"https:\/\/craigswapp.com\/spanish\/wp-json\/wp\/v2\/media?parent=6053"}],"curies":[{"name":"wp","href":"https:\/\/api.w.org\/{rel}","templated":true}]}}