{"id":5994,"date":"2016-09-28T16:45:42","date_gmt":"2016-09-28T22:45:42","guid":{"rendered":"http:\/\/craigswapp1.wpengine.com\/?page_id=5994"},"modified":"2021-05-12T12:54:58","modified_gmt":"2021-05-12T12:54:58","slug":"abogado-lesiones-columna-accidentes-camiones-spokane","status":"publish","type":"page","link":"https:\/\/craigswapp.com\/spanish\/spokane\/abogado-accidentes-camiones-spokane\/abogado-lesiones-columna-accidentes-camiones-spokane\/","title":{"rendered":"Abogado de lesiones de la columna de accidentes de camiones en Spokane"},"content":{"rendered":"<p>\nLos accidentes de camiones pueden provocar lesiones debilitantes y a largo plazo. Si sufri\u00f3 una lesi\u00f3n en la columna vertebral o la espalda en un accidente con un cami\u00f3n grande y no est\u00e1 seguro de c\u00f3mo proceder, debe hablar con un abogado de lesiones en la columna vertebral de Spokane de Craig Swapp &amp; Associates para que le contesten sus preguntas.<\/p>\n<p>Manejamos casos como estos de manera regular y podemos ayudarlo a recibir la compensaci\u00f3n que podr\u00eda permitir su recuperaci\u00f3n.<\/p>\n<p>&nbsp;<\/p>\n<h2>C\u00f3mo puede ayudar un abogado<\/h2>\n<p>Despu\u00e9s de estar en un accidente de cami\u00f3n, nunca se recomienda trabajar directamente con la compa\u00f1\u00eda de seguros del camionero. Su objetivo es reducir la compensaci\u00f3n que recibe en la mayor medida posible, lo que significa que sus intereses no est\u00e1n alineados con los suyos.<\/p>\n<p>La \u00fanica manera de tener un verdadero defensor que proteja sus derechos es contratar a su propio abogado de accidentes de camiones. Podemos realizar todas las siguientes tareas en su nombre:<\/p>\n<ul>\n<li style=\"font-weight: 400;\">Proteger sus derechos<\/li>\n<li style=\"font-weight: 400;\">Recopilar evidencia<\/li>\n<li style=\"font-weight: 400;\">Presentar una demanda<\/li>\n<li style=\"font-weight: 400;\">Negociar con la compa\u00f1\u00eda de seguros<\/li>\n<li style=\"font-weight: 400;\">Representarle en la corte<\/li>\n<li style=\"font-weight: 400;\">Y m\u00e1s<\/li>\n<\/ul>\n<p>&nbsp;<\/p>\n<h2>Probando negligencia<\/h2>\n<p>Antes de presentar una demanda, tendremos que revisar los detalles de su accidente para poder determinar qui\u00e9n fue responsable o negligente. En un accidente de cami\u00f3n, esto es particularmente importante porque tanto el conductor como la compa\u00f1\u00eda de camiones podr\u00edan tener alguna responsabilidad por el accidente.<\/p>\n<p>Por ejemplo, si el conductor del cami\u00f3n caus\u00f3 el accidente porque conduc\u00eda distra\u00eddo, la negligencia ser\u00eda clara. Sin embargo, si el cami\u00f3n estaba en mal estado, lo que ocasion\u00f3 que el conductor no pudiera detenerse o reducir la velocidad lo suficientemente r\u00e1pido, la compa\u00f1\u00eda podr\u00eda tener la culpa.<\/p>\n<p>Como sus abogados, podemos nombrar a todas las partes culpables en la demanda para maximizar la compensaci\u00f3n por su reclamo.<\/p>\n<p>&nbsp;<\/p>\n<h2>Compensaci\u00f3n<\/h2>\n<p>Si ha sufrido gastos importantes debido a su lesi\u00f3n en la espalda, la mejor manera de recuperarlos es presentar una demanda por lesiones personales.<\/p>\n<p>Al analizar sus opciones, le haremos preguntas sobre cualquier gasto en el que haya incurrido como resultado de su lesi\u00f3n en la espalda. Esto nos permite buscar dinero para todos los siguientes elementos:<\/p>\n<ul>\n<li style=\"font-weight: 400;\">Su tratamiento m\u00e9dico actual y futuro<\/li>\n<li style=\"font-weight: 400;\">Salarios que ha perdido debido a la incapacidad para trabajar<\/li>\n<li style=\"font-weight: 400;\">El costo de contratar ayuda para una incapacidad para trabajar<\/li>\n<li style=\"font-weight: 400;\">Rehabilitaci\u00f3n, fisioterapia o masajes<\/li>\n<li style=\"font-weight: 400;\">Costo de una silla de ruedas u otro equipo de movilidad<\/li>\n<li style=\"font-weight: 400;\">Dinero para el reequipamiento de su casa o veh\u00edculo<\/li>\n<\/ul>\n<p>Cualquier gasto o da\u00f1o que haya sufrido como resultado de su accidente debe contabilizarse en su arreglo<\/p>\n<p>&nbsp;<\/p>\n<h2>Par\u00e1lisis y atenci\u00f3n a largo plazo<\/h2>\n<p>Las lesiones de la columna a veces pueden conducir a una par\u00e1lisis total o parcial. Cuando esto sucede, usted merece recibir dinero para cubrir el impacto a largo plazo en su vida:<\/p>\n<ul>\n<li style=\"font-weight: 400;\">Atenci\u00f3n m\u00e9dica a largo plazo<\/li>\n<li>Dolor y sufrimiento<\/li>\n<li style=\"font-weight: 400;\">Disminuci\u00f3n del disfrute de la vida<\/li>\n<li style=\"font-weight: 400;\">P\u00e9rdida de consorcio<\/li>\n<\/ul>\n<p>&nbsp;<\/p>\n<h2>Hable con un abogado con experiencia en accidentes de camiones<\/h2>\n<p>Prot\u00e9jase, proteja su futuro y sus derechos contratando a un abogado de Craig Swapp &amp; Associates. Tenemos experiencia en el manejo de reclamos por accidentes de camiones y entendemos las repercusiones asociadas con una lesi\u00f3n en la espalda. Puede comunicarse con nosotros completando el siguiente formulario o llam\u00e1ndonos al 1-855-628-5050.<\/p>\n","protected":false},"excerpt":{"rendered":"<p>Los accidentes de camiones pueden provocar lesiones debilitantes y a largo plazo. Si sufri\u00f3 una lesi\u00f3n en la columna vertebral o la espalda en un [&hellip;]<\/p>\n","protected":false},"author":2,"featured_media":0,"parent":3932,"menu_order":0,"comment_status":"closed","ping_status":"closed","template":"","meta":{"_acf_changed":false,"inline_featured_image":false,"footnotes":""},"class_list":["post-5994","page","type-page","status-publish","hentry"],"acf":[],"_links":{"self":[{"href":"https:\/\/craigswapp.com\/spanish\/wp-json\/wp\/v2\/pages\/5994","targetHints":{"allow":["GET"]}}],"collection":[{"href":"https:\/\/craigswapp.com\/spanish\/wp-json\/wp\/v2\/pages"}],"about":[{"href":"https:\/\/craigswapp.com\/spanish\/wp-json\/wp\/v2\/types\/page"}],"author":[{"embeddable":true,"href":"https:\/\/craigswapp.com\/spanish\/wp-json\/wp\/v2\/users\/2"}],"replies":[{"embeddable":true,"href":"https:\/\/craigswapp.com\/spanish\/wp-json\/wp\/v2\/comments?post=5994"}],"version-history":[{"count":1,"href":"https:\/\/craigswapp.com\/spanish\/wp-json\/wp\/v2\/pages\/5994\/revisions"}],"predecessor-version":[{"id":11152,"href":"https:\/\/craigswapp.com\/spanish\/wp-json\/wp\/v2\/pages\/5994\/revisions\/11152"}],"up":[{"embeddable":true,"href":"https:\/\/craigswapp.com\/spanish\/wp-json\/wp\/v2\/pages\/3932"}],"wp:attachment":[{"href":"https:\/\/craigswapp.com\/spanish\/wp-json\/wp\/v2\/media?parent=5994"}],"curies":[{"name":"wp","href":"https:\/\/api.w.org\/{rel}","templated":true}]}}