{"id":5993,"date":"2016-09-28T16:43:10","date_gmt":"2016-09-28T22:43:10","guid":{"rendered":"http:\/\/craigswapp1.wpengine.com\/?page_id=5993"},"modified":"2021-05-12T12:54:50","modified_gmt":"2021-05-12T12:54:50","slug":"abogado-lesiones-cerebrales-accidentes-camiones-spokane","status":"publish","type":"page","link":"https:\/\/craigswapp.com\/spanish\/spokane\/abogado-accidentes-camiones-spokane\/abogado-lesiones-cerebrales-accidentes-camiones-spokane\/","title":{"rendered":"Abogado de lesiones cerebrales en accidentes de camiones en Spokane"},"content":{"rendered":"<p>\nLos accidentes de camiones representan al menos 111,000 lesiones cada a\u00f1o, muchas de las cuales son lesiones cerebrales de alg\u00fan tipo.<\/p>\n<p>Una lesi\u00f3n cerebral puede conducir a desaf\u00edos f\u00edsicos, mentales y emocionales inmediatos y a largo plazo, por lo que si ha sufrido uno en un accidente de 18 ruedas, debe hablar con un abogado de lesiones cerebrales en accidentes de camiones en Spokane de Craig Swapp &amp; Associates sobre sus opciones legales.<\/p>\n<p>&nbsp;<\/p>\n<h2>Est\u00e9 atento a los s\u00edntomas de lesi\u00f3n cerebral<\/h2>\n<p>A menos que una lesi\u00f3n en la cabeza provoque sangrado, hematomas, p\u00e9rdida de conciencia o hinchaz\u00f3n inmediata, es posible pasar por alto los signos de una lesi\u00f3n cerebral traum\u00e1tica. No siempre son f\u00edsicamente evidentes y, a menudo, no se diagnostican.<\/p>\n<p>Esto hace que sea necesario pedirle a su m\u00e9dico que complete un diagn\u00f3stico completo despu\u00e9s de su accidente y que tambi\u00e9n observe signos de una lesi\u00f3n en la cabeza por su cuenta. Estos pueden incluir cualquiera de los siguientes:<\/p>\n<ul>\n<li style=\"font-weight: 400;\">Cambios de humor<\/li>\n<li style=\"font-weight: 400;\">Incapacidad para procesar informaci\u00f3n<\/li>\n<li style=\"font-weight: 400;\">Dolores de cabeza severos y migra\u00f1as<\/li>\n<li style=\"font-weight: 400;\">Mareos o falta de equilibrio y coordinaci\u00f3n<\/li>\n<li style=\"font-weight: 400;\">Fatiga constante<\/li>\n<\/ul>\n<p>No todos los s\u00edntomas se enumeran aqu\u00ed, por lo que si se siente \u00abapagado\u00bb despu\u00e9s de su accidente de cami\u00f3n, debe hablar con su m\u00e9dico de inmediato. Una lesi\u00f3n cerebral no tratada puede ponerlo en riesgo de muerte, as\u00ed que no se diagnostique si cree que algo est\u00e1 mal.<\/p>\n<p>&nbsp;<\/p>\n<h2>Empieza una demanda inmediatamente<\/h2>\n<p>Dado que las lesiones cerebrales a veces no se diagnostican durante meses, contratar a un abogado de accidentes de camiones en Spokane y presentar una demanda de inmediato es su mejor curso de acci\u00f3n despu\u00e9s de un accidente. Esto se debe a que en el estado de Washington, hay un estatuto de limitaciones de tres a\u00f1os. Si demanda m\u00e1s all\u00e1 de eso, su caso podr\u00eda ser sacado de la corte, dej\u00e1ndolo con pocas opciones para recuperar da\u00f1os financieros.<\/p>\n<p>Si le preocupa la presentaci\u00f3n antes de alcanzar una recuperaci\u00f3n completa, no lo haga. Podemos estimar el costo de sus gastos m\u00e9dicos futuros al evaluar su reclamo, por lo que no hay necesidad de retrasarlo.<\/p>\n<p>&nbsp;<\/p>\n<h2>Determinaci\u00f3n de falla<\/h2>\n<p>Para presentar una demanda exitosa, primero debemos investigar qu\u00e9 sucedi\u00f3 durante su accidente y determinar qui\u00e9n fue el responsable. En un accidente de camiones, hay varias partes que podr\u00edan compartir la responsabilidad, por lo que es fundamental que identifiquemos el papel que desempe\u00f1\u00f3 cada uno.<\/p>\n<p>Investigaremos la responsabilidad de las partes enumeradas a continuaci\u00f3n:<\/p>\n<ul>\n<li style=\"font-weight: 400;\">Conductor de cami\u00f3n<\/li>\n<li style=\"font-weight: 400;\">Compa\u00f1\u00eda de camiones<\/li>\n<li style=\"font-weight: 400;\">Otros veh\u00edculos<\/li>\n<li style=\"font-weight: 400;\">Condiciones del camino<\/li>\n<\/ul>\n<p>Si m\u00e1s de una parte contribuy\u00f3 a su accidente, podemos nombrarlos a todos en su demanda, lo que le permite maximizar la compensaci\u00f3n que recibe.<\/p>\n<p>&nbsp;<\/p>\n<h2>Poner un valor en su reclamo<\/h2>\n<p>Durante una consulta, nuestros clientes generalmente quieren saber cu\u00e1nto dinero pueden recibir por una lesi\u00f3n en la cabeza, una conmoci\u00f3n cerebral u otra lesi\u00f3n cerebral traum\u00e1tica. La respuesta a esta pregunta radica en c\u00f3mo su lesi\u00f3n ha impactado su vida.<\/p>\n<p>Puede recibir una compensaci\u00f3n por sus facturas m\u00e9dicas relacionadas con accidentes, incluido el costo de rehabilitaci\u00f3n, medicamentos, hospitalizaci\u00f3n, pruebas y futuros gastos m\u00e9dicos.<\/p>\n<p>Tambi\u00e9n podr\u00eda calificar para recibir una compensaci\u00f3n por sus salarios perdidos si ha tenido que tomarse un tiempo libre del trabajo o no ha podido trabajar.<\/p>\n<p>Finalmente, cualquier gasto adicional que haya acumulado debido a su lesi\u00f3n puede ser reembolsado. Esto puede incluir una estimaci\u00f3n de cu\u00e1les pueden ser esos gastos futuros tambi\u00e9n.<\/p>\n<p>&nbsp;<\/p>\n<h2>Ayuda de un abogado de accidentes de camiones en Spokane<\/h2>\n<p>No deber\u00eda tener que sufrir la aplastante deuda y la disminuci\u00f3n de la calidad de vida que a menudo sigue a una lesi\u00f3n en la cabeza. En cambio, responsabilice a la parte responsable y presente una demanda con la ayuda de un abogado de Craig Swapp &amp; Associates.<\/p>\n<p>Podemos discutir sus opciones legales en mayor detalle durante su consulta gratuita, as\u00ed que llame al 1-855-628-5050 o complete el siguiente formulario para comunicarse con nosotros.<\/p>\n","protected":false},"excerpt":{"rendered":"<p>Los accidentes de camiones representan al menos 111,000 lesiones cada a\u00f1o, muchas de las cuales son lesiones cerebrales de alg\u00fan tipo. Una lesi\u00f3n cerebral puede [&hellip;]<\/p>\n","protected":false},"author":2,"featured_media":0,"parent":3932,"menu_order":0,"comment_status":"closed","ping_status":"closed","template":"","meta":{"_acf_changed":false,"inline_featured_image":false,"footnotes":""},"class_list":["post-5993","page","type-page","status-publish","hentry"],"acf":[],"_links":{"self":[{"href":"https:\/\/craigswapp.com\/spanish\/wp-json\/wp\/v2\/pages\/5993","targetHints":{"allow":["GET"]}}],"collection":[{"href":"https:\/\/craigswapp.com\/spanish\/wp-json\/wp\/v2\/pages"}],"about":[{"href":"https:\/\/craigswapp.com\/spanish\/wp-json\/wp\/v2\/types\/page"}],"author":[{"embeddable":true,"href":"https:\/\/craigswapp.com\/spanish\/wp-json\/wp\/v2\/users\/2"}],"replies":[{"embeddable":true,"href":"https:\/\/craigswapp.com\/spanish\/wp-json\/wp\/v2\/comments?post=5993"}],"version-history":[{"count":1,"href":"https:\/\/craigswapp.com\/spanish\/wp-json\/wp\/v2\/pages\/5993\/revisions"}],"predecessor-version":[{"id":11151,"href":"https:\/\/craigswapp.com\/spanish\/wp-json\/wp\/v2\/pages\/5993\/revisions\/11151"}],"up":[{"embeddable":true,"href":"https:\/\/craigswapp.com\/spanish\/wp-json\/wp\/v2\/pages\/3932"}],"wp:attachment":[{"href":"https:\/\/craigswapp.com\/spanish\/wp-json\/wp\/v2\/media?parent=5993"}],"curies":[{"name":"wp","href":"https:\/\/api.w.org\/{rel}","templated":true}]}}