{"id":5984,"date":"2016-09-28T14:27:43","date_gmt":"2016-09-28T20:27:43","guid":{"rendered":"http:\/\/craigswapp1.wpengine.com\/?page_id=5984"},"modified":"2021-05-12T13:04:10","modified_gmt":"2021-05-12T13:04:10","slug":"abogado-lesiones-columna-vertebral-spokane","status":"publish","type":"page","link":"https:\/\/craigswapp.com\/spanish\/spokane\/abogado-lesiones-columna-vertebral-spokane\/","title":{"rendered":"Abogado de lesiones de la columna vertebral en Spokane"},"content":{"rendered":"<p>\nSi su columna vertebral se da\u00f1\u00f3 debido a las acciones negligentes de otra persona, no deber\u00eda tener que pagar los gastos m\u00e9dicos resultantes o no recibir compensaci\u00f3n por el impacto negativo que dicha lesi\u00f3n tendr\u00e1 en su vida.<\/p>\n<p>En su lugar, puede presentar una demanda por lesiones personales contra la parte negligente para recibir un arreglo monetario. Un abogado especialista en lesiones de la columna vertebral en Spokane de Craig Swapp &amp; Associates puede ayudarlo a superar los obst\u00e1culos legales y representarlo en todo el proceso.<\/p>\n<p>&nbsp;<\/p>\n<h2>Demostrando negligencia<\/h2>\n<p>Durante su consulta gratuita, su abogado de lesiones de la columna vertebral en Spokane repasar\u00e1 lo que sucedi\u00f3 antes, durante y despu\u00e9s de su accidente para determinar qui\u00e9n fue negligente y, por lo tanto, responsable. Luego reuniremos evidencia para respaldar su reclamo. Esto puede incluir todos los siguientes elementos:<\/p>\n<ul>\n<li style=\"font-weight: 400;\">Reportes del accidente presentados ante la polic\u00eda o patrulla estatal<\/li>\n<li style=\"font-weight: 400;\">Fotos tomadas en el accidente o por el taller<\/li>\n<li style=\"font-weight: 400;\">Registros m\u00e9dicos relacionados con el accidente<\/li>\n<li style=\"font-weight: 400;\">Declaraciones de los testigos<\/li>\n<li style=\"font-weight: 400;\">Video del accidente o la escena del accidente<\/li>\n<li style=\"font-weight: 400;\">Y m\u00e1s<\/li>\n<\/ul>\n<p>Si su lesi\u00f3n en la columna vertebral fue causada por negligencia m\u00e9dica, un accidente automovil\u00edstico o algo m\u00e1s, podremos ayudarlo a determinar c\u00f3mo proceder con su caso.<\/p>\n<p>&nbsp;<\/p>\n<h2>Obtenga m\u00e1s por su lesi\u00f3n<\/h2>\n<p>Su abogado de lesiones de la columna vertebral en Spokane evaluar\u00e1 todas las formas en las que ha sido afectado por su accidente. Despu\u00e9s de su lesi\u00f3n en la espalda, podr\u00eda tener derecho a una compensaci\u00f3n por cualquiera de los art\u00edculos que se enumeran a continuaci\u00f3n:<\/p>\n<ul>\n<li style=\"font-weight: 400;\">Dinero para pagar sus facturas m\u00e9dicas actuales y futuras<\/li>\n<li style=\"font-weight: 400;\">Gastos asociados con la contrataci\u00f3n de un cuidador para usted o sus hijos<\/li>\n<li style=\"font-weight: 400;\">Gastos de transporte<\/li>\n<li style=\"font-weight: 400;\">Una silla de ruedas u otros dispositivos de movilidad<\/li>\n<li style=\"font-weight: 400;\">Gastos de rehabilitaci\u00f3n y terapia<\/li>\n<li style=\"font-weight: 400;\">Reequipamiento necesario de su hogar para acomodar la lesi\u00f3n<\/li>\n<li style=\"font-weight: 400;\">Salarios perdidos por no poder trabajar<\/li>\n<\/ul>\n<p>&nbsp;<\/p>\n<h2>Corte o no<\/h2>\n<p>La retenci\u00f3n de los servicios de un abogado de lesiones de la columna vertebral en Spokane no significa necesariamente que tendr\u00e1 que ir a la corte. De hecho, a veces contratar a un abogado es precisamente lo que convence a la otra parte a negociar de buena fe.<\/p>\n<p>Sin embargo, si no le hacen una oferta razonable, presentar una demanda puede convertirse en su mejor curso de acci\u00f3n. Cualquiera que sea el curso de acci\u00f3n m\u00e1s apropiado para su situaci\u00f3n, lo representaremos y le asesoraremos sobre cu\u00e1l debe ser el pr\u00f3ximo paso.<\/p>\n<p>&nbsp;<\/p>\n<h2>Ayuda de un abogado de lesiones de la columna vertebral en Spokane<\/h2>\n<p>Programe una cita con un abogado de lesiones de la columna vertebral en Spokane de Craig Swapp &amp; Associates hoy. Comenzaremos a recopilar la evidencia necesaria para construir un caso s\u00f3lido por el que merece una compensaci\u00f3n financiera.<\/p>\n<p>Los abogados de nuestra oficina est\u00e1n comprometidos y dedicados a atender las necesidades de nuestros clientes. Haremos todo lo posible para obtener el acuerdo que usted merece. Comenzar es tan sencillo como completar el siguiente formulario de contacto o llamar al 1-800-404-9000.<\/p>\n","protected":false},"excerpt":{"rendered":"<p>Si su columna vertebral se da\u00f1\u00f3 debido a las acciones negligentes de otra persona, no deber\u00eda tener que pagar los gastos m\u00e9dicos resultantes o no [&hellip;]<\/p>\n","protected":false},"author":2,"featured_media":0,"parent":3734,"menu_order":0,"comment_status":"closed","ping_status":"closed","template":"","meta":{"_acf_changed":false,"inline_featured_image":false,"footnotes":""},"class_list":["post-5984","page","type-page","status-publish","hentry"],"acf":[],"_links":{"self":[{"href":"https:\/\/craigswapp.com\/spanish\/wp-json\/wp\/v2\/pages\/5984","targetHints":{"allow":["GET"]}}],"collection":[{"href":"https:\/\/craigswapp.com\/spanish\/wp-json\/wp\/v2\/pages"}],"about":[{"href":"https:\/\/craigswapp.com\/spanish\/wp-json\/wp\/v2\/types\/page"}],"author":[{"embeddable":true,"href":"https:\/\/craigswapp.com\/spanish\/wp-json\/wp\/v2\/users\/2"}],"replies":[{"embeddable":true,"href":"https:\/\/craigswapp.com\/spanish\/wp-json\/wp\/v2\/comments?post=5984"}],"version-history":[{"count":1,"href":"https:\/\/craigswapp.com\/spanish\/wp-json\/wp\/v2\/pages\/5984\/revisions"}],"predecessor-version":[{"id":11188,"href":"https:\/\/craigswapp.com\/spanish\/wp-json\/wp\/v2\/pages\/5984\/revisions\/11188"}],"up":[{"embeddable":true,"href":"https:\/\/craigswapp.com\/spanish\/wp-json\/wp\/v2\/pages\/3734"}],"wp:attachment":[{"href":"https:\/\/craigswapp.com\/spanish\/wp-json\/wp\/v2\/media?parent=5984"}],"curies":[{"name":"wp","href":"https:\/\/api.w.org\/{rel}","templated":true}]}}