{"id":5983,"date":"2016-09-28T14:26:20","date_gmt":"2016-09-28T20:26:20","guid":{"rendered":"http:\/\/craigswapp1.wpengine.com\/?page_id=5983"},"modified":"2021-05-12T13:04:00","modified_gmt":"2021-05-12T13:04:00","slug":"abogado-lesiones-cerebrales-spokane","status":"publish","type":"page","link":"https:\/\/craigswapp.com\/spanish\/spokane\/abogado-lesiones-cerebrales-spokane\/","title":{"rendered":"Abogado de lesiones cerebrales en Spokane"},"content":{"rendered":"<p>\nSi sufri\u00f3 una lesi\u00f3n cerebral traum\u00e1tica, podr\u00eda enfrentar impedimentos f\u00edsicos, mentales y emocionales por el resto de su vida. Una lesi\u00f3n cerebral es una lesi\u00f3n grave que puede conducir f\u00e1cilmente a una discapacidad a largo plazo.<\/p>\n<p>Si alguien m\u00e1s le caus\u00f3 una lesi\u00f3n cerebral, debe consultar inmediatamente con un abogado de lesiones cerebrales en Spokane de Craig Swapp &amp; Associates. Podemos ayudarlo a buscar justicia y compensaci\u00f3n por parte de los responsables de causarle da\u00f1o.<\/p>\n<p>&nbsp;<\/p>\n<h2>C\u00f3mo presentar una demanda por lesiones personales<\/h2>\n<p>Podemos ayudarlo a recibir la compensaci\u00f3n financiera que se merece, independientemente de si su lesi\u00f3n cerebral ocurri\u00f3 en un accidente automovil\u00edstico, resbal\u00f3n y ca\u00edda, o cualquier otro tipo de accidente. Siempre que su lesi\u00f3n haya sido causada por la negligencia de otra persona, puede poner una demanda contra \u00e9l o ella.<\/p>\n<p>&nbsp;<\/p>\n<h2>Evidencia de una lesi\u00f3n en la cabeza<\/h2>\n<p>A veces, una lesi\u00f3n cerebral traum\u00e1tica (LCT) pasar\u00e1 desapercibida o no se diagnosticar\u00e1. Despu\u00e9s de sufrir un accidente, debe vigilar las evidencias de una lesi\u00f3n en la cabeza, que puede incluir lo siguiente:<\/p>\n<ul>\n<li style=\"font-weight: 400;\">Dolores de cabeza constantes<\/li>\n<li style=\"font-weight: 400;\">Visi\u00f3n borrosa<\/li>\n<li style=\"font-weight: 400;\">P\u00e9rdida del equilibrio<\/li>\n<li style=\"font-weight: 400;\">Cambios de humor repentinos e inexplicables<\/li>\n<li style=\"font-weight: 400;\">Dificultades con la comprensi\u00f3n y el enfoque mental<\/li>\n<\/ul>\n<p>Si tiene alguno de estos s\u00edntomas o se siente extra\u00f1o despu\u00e9s de su accidente, debe visitar a un m\u00e9dico para una evaluaci\u00f3n m\u00e9dica completa de inmediato. Si se le diagnostica una lesi\u00f3n en la cabeza, debe llamar a nuestra oficina y hablar con un abogado de lesiones cerebrales en Spokane para explorar sus opciones de compensaci\u00f3n.<\/p>\n<p>&nbsp;<\/p>\n<h2>Demandar antes de que expire el estatuto de limitaciones<\/h2>\n<p>Despu\u00e9s de sufrir una lesi\u00f3n cerebral, tiene derecho a presentar una demanda, pero debe hacerlo antes de que expire el plazo de prescripci\u00f3n. El Estado de Washington le permite tres a\u00f1os para tomar medidas mediante una demanda por lesiones personales.<\/p>\n<p>Para proteger sus derechos, debe llamar a nuestra oficina y hablar con un abogado de lesiones cerebrales en Spokane de inmediato. Podemos presentar su demanda incluso cuando a\u00fan est\u00e9 recibiendo atenci\u00f3n m\u00e9dica, lo que garantiza que no pierda la oportunidad de recibir una compensaci\u00f3n monetaria.<\/p>\n<p>&nbsp;<\/p>\n<h2>Compensaci\u00f3n por una lesi\u00f3n cerebral<\/h2>\n<p>Cuando analicemos el impacto que su lesi\u00f3n en la cabeza ha tenido en su salud f\u00edsica y estilo de vida, buscaremos cualquier gasto que haya acumulado y cualquier cosa que haya perdido debido a su lesi\u00f3n. Por ejemplo, puede recibir una compensaci\u00f3n por todo lo siguiente:<\/p>\n<ul>\n<li style=\"font-weight: 400;\">Perdi\u00f3 los salarios debido a tomarse un tiempo libre del trabajo o no poder mantener su trabajo<\/li>\n<li style=\"font-weight: 400;\">Gastos m\u00e9dicos, incluidas sus facturas m\u00e9dicas futuras<\/li>\n<li style=\"font-weight: 400;\">Costo de contratar cuidadores<\/li>\n<li style=\"font-weight: 400;\">Dolor y sufrimiento<\/li>\n<li style=\"font-weight: 400;\">Y m\u00e1s<\/li>\n<\/ul>\n<p>Su abogado de lesiones cerebrales en Spokane valorar\u00e1 completamente su reclamo y se asegurar\u00e1 de que todos sus da\u00f1os y p\u00e9rdidas se tengan en cuenta en el monto de su arreglo final.<\/p>\n<p>&nbsp;<\/p>\n<h2>Ayuda de un abogado de lesiones cerebrales en Spokane<\/h2>\n<p>No se demore en discutir su caso con un abogado de lesiones cerebrales en Spokane. En Craig Swapp &amp; Associates, su consulta inicial es gratuita y no tiene ninguna obligaci\u00f3n con usted. Perm\u00edtanos ayudarlo a buscar la compensaci\u00f3n que podr\u00eda permitir su recuperaci\u00f3n. Simplemente complete el formulario a continuaci\u00f3n o ll\u00e1menos al 800-404-9000.<\/p>\n","protected":false},"excerpt":{"rendered":"<p>Si sufri\u00f3 una lesi\u00f3n cerebral traum\u00e1tica, podr\u00eda enfrentar impedimentos f\u00edsicos, mentales y emocionales por el resto de su vida. Una lesi\u00f3n cerebral es una lesi\u00f3n [&hellip;]<\/p>\n","protected":false},"author":2,"featured_media":0,"parent":3734,"menu_order":0,"comment_status":"closed","ping_status":"closed","template":"","meta":{"_acf_changed":false,"inline_featured_image":false,"footnotes":""},"class_list":["post-5983","page","type-page","status-publish","hentry"],"acf":[],"_links":{"self":[{"href":"https:\/\/craigswapp.com\/spanish\/wp-json\/wp\/v2\/pages\/5983","targetHints":{"allow":["GET"]}}],"collection":[{"href":"https:\/\/craigswapp.com\/spanish\/wp-json\/wp\/v2\/pages"}],"about":[{"href":"https:\/\/craigswapp.com\/spanish\/wp-json\/wp\/v2\/types\/page"}],"author":[{"embeddable":true,"href":"https:\/\/craigswapp.com\/spanish\/wp-json\/wp\/v2\/users\/2"}],"replies":[{"embeddable":true,"href":"https:\/\/craigswapp.com\/spanish\/wp-json\/wp\/v2\/comments?post=5983"}],"version-history":[{"count":2,"href":"https:\/\/craigswapp.com\/spanish\/wp-json\/wp\/v2\/pages\/5983\/revisions"}],"predecessor-version":[{"id":11187,"href":"https:\/\/craigswapp.com\/spanish\/wp-json\/wp\/v2\/pages\/5983\/revisions\/11187"}],"up":[{"embeddable":true,"href":"https:\/\/craigswapp.com\/spanish\/wp-json\/wp\/v2\/pages\/3734"}],"wp:attachment":[{"href":"https:\/\/craigswapp.com\/spanish\/wp-json\/wp\/v2\/media?parent=5983"}],"curies":[{"name":"wp","href":"https:\/\/api.w.org\/{rel}","templated":true}]}}