{"id":5976,"date":"2016-09-28T13:37:53","date_gmt":"2016-09-28T19:37:53","guid":{"rendered":"http:\/\/craigswapp1.wpengine.com\/?page_id=5976"},"modified":"2021-05-10T13:09:06","modified_gmt":"2021-05-10T13:09:06","slug":"accidente-carga-perdida","status":"publish","type":"page","link":"https:\/\/craigswapp.com\/spanish\/abogado-lesiones-personales-boise\/abogado-accidentes-camiones-boise\/accidente-carga-perdida\/","title":{"rendered":"Abogado de Accidentes de Camiones de Carga Perdida en Boise"},"content":{"rendered":"<p>\nBoise, Idaho, ve su parte justa del tr\u00e1fico, incluyendo el tr\u00e1fico comercial, que implica 18-ruedas y semi-camiones que conducen en nuestras carreteras cada d\u00eda. Desafortunadamente, los accidentes de camiones no son inauditos, ya veces inevitables. Muchos de estos accidentes implican cargas perdidas, que pueden agregar otro elemento de peligro.<\/p>\n<p>Las lesiones causadas por accidentes que involucran camiones grandes y cargas p\u00e9rdidas son a menudo amenazantes para la vida o, al menos, alteran la vida. Los accidentes de carga perdida pueden resultar en graves lesiones en el cerebro y el cuello. Tambi\u00e9n tienden a ser caros e implican cambios en el estilo de vida, los viajes y muchos otros detalles.<\/p>\n<p>Para manejar las secuelas de su accidente de cami\u00f3n, el mejor curso de acci\u00f3n es retener los servicios de un experto abogado de accidentes de camiones de carga perdida en Boise de Craig Swapp &amp; Associates.<\/p>\n<p>&nbsp;<\/p>\n<h2>\u00bfQu\u00e9 es una carga perdida?<\/h2>\n<p>Una carga perdida se define como una carga que se desprende del cami\u00f3n que se supon\u00eda que estaba asegurado, a veces aterrizando en el camino de e incluso en la parte superior de otros conductores. La carga puede golpear a uno o m\u00e1s veh\u00edculos y podr\u00eda tirar el cami\u00f3n de la pista de tal manera que cause un accidente.<\/p>\n<p>El m\u00e9todo m\u00e1s econ\u00f3mico de transporte de mercanc\u00edas es, obviamente, llevar lo m\u00e1s posible al mismo lugar a la vez. Debido a esto, las cargas arrastradas por los camioneros a menudo son inimaginablemente pesadas y son capaces de causar graves da\u00f1os y lesiones, especialmente si cobran \u00edmpetu al soltarse.<\/p>\n<p>&nbsp;<\/p>\n<h2>\u00bfQui\u00e9n es responsable de los accidentes de carga perdida?<\/h2>\n<p>La Federal Motor Carrier Safety Administration revisa regularmente las reglas y regulaciones que rigen los requisitos para asegurar las cargas. Muchas compa\u00f1\u00edas de camiones tienen p\u00f3lizas que requieren que el conductor confirme que la carga se asegur\u00f3 correctamente.<\/p>\n<p>Sin embargo, incluso si la carga se asegur\u00f3 adecuadamente, eso no significa que un accidente de carga perdida no puede suceder. La falla mec\u00e1nica puede causar sacudidas repentinas, y las correas de sujeci\u00f3n a veces se rompen. Para determinar qui\u00e9n o qu\u00e9 fue responsable de su accidente de cami\u00f3n, tendremos que examinar detenidamente qu\u00e9 caus\u00f3 que la carga se soltara en primer lugar.<\/p>\n<p>&nbsp;<\/p>\n<h2>Buscando Compensaci\u00f3n por Accidentes de Cargas Perdidas en Idaho<\/h2>\n<p>Litigar las cargas perdidas en los accidentes de camiones de Idaho implica m\u00e1s que entrar en la sala del tribunal como una v\u00edctima. Necesitaremos realizar una investigaci\u00f3n exhaustiva del accidente del cami\u00f3n y determinar con precisi\u00f3n qui\u00e9n fue el culpable: el camionero, la empresa de camiones, el distribuidor o el fabricante de piezas.<\/p>\n<p>Este proceso puede ser dif\u00edcil de realizar por su cuenta, especialmente mientras se trata de recuperarse de sus lesiones.<\/p>\n<p>&nbsp;<\/p>\n<h2>Abogados de Accidentes de Camiones en Idaho<\/h2>\n<p>Cuando se trata de accidentes de camiones, el proceso legal puede ser dif\u00edcil. Las probabilidades son buenas que se enfrentan abogados y otros profesionales que representan a la compa\u00f1\u00eda de camiones y el conductor. Es crucial que usted tenga a alguien a su lado que tenga la experiencia para representar sus mejores intereses.<\/p>\n<p>Los abogados de Craig Swapp &amp; Associates pueden examinar los detalles del accidente y asegurarse de que la persona o entidad correcta es responsable. Si cree que tiene derecho a una compensaci\u00f3n por un accidente de cami\u00f3n, complete el formulario que aparece a continuaci\u00f3n o llame gratis a nuestra oficina al 800-404-9000 para concertar un tiempo para su evaluaci\u00f3n gratuita del caso.<\/p>\n","protected":false},"excerpt":{"rendered":"<p>Boise, Idaho, ve su parte justa del tr\u00e1fico, incluyendo el tr\u00e1fico comercial, que implica 18-ruedas y semi-camiones que conducen en nuestras carreteras cada d\u00eda. Desafortunadamente, [&hellip;]<\/p>\n","protected":false},"author":2,"featured_media":0,"parent":4427,"menu_order":0,"comment_status":"closed","ping_status":"closed","template":"","meta":{"_acf_changed":false,"inline_featured_image":false,"footnotes":""},"class_list":["post-5976","page","type-page","status-publish","hentry"],"acf":[],"_links":{"self":[{"href":"https:\/\/craigswapp.com\/spanish\/wp-json\/wp\/v2\/pages\/5976","targetHints":{"allow":["GET"]}}],"collection":[{"href":"https:\/\/craigswapp.com\/spanish\/wp-json\/wp\/v2\/pages"}],"about":[{"href":"https:\/\/craigswapp.com\/spanish\/wp-json\/wp\/v2\/types\/page"}],"author":[{"embeddable":true,"href":"https:\/\/craigswapp.com\/spanish\/wp-json\/wp\/v2\/users\/2"}],"replies":[{"embeddable":true,"href":"https:\/\/craigswapp.com\/spanish\/wp-json\/wp\/v2\/comments?post=5976"}],"version-history":[{"count":2,"href":"https:\/\/craigswapp.com\/spanish\/wp-json\/wp\/v2\/pages\/5976\/revisions"}],"predecessor-version":[{"id":10918,"href":"https:\/\/craigswapp.com\/spanish\/wp-json\/wp\/v2\/pages\/5976\/revisions\/10918"}],"up":[{"embeddable":true,"href":"https:\/\/craigswapp.com\/spanish\/wp-json\/wp\/v2\/pages\/4427"}],"wp:attachment":[{"href":"https:\/\/craigswapp.com\/spanish\/wp-json\/wp\/v2\/media?parent=5976"}],"curies":[{"name":"wp","href":"https:\/\/api.w.org\/{rel}","templated":true}]}}