{"id":5973,"date":"2016-09-28T13:23:16","date_gmt":"2016-09-28T19:23:16","guid":{"rendered":"http:\/\/craigswapp1.wpengine.com\/?page_id=5973"},"modified":"2021-05-10T13:10:04","modified_gmt":"2021-05-10T13:10:04","slug":"muerte-injusta-accidentes-camiones-boise","status":"publish","type":"page","link":"https:\/\/craigswapp.com\/spanish\/abogado-lesiones-personales-boise\/abogado-accidentes-camiones-boise\/muerte-injusta-accidentes-camiones-boise\/","title":{"rendered":"Abogado de Muerte Injusta por Accidentes de Camiones en Boise"},"content":{"rendered":"<p>\nEn 2015, el Departamento de Transporte de Idaho enumer\u00f3 treinta muertes que fueron el resultado de estar involucrado en un accidente con un cami\u00f3n grande. Debido a que estos accidentes tienden a ser tan violentos y causar da\u00f1os catastr\u00f3ficos, a veces resultan en muertes. Cuando lo hacen, los seres queridos de la v\u00edctima enfrentan una tremenda p\u00e9rdida emocional, mental, f\u00edsica y financiera.<\/p>\n<p>La p\u00e9rdida de un ser querido es lo suficientemente dif\u00edcil de soportar, pero cuando esa p\u00e9rdida implica gastos m\u00e9dicos, gastos de funeral y p\u00e9rdida de ingresos, puede ser demasiado para manejar solo. La sabidur\u00eda y la gu\u00eda de un abogado de muerte injusta por accidentes de camiones en Boise de Craig Swapp &amp; Associates puede ser invaluable en estos momentos.<\/p>\n<p>&nbsp;<\/p>\n<h2>Entendiendo la Muerte Injusta<\/h2>\n<p>La muerte injusta en Idaho se refiere a una muerte que no ten\u00eda que suceder, no era de causas naturales, y no era intencional. En otras palabras, la muerte no fue el resultado de la malicia, y podr\u00eda haber sido el resultado de una acci\u00f3n o un fracaso de acutar.<\/p>\n<p>Por ejemplo, si un camionero no evit\u00f3 el veh\u00edculo de la v\u00edctima porque el camionero estaba distra\u00eddo, incluso si el coche no hubiera estado all\u00ed, es posible que el conductor del cami\u00f3n pudiera ser culpado por la muerte.<\/p>\n<p>&nbsp;<\/p>\n<h2>Accidentes de Camiones y Muerte Injusta<\/h2>\n<p>Los accidentes de camiones tienden a terminar en la muerte injusta con m\u00e1s frecuencia que los accidentes de carros, simplemente porque hay mucha mayor fuerza y el impulso detr\u00e1s del cami\u00f3n, especialmente si ese cami\u00f3n tiene un remolque cargado adjunto a \u00e9l.<\/p>\n<p>La fuerza del impacto por s\u00ed sola es suficiente para causar la muerte inmediata en algunos casos. Cuando la negligencia resulta en una muerte injusta, significa que alguien tiene que asumir la responsabilidad de alguna manera. Esto no siempre significa que el conductor del cami\u00f3n, tampoco.<\/p>\n<p>&nbsp;<\/p>\n<h2>\u00bfQui\u00e9n puede demandar por muerte injusta en Idaho?<\/h2>\n<p>Una de sus primeras preguntas es probablemente si usted puede demandar por muerte injusta. En Idaho, las siguientes personas pueden presentar una demanda de muerte por negligencia:<\/p>\n<ul>\n<li style=\"font-weight: 400;\">Representante personal del patrimonio del fallecido<\/li>\n<li style=\"font-weight: 400;\">Herederos del fallecido<\/li>\n<li style=\"font-weight: 400;\">C\u00f3nyuge, hijos, padres, hijastros o parientes de sangre que dependen del fallecido<\/li>\n<\/ul>\n<p>Las personas que pueden demandar por muerte injusta var\u00edan, y no siempre est\u00e1 claro qui\u00e9n califica. Si no est\u00e1 seguro, es mejor dejar que un abogado experimentado de nuestra firma revise los detalles.<\/p>\n<p>&nbsp;<\/p>\n<h2>Consulte\u00a0un\u00a0Abogado de Muerte Injusta por Accidentes de Camiones en Boise<\/h2>\n<p>Intentar litigar un caso de muerte por negligencia por s\u00ed solo puede resultar en una cantidad abrumadora de informaci\u00f3n y requisitos. El accidente que le cost\u00f3 a su ser querido le ha costado lo suficiente; vamos a lidiar con los problemas legales para usted.<\/p>\n<p>En Craig Swapp &amp; Associates, tenemos la experiencia y los conocimientos necesarios para ayudarle a buscar la justicia para su ser querido. Su familia no debe estar en riesgo de perder lo que ha trabajado, y le ayudaremos a buscar un acuerdo que le permitir\u00e1 mantener su estilo de vida. Programe su evaluaci\u00f3n gratuita del caso llamando al 800-404-9000 o rellene el formulario de contacto en la parte inferior de esta p\u00e1gina.<\/p>\n","protected":false},"excerpt":{"rendered":"<p>En 2015, el Departamento de Transporte de Idaho enumer\u00f3 treinta muertes que fueron el resultado de estar involucrado en un accidente con un cami\u00f3n grande. [&hellip;]<\/p>\n","protected":false},"author":2,"featured_media":0,"parent":4427,"menu_order":0,"comment_status":"closed","ping_status":"closed","template":"","meta":{"_acf_changed":false,"inline_featured_image":false,"footnotes":""},"class_list":["post-5973","page","type-page","status-publish","hentry"],"acf":[],"_links":{"self":[{"href":"https:\/\/craigswapp.com\/spanish\/wp-json\/wp\/v2\/pages\/5973","targetHints":{"allow":["GET"]}}],"collection":[{"href":"https:\/\/craigswapp.com\/spanish\/wp-json\/wp\/v2\/pages"}],"about":[{"href":"https:\/\/craigswapp.com\/spanish\/wp-json\/wp\/v2\/types\/page"}],"author":[{"embeddable":true,"href":"https:\/\/craigswapp.com\/spanish\/wp-json\/wp\/v2\/users\/2"}],"replies":[{"embeddable":true,"href":"https:\/\/craigswapp.com\/spanish\/wp-json\/wp\/v2\/comments?post=5973"}],"version-history":[{"count":1,"href":"https:\/\/craigswapp.com\/spanish\/wp-json\/wp\/v2\/pages\/5973\/revisions"}],"predecessor-version":[{"id":10921,"href":"https:\/\/craigswapp.com\/spanish\/wp-json\/wp\/v2\/pages\/5973\/revisions\/10921"}],"up":[{"embeddable":true,"href":"https:\/\/craigswapp.com\/spanish\/wp-json\/wp\/v2\/pages\/4427"}],"wp:attachment":[{"href":"https:\/\/craigswapp.com\/spanish\/wp-json\/wp\/v2\/media?parent=5973"}],"curies":[{"name":"wp","href":"https:\/\/api.w.org\/{rel}","templated":true}]}}