{"id":5965,"date":"2016-09-28T12:53:37","date_gmt":"2016-09-28T18:53:37","guid":{"rendered":"http:\/\/craigswapp1.wpengine.com\/?page_id=5965"},"modified":"2021-05-10T13:25:00","modified_gmt":"2021-05-10T13:25:00","slug":"negligencia-medica-boise-abogado","status":"publish","type":"page","link":"https:\/\/craigswapp.com\/spanish\/abogado-lesiones-personales-boise\/negligencia-medica-boise-abogado\/","title":{"rendered":"Abogado de negligencia m\u00e9dica en Boise"},"content":{"rendered":"<p>\nDesafortunadamente, la negligencia m\u00e9dica causa lesiones y muertes a miles de estadounidenses cada a\u00f1o. Con una industria m\u00e9dica acelerada que a menudo parece m\u00e1s una l\u00ednea de producci\u00f3n de alta velocidad, no es una sorpresa que haya tantas demandas por negligencia m\u00e9dica.<\/p>\n<p>Aun as\u00ed, puede ser dif\u00edcil probar que su caso de lesi\u00f3n tiene m\u00e9rito a menos que tenga una cantidad adecuada de evidencia y la presente de la manera adecuada. Aqu\u00ed es donde un abogado de negligencia m\u00e9dica en Boise de Craig Swapp &amp; Associates puede ayudarlo. Es posible que sepa que usted es v\u00edctima de una negligencia m\u00e9dica, pero podemos ayudarlo a demostrarlo ante un tribunal de justicia, donde la evidencia es sumamente importante.<\/p>\n<p>&nbsp;<\/p>\n<h2>Ejemplos de negligencia m\u00e9dica<\/h2>\n<p>Algunas v\u00edctimas ni siquiera se dan cuenta de que se ha cometido una negligencia m\u00e9dica porque el profesional de la salud no hizo nada. Pero la negligencia m\u00e9dica tambi\u00e9n incluye actos de negligencia. Por supuesto, la negligencia m\u00e9dica tambi\u00e9n puede implicar un acto directo cometido por un profesional m\u00e9dico que trajo resultados no deseados.<\/p>\n<p>Algunos de los diferentes ejemplos de negligencia m\u00e9dica con los que podemos ayudarlo incluyen los siguientes:<\/p>\n<ul>\n<li style=\"font-weight: 400;\">Diagn\u00f3stico err\u00f3neo<\/li>\n<li style=\"font-weight: 400;\">Lesiones durante el parto<\/li>\n<li style=\"font-weight: 400;\">Errores de medicaci\u00f3n<\/li>\n<li style=\"font-weight: 400;\">Errores de cirug\u00eda<\/li>\n<\/ul>\n<p>La negligencia m\u00e9dica puede incluir muchos otros errores que podr\u00edan cambiar su vida para siempre. Aseg\u00farese de contar con un abogado de negligencia m\u00e9dica en Boise de nuestra firma para ayudarlo a obtener la justicia que se merece.<\/p>\n<p>&nbsp;<\/p>\n<h2>Estatuto de limitaciones de negligencia m\u00e9dica<\/h2>\n<p>Debido a que el estatuto de limitaciones para los casos de negligencia m\u00e9dica en Idaho es solo de dos a\u00f1os, podr\u00eda encontrarse sin tiempo para presentar una demanda. Esta es una de las razones por las que es crucial que un abogado de negligencia m\u00e9dica en Boise examine los detalles de su caso lo antes posible. De lo contrario, corre el riesgo de perder la oportunidad de buscar una compensaci\u00f3n por sus lesiones y p\u00e9rdidas.<\/p>\n<p>&nbsp;<\/p>\n<h2>P\u00f3ngase en contacto con un abogado de negligencia m\u00e9dica en Boise<\/h2>\n<p>Las demandas por negligencia m\u00e9dica implican presentar pruebas que demuestren que el paciente no recibi\u00f3 el tratamiento adecuado. Esto puede incluir desde administrarle el medicamento incorrecto hasta no diagnosticarlo correctamente. Para demostrar esto, debe ser capaz de demostrar que se tom\u00f3 una acci\u00f3n sin su consentimiento o que no se realiz\u00f3 una acci\u00f3n que deber\u00eda haber sido. Un abogado de negligencia m\u00e9dica en Boise de Craig Swapp &amp; Associates puede ayudarlo a reunir la evidencia que necesita y manejar el caso en su nombre.<\/p>\n<p>Si tiene preguntas o inquietudes con respecto a su caso de negligencia m\u00e9dica, complete el siguiente formulario o llame gratis a nuestra oficina al 800-404-9000 tan pronto como sea posible.<\/p>\n","protected":false},"excerpt":{"rendered":"<p>Desafortunadamente, la negligencia m\u00e9dica causa lesiones y muertes a miles de estadounidenses cada a\u00f1o. Con una industria m\u00e9dica acelerada que a menudo parece m\u00e1s una [&hellip;]<\/p>\n","protected":false},"author":2,"featured_media":0,"parent":3705,"menu_order":0,"comment_status":"closed","ping_status":"closed","template":"","meta":{"_acf_changed":false,"inline_featured_image":false,"footnotes":""},"class_list":["post-5965","page","type-page","status-publish","hentry"],"acf":[],"_links":{"self":[{"href":"https:\/\/craigswapp.com\/spanish\/wp-json\/wp\/v2\/pages\/5965","targetHints":{"allow":["GET"]}}],"collection":[{"href":"https:\/\/craigswapp.com\/spanish\/wp-json\/wp\/v2\/pages"}],"about":[{"href":"https:\/\/craigswapp.com\/spanish\/wp-json\/wp\/v2\/types\/page"}],"author":[{"embeddable":true,"href":"https:\/\/craigswapp.com\/spanish\/wp-json\/wp\/v2\/users\/2"}],"replies":[{"embeddable":true,"href":"https:\/\/craigswapp.com\/spanish\/wp-json\/wp\/v2\/comments?post=5965"}],"version-history":[{"count":1,"href":"https:\/\/craigswapp.com\/spanish\/wp-json\/wp\/v2\/pages\/5965\/revisions"}],"predecessor-version":[{"id":10968,"href":"https:\/\/craigswapp.com\/spanish\/wp-json\/wp\/v2\/pages\/5965\/revisions\/10968"}],"up":[{"embeddable":true,"href":"https:\/\/craigswapp.com\/spanish\/wp-json\/wp\/v2\/pages\/3705"}],"wp:attachment":[{"href":"https:\/\/craigswapp.com\/spanish\/wp-json\/wp\/v2\/media?parent=5965"}],"curies":[{"name":"wp","href":"https:\/\/api.w.org\/{rel}","templated":true}]}}