{"id":5963,"date":"2016-09-28T12:50:51","date_gmt":"2016-09-28T18:50:51","guid":{"rendered":"http:\/\/craigswapp1.wpengine.com\/?page_id=5963"},"modified":"2021-05-10T13:25:22","modified_gmt":"2021-05-10T13:25:22","slug":"quemaduras-abogado-boise","status":"publish","type":"page","link":"https:\/\/craigswapp.com\/spanish\/abogado-lesiones-personales-boise\/quemaduras-abogado-boise\/","title":{"rendered":"Abogado de quemaduras en Boise"},"content":{"rendered":"<p>\nMientras las quemaduras menores se pueden tratar en el hogar y generalmente son de poca importancia, las quemaduras m\u00e1s graves requieren tratamientos continuos y costosos. Como la mayor\u00eda de la gente sabe, las quemaduras son algunas de las lesiones m\u00e1s dolorosas que una persona puede experimentar.<\/p>\n<p>Las \u00e1reas quemadas del cuerpo tambi\u00e9n son propensas a la infecci\u00f3n, por lo que la atenci\u00f3n y el tratamiento adecuados no se limitan a limitar el dolor o las cicatrices, sino tambi\u00e9n a prevenir las infecciones que amenazan la vida. Agregue todo esto y las quemaduras se vuelven incre\u00edblemente costosas en m\u00e1s de un sentido.<\/p>\n<p>Si se quem\u00f3 debido a la negligencia de otra persona, un abogado de quemaduras en Boise de Craig Swapp &amp; Associates puede ayudarlo a obtener una compensaci\u00f3n por sus gastos y da\u00f1os.<\/p>\n<p>&nbsp;<\/p>\n<h2>Tipos comunes de quemaduras<\/h2>\n<p>Obviamente, las quemaduras son el resultado de entrar en contacto con algo caliente, \u00bfverdad? No siempre. Las quemaduras qu\u00edmicas pueden ser tan dolorosas como las quemaduras provocadas por el calor y las temperaturas excesivas. Dado que los productos qu\u00edmicos se usan con m\u00e1s frecuencia ahora que nunca, las quemaduras qu\u00edmicas son cada vez m\u00e1s comunes.<\/p>\n<p>Muchas quemaduras ocurren debido a productos defectuosos que explotan o lesionan a los consumidores. Los accidentes automovil\u00edsticos, los accidentes de cocina, los incendios en el hogar y muchos otros tipos de accidentes pueden ocasionar lesiones por quemaduras importantes que podr\u00edan cambiar su vida. Un abogado de quemaduras en Boise de nuestra firma puede ayudarlo a determinar qui\u00e9n o qu\u00e9 fue responsable.<\/p>\n<p>&nbsp;<\/p>\n<h2>Tratamiento de quemaduras<\/h2>\n<p>Los tratamientos para las quemaduras var\u00edan por grado, literalmente. Lo \u00fanico que todos los tratamientos tienen en com\u00fan es prevenir la infecci\u00f3n. La piel es la primera l\u00ednea de defensa de tu cuerpo contra los elementos. Es un \u00f3rgano que protege el tejido subyacente de la exposici\u00f3n al ambiente.<\/p>\n<p>Las quemaduras que se infectan pueden ponerlo en riesgo real de enfermedades y lesiones m\u00e1s graves y, en algunos casos, la muerte. La atenci\u00f3n m\u00e9dica en forma de limpieza de heridas, aplicaci\u00f3n de cremas antibi\u00f3ticas e incluso injertos de piel pueden hacer que los costos se acumulen. Incluso la quemadura m\u00e1s leve puede convertirse en una lesi\u00f3n grave.<\/p>\n<p>Un abogado de quemaduras en Boise de nuestra oficina podr\u00e1 examinar los detalles y la gravedad de su quemadura, lo que garantiza que su arreglo tenga todo en cuenta.<\/p>\n<p>&nbsp;<\/p>\n<h2>Necesita un abogado de quemaduras en Boise<\/h2>\n<p>Litigar una demanda por lesiones personales ser\u00e1 dif\u00edcil para cualquier persona que no tenga experiencia pr\u00e1ctica con el proceso legal. Un abogado con experiencia en lesiones por quemaduras en Boise de Craig Swapp &amp; Associates puede asumir esa carga por usted. Si ha sufrido una lesi\u00f3n por quemadura por culpa de otra persona, complete el siguiente formulario o llame a nuestra oficina al n\u00famero gratuito 800-404-9000 lo antes posible.<\/p>\n","protected":false},"excerpt":{"rendered":"<p>Mientras las quemaduras menores se pueden tratar en el hogar y generalmente son de poca importancia, las quemaduras m\u00e1s graves requieren tratamientos continuos y costosos. [&hellip;]<\/p>\n","protected":false},"author":2,"featured_media":0,"parent":3705,"menu_order":0,"comment_status":"closed","ping_status":"closed","template":"","meta":{"_acf_changed":false,"inline_featured_image":false,"footnotes":""},"class_list":["post-5963","page","type-page","status-publish","hentry"],"acf":[],"_links":{"self":[{"href":"https:\/\/craigswapp.com\/spanish\/wp-json\/wp\/v2\/pages\/5963","targetHints":{"allow":["GET"]}}],"collection":[{"href":"https:\/\/craigswapp.com\/spanish\/wp-json\/wp\/v2\/pages"}],"about":[{"href":"https:\/\/craigswapp.com\/spanish\/wp-json\/wp\/v2\/types\/page"}],"author":[{"embeddable":true,"href":"https:\/\/craigswapp.com\/spanish\/wp-json\/wp\/v2\/users\/2"}],"replies":[{"embeddable":true,"href":"https:\/\/craigswapp.com\/spanish\/wp-json\/wp\/v2\/comments?post=5963"}],"version-history":[{"count":2,"href":"https:\/\/craigswapp.com\/spanish\/wp-json\/wp\/v2\/pages\/5963\/revisions"}],"predecessor-version":[{"id":10970,"href":"https:\/\/craigswapp.com\/spanish\/wp-json\/wp\/v2\/pages\/5963\/revisions\/10970"}],"up":[{"embeddable":true,"href":"https:\/\/craigswapp.com\/spanish\/wp-json\/wp\/v2\/pages\/3705"}],"wp:attachment":[{"href":"https:\/\/craigswapp.com\/spanish\/wp-json\/wp\/v2\/media?parent=5963"}],"curies":[{"name":"wp","href":"https:\/\/api.w.org\/{rel}","templated":true}]}}