{"id":5962,"date":"2016-09-28T12:49:03","date_gmt":"2016-09-28T18:49:03","guid":{"rendered":"http:\/\/craigswapp1.wpengine.com\/?page_id=5962"},"modified":"2021-05-10T13:22:30","modified_gmt":"2021-05-10T13:22:30","slug":"abogado-lesiones-columna-vertebral-boise","status":"publish","type":"page","link":"https:\/\/craigswapp.com\/spanish\/abogado-lesiones-personales-boise\/abogado-lesiones-columna-vertebral-boise\/","title":{"rendered":"Abogado de lesiones de la columna vertebral en Boise"},"content":{"rendered":"<p>\nBoise experimenta tantos accidentes como cualquier otra ciudad ocupada en todo el mundo. A veces, estos accidentes provocan lesiones en la columna vertebral. Aunque la columna vertebral est\u00e1 protegida por fuertes v\u00e9rtebras, a\u00fan puede sufrir lesiones importantes, lo que puede provocar par\u00e1lisis y otras lesiones en la espalda que pueden cambiar su vida para siempre.<\/p>\n<p>Las lesiones en la columna vertebral pueden ser dif\u00edciles de tratar por muchas razones, incluidas las financieras. Adem\u00e1s de la lesi\u00f3n de la columna vertebral, es posible que tenga otros da\u00f1os asociados con el incidente que la caus\u00f3, como da\u00f1os a la propiedad o trauma emocional. Un abogado de lesiones de la columna vertebral en Boise de Craig Swapp &amp; Associates puede ayudarlo a tratar con las compa\u00f1\u00edas de seguros, sus gastos y reunir y presentar la evidencia necesaria para litigar su caso de lesiones personales y buscar una compensaci\u00f3n.<\/p>\n<p>&nbsp;<\/p>\n<h2>Comprender la gravedad de una lesi\u00f3n en la columna vertebral<\/h2>\n<p>Una lesi\u00f3n en la columna vertebral no es necesariamente lo mismo que una lesi\u00f3n en la espalda. Una lesi\u00f3n en la espalda puede ser desde un moret\u00f3n en la espalda hasta un tir\u00f3n muscular o un disco deslizado. Una lesi\u00f3n de la columna vertebral implica la m\u00e9dula espinal: el centro de comunicaci\u00f3n que une el cuerpo con el cerebro y le permite mover las extremidades y completar varias funciones corporales.<\/p>\n<p>En cualquier caso, las lesiones de columna pueden ser algunos de los tipos de lesiones m\u00e1s graves que se pueden recibir despu\u00e9s de un accidente. Es por esta sola raz\u00f3n que es crucial contar con un abogado de lesiones de la columna vertebral en Boise para ayudar a determinar la mejor manera de seguir adelante.<\/p>\n<p>&nbsp;<\/p>\n<h2>El costo de tratar las lesiones de la columna vertebral<\/h2>\n<p>Las lesiones de la columna vertebral a menudo requieren tratamientos extensos que podr\u00edan significar un reposo total y total o incluso actividades espec\u00edficas, cirug\u00edas y terapias. La prioridad despu\u00e9s de una lesi\u00f3n en la columna vertebral es seguir los tratamientos exactamente como se los recet\u00f3 para que no se arriesgue a causar m\u00e1s da\u00f1o a su columna vertebral.<\/p>\n<p>En algunos casos, incluso los tratamientos extensivos no lo llevar\u00e1n de vuelta al lugar donde estaba antes de que ocurriera la lesi\u00f3n. Esto podr\u00eda significar perder su capacidad para trabajar o permanecer en el campo en el que se form\u00f3. Su abogado de lesiones de la columna vertebral en Boise tendr\u00e1 en cuenta el costo de la educaci\u00f3n o capacitaci\u00f3n adicional en su asentamiento si necesita cambiar de carrera.<\/p>\n<p>Las lesiones en la columna vertebral tambi\u00e9n se encuentran entre las lesiones m\u00e1s dolorosas y pueden requerir algunas de las pr\u00e1cticas de rehabilitaci\u00f3n m\u00e1s intensivas. Cuando todo est\u00e1 dicho y hecho, el da\u00f1o a la columna vertebral puede causar par\u00e1lisis, movilidad limitada, dolor cr\u00f3nico y p\u00e9rdida de la sensibilidad. Es posible que tenga que cambiar completamente su estilo de vida.<\/p>\n<p>&nbsp;<\/p>\n<h2>Trabajar con un abogado de lesiones de la columna vertebral en Boise<\/h2>\n<p>Un abogado con experiencia en lesiones de la columna vertebral de Boise de Craig Swapp &amp; Associates puede ayudarlo a buscar una compensaci\u00f3n por su dolor y sufrimiento, gastos m\u00e9dicos y otras p\u00e9rdidas. Ya sea que su lesi\u00f3n en la columna haya sido causada por un propietario de propiedad negligente, un accidente de motocicleta u otra cosa, nuestra firma puede ayudarlo a determinar c\u00f3mo proceder con su caso.<\/p>\n<p>Para programar una cita para su consulta gratuita, complete el siguiente formulario o llame a nuestra oficina al n\u00famero gratuito 800-404-9000. Podemos ayudarlo a retomar su vida.<\/p>\n","protected":false},"excerpt":{"rendered":"<p>Boise experimenta tantos accidentes como cualquier otra ciudad ocupada en todo el mundo. A veces, estos accidentes provocan lesiones en la columna vertebral. Aunque la [&hellip;]<\/p>\n","protected":false},"author":2,"featured_media":0,"parent":3705,"menu_order":0,"comment_status":"closed","ping_status":"closed","template":"","meta":{"_acf_changed":false,"inline_featured_image":false,"footnotes":""},"class_list":["post-5962","page","type-page","status-publish","hentry"],"acf":[],"_links":{"self":[{"href":"https:\/\/craigswapp.com\/spanish\/wp-json\/wp\/v2\/pages\/5962","targetHints":{"allow":["GET"]}}],"collection":[{"href":"https:\/\/craigswapp.com\/spanish\/wp-json\/wp\/v2\/pages"}],"about":[{"href":"https:\/\/craigswapp.com\/spanish\/wp-json\/wp\/v2\/types\/page"}],"author":[{"embeddable":true,"href":"https:\/\/craigswapp.com\/spanish\/wp-json\/wp\/v2\/users\/2"}],"replies":[{"embeddable":true,"href":"https:\/\/craigswapp.com\/spanish\/wp-json\/wp\/v2\/comments?post=5962"}],"version-history":[{"count":1,"href":"https:\/\/craigswapp.com\/spanish\/wp-json\/wp\/v2\/pages\/5962\/revisions"}],"predecessor-version":[{"id":10964,"href":"https:\/\/craigswapp.com\/spanish\/wp-json\/wp\/v2\/pages\/5962\/revisions\/10964"}],"up":[{"embeddable":true,"href":"https:\/\/craigswapp.com\/spanish\/wp-json\/wp\/v2\/pages\/3705"}],"wp:attachment":[{"href":"https:\/\/craigswapp.com\/spanish\/wp-json\/wp\/v2\/media?parent=5962"}],"curies":[{"name":"wp","href":"https:\/\/api.w.org\/{rel}","templated":true}]}}