{"id":5916,"date":"2016-09-16T12:35:30","date_gmt":"2016-09-16T18:35:30","guid":{"rendered":"http:\/\/craigswapp1.wpengine.com\/?page_id=5916"},"modified":"2021-05-10T12:57:42","modified_gmt":"2021-05-10T12:57:42","slug":"abogado-accidente-pokemon-go-spokane","status":"publish","type":"page","link":"https:\/\/craigswapp.com\/spanish\/abogado-accidente-pokemon-go-spokane\/","title":{"rendered":"Abogado de accidentes de Pok\u00e9mon Go en Spokane"},"content":{"rendered":"<p>\nPok\u00e9mon Go es el exitoso juego de realidad aumentada de 2016 y es uno de los primeros juegos virtuales para llevar a los jugadores al aire libre, haciendo que los jugadores interact\u00faen con el mundo exterior. Los jugadores deben desplazarse en busca de varias ubicaciones de GPS en sus tel\u00e9fonos inteligentes en lugar de jugar adentro como los videojuegos tradicionales. El primero de su tipo, Pok\u00e9mon Go, se ha convertido en una obsesi\u00f3n en todo el mundo.<\/p>\n<p>Aunque el juego es divertido y emocionante para los entusiastas, hay peligros que acompa\u00f1an su uso. Conducir mientras se juega ya ha causado muchos accidentes y lesiones en los Estados Unidos, as\u00ed como en otras partes del mundo. La conducci\u00f3n distra\u00edda, que ya es un problema grave, ahora est\u00e1 en aumento a medida que los jugadores se vuelven adictos a esta nueva aplicaci\u00f3n m\u00f3vil.<\/p>\n<p>Si fue herido por un conductor distra\u00eddo que estaba jugando Pok\u00e9mon Go, un abogado de accidentes de Pok\u00e9mon Go en Spokane puede ayudarlo con los complejos asuntos legales que rodean el accidente.<\/p>\n<h2>Riesgos de Pok\u00e9mon Go<\/h2>\n<p>Los conductores crean un enorme riesgo de accidentes graves y mortales cuando realizan actividades de distracci\u00f3n mientras se encuentran detr\u00e1s del volante de un autom\u00f3vil. Los jugadores que se sumergen en el mundo virtual de Pok\u00e9mon Go mientras conducen un veh\u00edculo motorizado ponen a todos en la carretera en peligro, no solo ellos mismos.<\/p>\n<p>Conducir distra\u00eddo por Pok\u00e9mon Go o cualquier otra cosa deja a los conductores incapaces de reaccionar r\u00e1pidamente a las condiciones de la carretera y al tr\u00e1fico que los rodea. Cuando ocurre un accidente, es casi seguro que el conductor distra\u00eddo es encontrado culpable.<\/p>\n<p>Debido a la naturaleza de los tel\u00e9fonos inteligentes y la forma en que registran muchas de las actividades del usuario, probar que un conductor estaba jugando la aplicaci\u00f3n en el momento de su accidente puede ser una posibilidad muy real. Si cree que el uso del tel\u00e9fono celular distrajo al otro conductor, aseg\u00farese de indicarlo al oficial que presenta el informe del accidente. Con nuestra ayuda, es posible obtener evidencia de la conducci\u00f3n distra\u00edda del otro conductor.<\/p>\n<h2>Tipos de accidentes de autos de Pok\u00e9mon Go<\/h2>\n<p>Como resultado de la popularidad de Pok\u00e9mon Go, los departamentos de polic\u00eda de todo el pa\u00eds les recuerdan a los conductores que guarden sus dispositivos mientras est\u00e1n detr\u00e1s del volante de un veh\u00edculo motorizado. Lamentablemente, muchos conductores optan por ignorar estas advertencias, algunas de las cuales provienen de la propia aplicaci\u00f3n.<\/p>\n<p>Las lesiones y muertes relacionadas con Pok\u00e9mon Go y la conducci\u00f3n distra\u00edda ya se han documentado en varios tipos de accidentes diferentes:<\/p>\n<ul>\n<li style=\"font-weight: 400;\">Accidentes automovil\u00edsticos<\/li>\n<li style=\"font-weight: 400;\">Accidentes de veh\u00edculos m\u00faltiples<\/li>\n<li style=\"font-weight: 400;\">Accidentes de bicicleta<\/li>\n<li style=\"font-weight: 400;\">Accidentes de peatones<\/li>\n<li style=\"font-weight: 400;\">Accidentes de DUI<\/li>\n<\/ul>\n<h2>Accidentes de conducci\u00f3n distra\u00eddos y compensaci\u00f3n financiera<\/h2>\n<p>Ser lastimado por un conductor distra\u00eddo ya es bastante malo, pero lesionarse porque alguien estaba jugando Pok\u00e9mon Go o alg\u00fan otro juego m\u00f3vil puede ser realmente irritante. Usted merece ser compensado por las lesiones y los da\u00f1os que ha soportado cuando la mala decisi\u00f3n de otro fue la culpable de lo que sucedi\u00f3.<\/p>\n<p>Las facturas m\u00e9dicas, los salarios e ingresos perdidos, el costo de la terapia, el dolor y el sufrimiento: cualquier gasto y da\u00f1o que haya sufrido como resultado de su accidente debe ser compensado por el conductor culpable. Un abogado de accidentes automovil\u00edsticos en Spokane de nuestra oficina puede encargarse de estos asuntos por usted mientras se enfoca en su recuperaci\u00f3n.<\/p>\n<h2>Abogado de accidentes de autos de Pok\u00e9mon Go en Spokane<\/h2>\n<p>Si se lesion\u00f3 en un accidente automovil\u00edstico de Pok\u00e9mon Go, necesita un abogado experimentado en accidentes automovil\u00edsticos de Pok\u00e9mon Go en Spokane. Craig Swapp &amp; Associates luchar\u00e1 para obtener la compensaci\u00f3n que merece por sus lesiones y da\u00f1os. Cont\u00e1ctenos y programe una consulta confidencial gratuita y una evaluaci\u00f3n de su caso.<\/p>\n<p>Estamos aqu\u00ed para ayudarlo a comprender sus derechos legales y responder cualquier pregunta que pueda tener. Ll\u00e1menos al 1-800-404-9000 o complete el formulario al final de esta p\u00e1gina.<\/p>\n","protected":false},"excerpt":{"rendered":"<p>Pok\u00e9mon Go es el exitoso juego de realidad aumentada de 2016 y es uno de los primeros juegos virtuales para llevar a los jugadores al [&hellip;]<\/p>\n","protected":false},"author":2,"featured_media":0,"parent":0,"menu_order":0,"comment_status":"closed","ping_status":"closed","template":"","meta":{"_acf_changed":false,"inline_featured_image":false,"footnotes":""},"class_list":["post-5916","page","type-page","status-publish","hentry"],"acf":[],"_links":{"self":[{"href":"https:\/\/craigswapp.com\/spanish\/wp-json\/wp\/v2\/pages\/5916","targetHints":{"allow":["GET"]}}],"collection":[{"href":"https:\/\/craigswapp.com\/spanish\/wp-json\/wp\/v2\/pages"}],"about":[{"href":"https:\/\/craigswapp.com\/spanish\/wp-json\/wp\/v2\/types\/page"}],"author":[{"embeddable":true,"href":"https:\/\/craigswapp.com\/spanish\/wp-json\/wp\/v2\/users\/2"}],"replies":[{"embeddable":true,"href":"https:\/\/craigswapp.com\/spanish\/wp-json\/wp\/v2\/comments?post=5916"}],"version-history":[{"count":1,"href":"https:\/\/craigswapp.com\/spanish\/wp-json\/wp\/v2\/pages\/5916\/revisions"}],"predecessor-version":[{"id":10870,"href":"https:\/\/craigswapp.com\/spanish\/wp-json\/wp\/v2\/pages\/5916\/revisions\/10870"}],"wp:attachment":[{"href":"https:\/\/craigswapp.com\/spanish\/wp-json\/wp\/v2\/media?parent=5916"}],"curies":[{"name":"wp","href":"https:\/\/api.w.org\/{rel}","templated":true}]}}