{"id":5903,"date":"2016-09-13T09:05:00","date_gmt":"2016-09-13T15:05:00","guid":{"rendered":"http:\/\/craigswapp1.wpengine.com\/?page_id=5903"},"modified":"2021-05-06T16:54:20","modified_gmt":"2021-05-06T16:54:20","slug":"abogado-accidentes-autos-meridian","status":"publish","type":"page","link":"https:\/\/craigswapp.com\/spanish\/abogado-accidentes-autos-meridian\/","title":{"rendered":"Abogado de accidentes de autos en Meridian"},"content":{"rendered":"<br \/>\n<h1>Abogado de accidentes de autos en Meridian<\/h1>\n<p>Los accidentes de autos son parte de la vida cotidiana de la poblaci\u00f3n estadounidense en general. Afortunadamente, la mayor\u00eda de estos accidentes automovil\u00edsticos solo resultan en lesiones menores. En 2014, hubo 2,34 millones de personas heridas y 32,675 personas murieron en accidentes automovil\u00edsticos en los Estados Unidos.<\/p>\n<p>Los accidentes de auto pueden crear estr\u00e9s intenso y ansiedad. Tratar con tratamientos y facturas m\u00e9dicas, la p\u00e9rdida de ingresos por no poder trabajar y tener que encontrar transporte alternativo puede ser abrumador. Un abogado de accidentes de auto en Meridian de Craig Swapp &amp; Associates puede ser esencial para navegar con \u00e9xito sus preocupaciones legales mientras se concentra en la recuperaci\u00f3n.<\/p>\n<h2>Accidentes de autos en Idaho<\/h2>\n<p>Los accidentes automovil\u00edsticos pueden ser de un solo veh\u00edculo o de varios veh\u00edculos. Un accidente automovil\u00edstico puede implicar incluso bicicletas, peatones o incluso animales, como perros o ganado. En cuanto a los tipos, los accidentes automovil\u00edsticos de Meridian van desde dobladoras de guardabarros menores hasta colisiones frontales graves e impactos en la parte trasera.<\/p>\n<p>Los accidentes de auto en Meridian pueden ocasionar lesiones leves que requieren solo un corto tiempo de recuperaci\u00f3n o lesiones graves con discapacidades permanentes o de larga duraci\u00f3n. Ya sean menores o graves, los accidentes pueden afectar a todos los involucrados. Su abogado especializado en accidentes automovil\u00edsticos de Meridian lo ayudar\u00e1 a determinar todas las formas en que su accidente ha afectado su vida y cu\u00e1nto debe buscar en compensaci\u00f3n.<\/p>\n<p>En 2014, las estad\u00edsticas de accidentes de auto en Idaho incluyeron todo lo siguiente:<\/p>\n<ul>\n<li>De todos los accidentes automovil\u00edsticos, el 66 por ciento ocurri\u00f3 en caminos urbanos.<\/li>\n<li>De los accidentes automovil\u00edsticos fatales, el 77 por ciento ocurri\u00f3 en caminos rurales<\/li>\n<li>Cada 44.7 minutos una persona result\u00f3 lesionada en un accidente automovil\u00edstico.<\/li>\n<li>Cada 47.1 horas una persona muri\u00f3 en un accidente.<\/li>\n<li>Cada 47.1 horas una persona fue asesinada debido a un conductor ebrio<\/li>\n<\/ul>\n<h2>Causas comunes de accidentes de autos en Meridian<\/h2>\n<p>A menudo, los accidentes de auto se pueden evitar si los conductores practican una conducci\u00f3n segura. La negligencia del conductor causa la mayor\u00eda de los accidentes de auto en Meridian:<\/p>\n<ul>\n<li>Conducci\u00f3n temeraria<\/li>\n<li>Exceso de velocidad<\/li>\n<li>Conducir bajo la influencia de drogas y alcohol<\/li>\n<li>Conducir distra\u00eddo, como hablar por tel\u00e9fono celular, enviar mensajes de texto, comer o maquillarse<\/li>\n<li>Conducci\u00f3n agresiva<\/li>\n<li>Fatiga<\/li>\n<\/ul>\n<p>La negligencia es la causa principal de los accidentes de auto en Meridian. Un conductor es considerado negligente cuando no usa cuidado y precauciones razonables mientras opera un veh\u00edculo motorizado. Si otra persona caus\u00f3 su accidente, un abogado de Meridian especializado en accidentes automovil\u00edsticos de nuestra oficina puede ayudarlo a buscar una compensaci\u00f3n por sus gastos relacionados con el accidente.<\/p>\n<h2>Lesiones comunes de accidentes de autos<\/h2>\n<p>Un accidente automovil\u00edstico puede tener efectos desastrosos en las vidas involucradas, resultando en una carga financiera y una calidad de vida disminuida. Para algunos, las lesiones son leves y el principal inconveniente es maniobrar a trav\u00e9s de reclamaciones de seguros. Cualquiera que sea la categor\u00eda en la que se encuentre, un abogado de Meridian especializado en accidentes automovil\u00edsticos de nuestra oficina puede ayudarlo con las consecuencias.<\/p>\n<p>Aunque puede parecer que no tiene una lesi\u00f3n inmediatamente despu\u00e9s de su accidente automovil\u00edstico, es posible que los s\u00edntomas no aparezcan hasta horas o d\u00edas despu\u00e9s del accidente. Es recomendable ponerse en contacto con un profesional m\u00e9dico y un abogado de Meridian especializado en accidentes automovil\u00edsticos inmediatamente despu\u00e9s de un accidente, incluso si se siente bien.<\/p>\n<p>Los accidentes automovil\u00edsticos de Meridian pueden provocar varios tipos de lesiones:<\/p>\n<ul>\n<li>Cortes y laceraciones<\/li>\n<li>Huesos rotos<\/li>\n<li>Lesiones traum\u00e1ticas del cerebro<\/li>\n<li>M\u00e9dula espinal y lesiones de espalda<\/li>\n<li>Heridas internas<\/li>\n<\/ul>\n<p>Las lesiones menores generalmente requieren atenci\u00f3n a corto plazo, mientras que las lesiones graves pueden llevar a una discapacidad permanente, como par\u00e1lisis, que requiere atenci\u00f3n m\u00e9dica prolongada que dura meses o a\u00f1os. La causa mental y emocional de los accidentes automovil\u00edsticos de Meridian puede llevar a traumas emocionales, como el trastorno de estr\u00e9s postraum\u00e1tico (TEPT).<\/p>\n<h2>Un abogado de\u00a0accidentes\u00a0de autos en Meridian est\u00e1 listo para ayudar<\/h2>\n<p>Los abogados experimentados en accidentes de autos en Meridian de Craig Swapp &amp; Associates representan a las v\u00edctimas de accidentes de autos en todo Idaho. Hemos representado agresivamente a v\u00edctimas de accidentes de autos como usted y les hemos ayudado a recuperar la compensaci\u00f3n que merecen.<\/p>\n<p>Si usted o un ser querido sufrieron una lesi\u00f3n debido a la negligencia de otro, p\u00f3ngase en contacto con un abogado de accidentes de autos en Meridian de Craig Swapp &amp; Associates. Para una consulta gratuita, ll\u00e1menos al 1-800-400-9000 o complete el formulario a continuaci\u00f3n.\t\t<\/p>\n","protected":false},"excerpt":{"rendered":"<p>Abogado de accidentes de autos en Meridian Los accidentes de autos son parte de la vida cotidiana de la poblaci\u00f3n estadounidense en general. Afortunadamente, la [&hellip;]<\/p>\n","protected":false},"author":2,"featured_media":0,"parent":0,"menu_order":0,"comment_status":"closed","ping_status":"closed","template":"","meta":{"_acf_changed":false,"inline_featured_image":false,"footnotes":""},"class_list":["post-5903","page","type-page","status-publish","hentry"],"acf":[],"_links":{"self":[{"href":"https:\/\/craigswapp.com\/spanish\/wp-json\/wp\/v2\/pages\/5903","targetHints":{"allow":["GET"]}}],"collection":[{"href":"https:\/\/craigswapp.com\/spanish\/wp-json\/wp\/v2\/pages"}],"about":[{"href":"https:\/\/craigswapp.com\/spanish\/wp-json\/wp\/v2\/types\/page"}],"author":[{"embeddable":true,"href":"https:\/\/craigswapp.com\/spanish\/wp-json\/wp\/v2\/users\/2"}],"replies":[{"embeddable":true,"href":"https:\/\/craigswapp.com\/spanish\/wp-json\/wp\/v2\/comments?post=5903"}],"version-history":[{"count":1,"href":"https:\/\/craigswapp.com\/spanish\/wp-json\/wp\/v2\/pages\/5903\/revisions"}],"predecessor-version":[{"id":10759,"href":"https:\/\/craigswapp.com\/spanish\/wp-json\/wp\/v2\/pages\/5903\/revisions\/10759"}],"wp:attachment":[{"href":"https:\/\/craigswapp.com\/spanish\/wp-json\/wp\/v2\/media?parent=5903"}],"curies":[{"name":"wp","href":"https:\/\/api.w.org\/{rel}","templated":true}]}}