{"id":5848,"date":"2016-09-07T15:55:49","date_gmt":"2016-09-07T15:55:49","guid":{"rendered":"http:\/\/craigswapp1.wpengine.com\/?page_id=5848"},"modified":"2021-05-12T13:42:10","modified_gmt":"2021-05-12T13:42:10","slug":"abogado-de-medicamento-defectuoso-en-salt-lake-city","status":"publish","type":"page","link":"https:\/\/craigswapp.com\/spanish\/abogado-de-medicamento-defectuoso-en-salt-lake-city\/","title":{"rendered":"Abogado de Medicamento Defectuoso en Salt Lake City"},"content":{"rendered":"<p>\nEscuchar a Comerciales, se oye los efectos secundarios de la medicina mucho. Pero no se oye los defectos que pueden causar accidentes fatales. Un defecto en la medicina puede ser muy peligroso y puede resultar en una enfermedad permanente, discapacidad e incluso la <a href=\"https:\/\/craigswapp.com\/spanish\/es\/abogado-de-muerta-injusta-en-salt-lake-city\/\">muerte<\/a>. medicina defectuosa puede venir de la mezcla err\u00f3nea de sustancias, o la calidad de los ingredientes mal tambi\u00e9n.<\/p>\n<p>&nbsp;<\/p>\n<h2>Derechos del Consumidor<\/h2>\n<p>Cuando esto sucede, hay algo que se llama un asentamiento <a href=\"http:\/\/www.cdc.gov\/phlp\/publications\/topic\/prescription.html\" target=\"_blank\" rel=\"noopener noreferrer\">medicamento defectuoso<\/a>. Si usted o un ser querido tiene efectos secundarios de la medicina, es importante que lo revisen porque podr\u00eda ser un defecto. Obtener la ayuda de un abogado cualificado medicamento defectuoso y averiguar lo que puede hacer para obtener una indemnizaci\u00f3n por sus <a href=\"https:\/\/craigswapp.com\/spanish\/es\/abogado-de-lesiones-personales-en-salt-lake-city\/\">lesiones<\/a>.<\/p>\n<p>&nbsp;<\/p>\n<h2>Defectos Comunes de Medicamento Defectuoso<\/h2>\n<p>Aunque cada medicamento es diferente, a veces hay defectos comunes que se pueden notar de antemano por los s\u00edntomas que causan. El conocimiento de estas causas comunes puede ayudar a identificar defectos medicamento espec\u00edfico, que est\u00e1n asociados con s\u00edntomas espec\u00edficos. Esto puede ayudarle a obtener la ayuda que necesita antes de que el medicamento da\u00f1a su cuerpo m\u00e1s.<\/p>\n<p>Aqu\u00ed hay algunos <a href=\"http:\/\/www.cdc.gov\/ncbddd\/birthdefects\/facts.html\" target=\"_blank\" rel=\"noopener noreferrer\">defectos comunes de la medicina<\/a>:<\/p>\n<ol>\n<li><strong> Higiene Deficiente \u2013<\/strong> Esto sucede cuando los fabricantes no utilizan los art\u00edculos sanitarios adecuados para preparar su medicina.<\/li>\n<li><strong> Informaci\u00f3n Detallada Incorrecta \u2013<\/strong> Esto sucede cuando los fabricantes no se toman el tiempo para probar la reacci\u00f3n de su medicamento con otros medicamentos.<\/li>\n<li><strong> Medicina Malo \u2013<\/strong> Esto sucede cuando los fabricantes se combinan medicamentos caducados para hacer su propia medicina.<\/li>\n<\/ol>\n<p>&nbsp;<\/p>\n<h2>Com\u00ed la Medicina Defectuosa, \u00bfAhora Qu\u00e9?<\/h2>\n<p>Estos son s\u00f3lo algunos de los defectos comunes de la medicina. Estos son los defectos m\u00e1s frecuentemente mencionados por los fabricantes y se anuncian en las noticias.<\/p>\n<p>Sin embargo, si usted o alguien que usted conoce ha sido v\u00edctima de la medicina defectuosa, es importante que obtenga ayuda m\u00e9dica inmediatamente. Al ver a un m\u00e9dico puede ayudar a determinar si hay alg\u00fan efecto a largo plazo sobre su cuerpo.<\/p>\n<p>&nbsp;<\/p>\n<h2>Encontrar un Abogado de la Medicina Defectuosa de Salt Lake City<\/h2>\n<p>Despu\u00e9s de ver a un m\u00e9dico debe comunicarse con un abogado de la medicina defectuosa calificado de Salt Lake City. Aqu\u00ed, en <a href=\"https:\/\/craigswapp.com\/spanish\/es\/\">Craig Swapp Y Asociados<\/a> tratamos todos los casos con la misma importancia y queremos que el proceso sea menos estresante para usted como sea posible. Estamos dispuestos a hablar con sus m\u00e9dicos, agencias de seguros y recuperar toda la documentaci\u00f3n necesaria para apoyar su caso.<\/p>\n<p>Los abogados son especialmente \u00fatiles en casos de medicina defectuosos. Muchas veces no son la \u00fanica v\u00edctima de este medicamento, y su abogado pueden investigar otros casos que ten\u00edan el mismo resultado. Lo m\u00e1s importante es compartir su historia con un abogado de la medicina defectuosa de Salt Lake City puede ayudar a la medicina para detener la venta y salvar a otra persona que no se lastime.<\/p>\n<p>No espere, llame hoy a Craig Swapp Y Asociados en <a href=\"tel:18556285050\">1-855-628-5050<\/a> para una consulta gratis! \u00a1Nosotros estamos aqu\u00ed para ayudar a usted siempre!<\/p>\n","protected":false},"excerpt":{"rendered":"<p>Escuchar a Comerciales, se oye los efectos secundarios de la medicina mucho. Pero no se oye los defectos que pueden causar accidentes fatales. Un defecto [&hellip;]<\/p>\n","protected":false},"author":2,"featured_media":0,"parent":0,"menu_order":0,"comment_status":"open","ping_status":"closed","template":"","meta":{"_acf_changed":false,"inline_featured_image":false,"footnotes":""},"class_list":["post-5848","page","type-page","status-publish","hentry"],"acf":[],"_links":{"self":[{"href":"https:\/\/craigswapp.com\/spanish\/wp-json\/wp\/v2\/pages\/5848","targetHints":{"allow":["GET"]}}],"collection":[{"href":"https:\/\/craigswapp.com\/spanish\/wp-json\/wp\/v2\/pages"}],"about":[{"href":"https:\/\/craigswapp.com\/spanish\/wp-json\/wp\/v2\/types\/page"}],"author":[{"embeddable":true,"href":"https:\/\/craigswapp.com\/spanish\/wp-json\/wp\/v2\/users\/2"}],"replies":[{"embeddable":true,"href":"https:\/\/craigswapp.com\/spanish\/wp-json\/wp\/v2\/comments?post=5848"}],"version-history":[{"count":1,"href":"https:\/\/craigswapp.com\/spanish\/wp-json\/wp\/v2\/pages\/5848\/revisions"}],"predecessor-version":[{"id":11265,"href":"https:\/\/craigswapp.com\/spanish\/wp-json\/wp\/v2\/pages\/5848\/revisions\/11265"}],"wp:attachment":[{"href":"https:\/\/craigswapp.com\/spanish\/wp-json\/wp\/v2\/media?parent=5848"}],"curies":[{"name":"wp","href":"https:\/\/api.w.org\/{rel}","templated":true}]}}