{"id":5844,"date":"2016-09-07T15:55:50","date_gmt":"2016-09-07T15:55:50","guid":{"rendered":"http:\/\/craigswapp1.wpengine.com\/?page_id=5844"},"modified":"2021-05-12T13:44:38","modified_gmt":"2021-05-12T13:44:38","slug":"abogado-de-muerta-injusta-en-salt-lake-city","status":"publish","type":"page","link":"https:\/\/craigswapp.com\/spanish\/abogado-de-muerta-injusta-en-salt-lake-city\/","title":{"rendered":"Abogado de Muerte Injusta en Salt Lake City"},"content":{"rendered":"<p>\nLa comprensi\u00f3n de la causa de una muerte injusta puede ser muy dif\u00edcil de hacer solo. Muchas veces, cuando la muerte ocurre, es inesperado y no sabemos d\u00f3nde buscar respuestas. Cuando esto ocurre, es muy dif\u00edcil identificar la causa, sobre todo cuando se trata de una muerte injusta.<\/p>\n<p>No hay nada que puede hacer para traer a su persona amada de vuelta, pero averiguar qui\u00e9n es el culpable puede ayudar a prevenir el accidente ocurra de nuevo. La comprensi\u00f3n de sus opciones despu\u00e9s de una muerte injusta le puede ayudar en este proceso.<\/p>\n<p>&nbsp;<\/p>\n<h2>\u00a1Abogados de Muerte Injusta de Salt Lake City Pueden Ayudar!<\/h2>\n<p>Una muerte injusta puede ser la causa de cualquier accidente. Muchas muertes injustas suceden como resultado de un accidente com\u00fan y pueden simplemente ser atribuidos como la culpa de la v\u00edctima. Pero es muy importante investigar la causa exacta de <a href=\"http:\/\/www.cdc.gov\/nchs\/fastats\/accidental-injury.htm\" target=\"_blank\" rel=\"noopener noreferrer\">la muerte injusta<\/a>.<\/p>\n<p>Para probar una muerte injusta es necesario tener la documentaci\u00f3n de la historia cl\u00ednica de la v\u00edctima, que puede ser dif\u00edcil de conseguir. Un abogado de muerte injusta de Salt Lake City puede ayudarle a comunicarse con un seguro de la v\u00edctima, el m\u00e9dico y mucho m\u00e1s, para ayudar a conseguir la documentaci\u00f3n que necesita.<\/p>\n<p>&nbsp;<\/p>\n<h2>Causas Comunes de Muerte Injusta<\/h2>\n<p>Una muerte injusta puede ser dif\u00edcil de identificar y puede ocurrir en los accidentes m\u00e1s comunes. Esto incluye :<\/p>\n<ol>\n<li style=\"font-weight: 400;\">Responsabilidad del Producto \u2013 Esto es cuando un producto no funciona correctamente y causa una muerte.<\/li>\n<li style=\"font-weight: 400;\"><a href=\"https:\/\/craigswapp.com\/spanish\/es\/abogado-de-accidente-de-auto-en-salt-lake-city\/\">Accidentes de Auto<\/a> \u2013 Esto puede ocurrir cuando una parte de su coche no se construye o trabajar correctamente y causa un accidente.<\/li>\n<li style=\"font-weight: 400;\"><a href=\"https:\/\/www.npdb.hrsa.gov\/\" target=\"_blank\" rel=\"noopener noreferrer\">La Negligencia M\u00e9dica<\/a> \u2013 Esto ocurre cuando una muerte es el resultado de la negligencia por parte del personal m\u00e9dico.<\/li>\n<li style=\"font-weight: 400;\">Accidentes Relacionados con el Trabajo \u2013 Esto es lo que sucede cuando hay negligencia en el trabajo que causa una muerte. Esto puede ser tanto f\u00edsica como emocionalmente.<\/li>\n<\/ol>\n<p>&nbsp;<\/p>\n<h2>Vamos a Ayudarle a Obtener Respuestas<\/h2>\n<p>La p\u00e9rdida de un ser querido o un miembro de la familia nunca es f\u00e1cil. Averiguar la causa puede ser a\u00fan m\u00e1s dura que la muerte misma. Cada d\u00eda la gente pasan y la causa de su muerte nunca se encontraron.<\/p>\n<p>No dejes que esto te sea. Deja que un abogado de muerte injusta de Salt Lake City ayudar\u00e1 a conseguir respuestas. Cada vida es significativa y cualquier persona responsable de una muerte debe ser considerado responsable de sus acciones.<\/p>\n<p>&nbsp;<\/p>\n<h2>\u00a1Estamos Listos para Hacer lo Correcto!<\/h2>\n<p>En <a href=\"https:\/\/craigswapp.com\/spanish\/es\/\">Craig Swapp Y Asociados<\/a> estamos listos para ayudarle a obtener la justicia que se merece. Ll\u00e1menos ahora al <a href=\"tel:18556285050\">1-855-628-5050<\/a> para una consulta gratuita. Nosotros podemos hacer todo lo que hay para averiguar qu\u00e9 pas\u00f3 exactamente.<\/p>\n<p>Tome el tiempo que necesita para recuperarse de su p\u00e9rdida y hagamos la b\u00fasqueda por usted No queremos que usted tenga preguntas sin respuestas, queremos que usted tiene la tranquilidad para usted y su familia. \u00a0Vamos a ayudarle a prevenir otra muerte por negligencia y le traen respuestas.<\/p>\n","protected":false},"excerpt":{"rendered":"<p>La comprensi\u00f3n de la causa de una muerte injusta puede ser muy dif\u00edcil de hacer solo. Muchas veces, cuando la muerte ocurre, es inesperado y [&hellip;]<\/p>\n","protected":false},"author":2,"featured_media":0,"parent":0,"menu_order":0,"comment_status":"open","ping_status":"closed","template":"","meta":{"_acf_changed":false,"inline_featured_image":false,"footnotes":""},"class_list":["post-5844","page","type-page","status-publish","hentry"],"acf":[],"_links":{"self":[{"href":"https:\/\/craigswapp.com\/spanish\/wp-json\/wp\/v2\/pages\/5844","targetHints":{"allow":["GET"]}}],"collection":[{"href":"https:\/\/craigswapp.com\/spanish\/wp-json\/wp\/v2\/pages"}],"about":[{"href":"https:\/\/craigswapp.com\/spanish\/wp-json\/wp\/v2\/types\/page"}],"author":[{"embeddable":true,"href":"https:\/\/craigswapp.com\/spanish\/wp-json\/wp\/v2\/users\/2"}],"replies":[{"embeddable":true,"href":"https:\/\/craigswapp.com\/spanish\/wp-json\/wp\/v2\/comments?post=5844"}],"version-history":[{"count":2,"href":"https:\/\/craigswapp.com\/spanish\/wp-json\/wp\/v2\/pages\/5844\/revisions"}],"predecessor-version":[{"id":11273,"href":"https:\/\/craigswapp.com\/spanish\/wp-json\/wp\/v2\/pages\/5844\/revisions\/11273"}],"wp:attachment":[{"href":"https:\/\/craigswapp.com\/spanish\/wp-json\/wp\/v2\/media?parent=5844"}],"curies":[{"name":"wp","href":"https:\/\/api.w.org\/{rel}","templated":true}]}}