{"id":5843,"date":"2016-09-07T15:55:50","date_gmt":"2016-09-07T15:55:50","guid":{"rendered":"http:\/\/craigswapp1.wpengine.com\/?page_id=5843"},"modified":"2021-05-10T12:57:56","modified_gmt":"2021-05-10T12:57:56","slug":"abogado-de-accidentes-de-resbalon-y-caida-en-salt-lake-city","status":"publish","type":"page","link":"https:\/\/craigswapp.com\/spanish\/abogado-de-accidentes-de-resbalon-y-caida-en-salt-lake-city\/","title":{"rendered":"Abogado de Accidentes de Resbal\u00f3n y Ca\u00edda en Salt Lake City"},"content":{"rendered":"<p>\nResbalones y las ca\u00eddas son muy dif\u00edciles de detectar. Esto es especialmente cierto porque muchas personas piensan que tropiezan y caen como resultado de su propia negligencia. Sin embargo, hay muchas ocasiones en que un accidente de resbal\u00f3n y ca\u00edda es el resultado directo de d\u00f3nde se encuentra y las condiciones del lugar que se encuentre.<\/p>\n<p>Mientras que comprender sus derechos es importante contar con la ayuda de un experimentado abogado de accidentes de resbal\u00f3n y ca\u00edda de Salt Lake City. Obtener informaci\u00f3n sobre sus derechos y qu\u00e9 hacer si usted es v\u00edctima de un accidente de resbal\u00f3n y ca\u00edda.<\/p>\n<p>&nbsp;<\/p>\n<h2>Los Derechos de la V\u00edctima de un Accidente de Resbal\u00f3n y Ca\u00edda<\/h2>\n<p>Como v\u00edctima de un accidente de resbal\u00f3n y ca\u00edda tiene ciertos derechos. Usted se sorprender\u00e1 de c\u00f3mo se producen muchos <a href=\"https:\/\/nfsi.org\/nfsi-research\/quick-facts\/\" target=\"_blank\" rel=\"noopener noreferrer\">accidentes de resbal\u00f3n y ca\u00edda<\/a>. \u00a1Estos incluyen los accidentes dom\u00e9sticos, accidentes de trabajo, accidentes de propiedad p\u00fablica como un parque, y mucho m\u00e1s! Es muy importante identificar qu\u00e9 tipo de accidente de resbal\u00f3n y ca\u00edda que haya tenido.<\/p>\n<p><a href=\"http:\/\/employeerightsact.com\/\" target=\"_blank\" rel=\"noopener noreferrer\">La Ley de Derechos de los empleados<\/a> describe espec\u00edficamente ciertas acomodaciones que tienen que ser proporcionada para todos los empleados que tienen accidentes en el trabajo. Identificar el tipo de accidente de resbal\u00f3n y ca\u00edda que ten\u00eda y luego aseg\u00farese de seguir los siguientes pasos.<\/p>\n<p>&nbsp;<\/p>\n<h2>Qu\u00e9 Hacer Despu\u00e9s de un Accidente de Resbal\u00f3n y Ca\u00edda<\/h2>\n<ol>\n<li style=\"font-weight: 400;\">Cuando el accidente ocurre que tiene que presentar de inmediato un informe de accidente. El informe deber\u00e1 incluir detalles importantes, tales como la fecha y la hora del accidente de resbal\u00f3n y ca\u00edda, lo que lo caus\u00f3, que son los testigos y el lugar exacto en que ocurri\u00f3.<\/li>\n<li style=\"font-weight: 400;\">Obtener la atenci\u00f3n m\u00e9dica. El m\u00e9dico puede ayudar a determinar si hay <a href=\"https:\/\/craigswapp.com\/spanish\/es\/abogado-de-lesiones-personales-en-salt-lake-city\/\">lesiones<\/a> no detectadas o efectos a largo plazo. Tambi\u00e9n los m\u00e9dicos tambi\u00e9n pueden ayudar a determinar la causa exacta del accidente.<\/li>\n<li style=\"font-weight: 400;\">El \u00faltimo paso es asegurarse de que la persona o empresa responsable ha presentado un informe tambi\u00e9n. Aseg\u00farese de obtener una copia del informe para sus registros tambi\u00e9n. Esta declaraci\u00f3n le ayudar\u00e1 a moverse hacia adelante en su caso.<\/li>\n<\/ol>\n<p>&nbsp;<\/p>\n<h2>Buscar la Ayuda de un Abogado de Accidentes de Resbal\u00f3n y Ca\u00edda de Salt Lake City<\/h2>\n<p>Estos son s\u00f3lo algunos de los pasos a seguir despu\u00e9s de un accidente resbal\u00f3n y ca\u00edda. Sin embargo, cada accidente es diferente y tiene circunstancias especiales. Es por esto que es importante no tratar de manejar un accidente resbal\u00f3n y ca\u00edda por s\u00ed mismo.<\/p>\n<p>Tenemos abogados experimentados que est\u00e1n listos para ayudarle a navegar el proceso. Ellos pueden hacer un seguimiento de los detalles de su reclamo, se comunican con su empleador e incluso manejar cualquier informaci\u00f3n m\u00e9dica que se refiere a su caso. Deje que los abogados de resbal\u00f3n y ca\u00edda de Salt Lake City con <a href=\"https:\/\/craigswapp.com\/spanish\/\">Craig Swapp Y Asociados<\/a>, \u00a0ayuda a obtener la compensaci\u00f3n que se merece. Ll\u00e1menos r\u00e1pidamente al <a href=\"tel:18556285050\">1-855-628-5050<\/a> para una consulta gratuita \u00a1Su caso es importante, ayudarnos a hacer le importa!<\/p>\n","protected":false},"excerpt":{"rendered":"<p>Resbalones y las ca\u00eddas son muy dif\u00edciles de detectar. Esto es especialmente cierto porque muchas personas piensan que tropiezan y caen como resultado de su [&hellip;]<\/p>\n","protected":false},"author":2,"featured_media":0,"parent":0,"menu_order":0,"comment_status":"open","ping_status":"closed","template":"","meta":{"_acf_changed":false,"inline_featured_image":false,"footnotes":""},"class_list":["post-5843","page","type-page","status-publish","hentry"],"acf":[],"_links":{"self":[{"href":"https:\/\/craigswapp.com\/spanish\/wp-json\/wp\/v2\/pages\/5843","targetHints":{"allow":["GET"]}}],"collection":[{"href":"https:\/\/craigswapp.com\/spanish\/wp-json\/wp\/v2\/pages"}],"about":[{"href":"https:\/\/craigswapp.com\/spanish\/wp-json\/wp\/v2\/types\/page"}],"author":[{"embeddable":true,"href":"https:\/\/craigswapp.com\/spanish\/wp-json\/wp\/v2\/users\/2"}],"replies":[{"embeddable":true,"href":"https:\/\/craigswapp.com\/spanish\/wp-json\/wp\/v2\/comments?post=5843"}],"version-history":[{"count":1,"href":"https:\/\/craigswapp.com\/spanish\/wp-json\/wp\/v2\/pages\/5843\/revisions"}],"predecessor-version":[{"id":10871,"href":"https:\/\/craigswapp.com\/spanish\/wp-json\/wp\/v2\/pages\/5843\/revisions\/10871"}],"wp:attachment":[{"href":"https:\/\/craigswapp.com\/spanish\/wp-json\/wp\/v2\/media?parent=5843"}],"curies":[{"name":"wp","href":"https:\/\/api.w.org\/{rel}","templated":true}]}}