{"id":5842,"date":"2016-09-07T15:55:50","date_gmt":"2016-09-07T15:55:50","guid":{"rendered":"http:\/\/craigswapp1.wpengine.com\/?page_id=5842"},"modified":"2021-05-10T14:08:01","modified_gmt":"2021-05-10T14:08:01","slug":"abogado-de-lesiones-personales-en-salt-lake-city","status":"publish","type":"page","link":"https:\/\/craigswapp.com\/spanish\/abogado-de-lesiones-personales-en-salt-lake-city\/","title":{"rendered":"Abogado de Lesiones Personales en Salt Lake City"},"content":{"rendered":"<p>\nAccidentes con lesiones personales pueden ser muy dif\u00edciles de manejar solo. Debido a las lesiones personales pueden ocurrir en cualquier momento y en cualquier lugar, son dif\u00edciles de prever. Nadie espera a resbalar y caer en un negocio o de sufrir lesiones graves despu\u00e9s de un <a href=\"https:\/\/craigswapp.com\/spanish\/es\/abogado-de-accidente-de-auto-en-salt-lake-city\/\">accidente de auto<\/a>. Las lesiones que se obtiene de estar en un accidente de coche puede ser muy grave y puede cambiar su vida para siempre.<\/p>\n<p>Cuando usted tiene un accidente de lesiones personales, es muy importante buscar la ayuda de un abogado de lesiones personales de Salt Lake City para ayudarle a obtener la compensaci\u00f3n que merece. Aprender acerca de los pr\u00f3ximos pasos despu\u00e9s de sufrir una lesi\u00f3n personal, y c\u00f3mo un abogado de lesiones personales puede ayudar.<\/p>\n<p>&nbsp;<\/p>\n<h2>\u00bfQu\u00e9 Es una Lesi\u00f3n Personal?<\/h2>\n<p>Una lesi\u00f3n personal es cualquier da\u00f1o que ocurra a su cuerpo como consecuencia de un accidente. Esto podr\u00eda ser una <a href=\"http:\/\/www.cdc.gov\/traumaticbraininjury\/\" target=\"_blank\" rel=\"noopener noreferrer\">lesi\u00f3n en la cabeza<\/a>, <a href=\"http:\/\/www.ncbi.nlm.nih.gov\/pubmed\/15851777\" target=\"_blank\" rel=\"noopener noreferrer\">lesi\u00f3n muscular<\/a> o cualquier da\u00f1o f\u00edsico. es un trauma que le sucede a la cabeza como consecuencia de un accidente. La identificaci\u00f3n de estas lesiones personales es una parte cr\u00edtica de su caso. Cualquiera que sea la parte del cuerpo que se ve afectado, puede ayudar a identificar la causa de su accidente.<\/p>\n<p>&nbsp;<\/p>\n<h2>\u00a1Documentaci\u00f3n!<\/h2>\n<p>Usted necesita tener una copia de toda la documentaci\u00f3n para apoyar su caso. La documentaci\u00f3n incluye fotos, testimonios de testigos, informes policiales, licencias y n\u00fameros comerciales. Esto ayudar\u00e1 a apoyar su reclamo y ser\u00e1 esencial para su representaci\u00f3n.<\/p>\n<p>&nbsp;<\/p>\n<h2>\u00bfQu\u00e9 Hacer Despu\u00e9s de una Lesi\u00f3n Personal?<\/h2>\n<p>Inmediatamente despu\u00e9s de estar en un accidente de una lesi\u00f3n personal, es importante llamar a la atenci\u00f3n m\u00e9dica. Un m\u00e9dico puede identificar todas sus lesiones personales, incluso aquellos que no presentan s\u00edntomas de.<\/p>\n<p>Adem\u00e1s, ver a un m\u00e9dico, ayudar\u00e1 a proporcionar la informaci\u00f3n necesaria\u00a0para el proceso de reclamaciones. La explicaci\u00f3n que da el m\u00e9dico acerca de c\u00f3mo sucedieron las lesiones le ayudar\u00e1 a determinar qui\u00e9n es la culpa en el accidente que ocurri\u00f3. Recuerde que esto debe hacerse sin importar qu\u00e9 tipo de accidente que era.<\/p>\n<p>&nbsp;<\/p>\n<h2>Un Abogado de Lesiones Personales de Salt Lake City Est\u00e1 Esperando Su Llamada<\/h2>\n<p>Las lesiones que se ocupan de la salud de uno, son muy graves. Esto no es algo que desea manejar solo. Despu\u00e9s de una lesi\u00f3n personal, su objetivo principal debe ser su salud.<\/p>\n<p>Nuestros abogados de lesiones personales en Salt Lake City le pueden ayudar a asegurarse de que est\u00e1 haciendo todo lo que necesita para presentar su caso. Tome el tiempo que necesita para sanar, y vamos a ser su voz y nos aseguramos de que su caso sea escuchado. Aqu\u00ed en <a href=\"https:\/\/craigswapp.com\/spanish\/\">Craig Swapp Y Asociados<\/a> \u00a0estamos listos para ayudarle a tomar el tiempo que necesitas para sanar.<\/p>\n<p>\u00a1Hacemos todo lo que est\u00e1 en nuestras manos para asegurarse de que el proceso es libre de estr\u00e9s para usted! Ll\u00e1menos r\u00e1pidamente al <a href=\"tel:18556285050\">1-855-628-5050<\/a> para una consulta gratuita. Queremos que se curan sin la preocupaci\u00f3n. \u00a1Ay\u00fadanos a ayudarte ahora, con una llamada!<\/p>\n","protected":false},"excerpt":{"rendered":"<p>Accidentes con lesiones personales pueden ser muy dif\u00edciles de manejar solo. Debido a las lesiones personales pueden ocurrir en cualquier momento y en cualquier lugar, [&hellip;]<\/p>\n","protected":false},"author":2,"featured_media":0,"parent":0,"menu_order":0,"comment_status":"open","ping_status":"closed","template":"","meta":{"_acf_changed":false,"inline_featured_image":false,"footnotes":""},"class_list":["post-5842","page","type-page","status-publish","hentry"],"acf":[],"_links":{"self":[{"href":"https:\/\/craigswapp.com\/spanish\/wp-json\/wp\/v2\/pages\/5842","targetHints":{"allow":["GET"]}}],"collection":[{"href":"https:\/\/craigswapp.com\/spanish\/wp-json\/wp\/v2\/pages"}],"about":[{"href":"https:\/\/craigswapp.com\/spanish\/wp-json\/wp\/v2\/types\/page"}],"author":[{"embeddable":true,"href":"https:\/\/craigswapp.com\/spanish\/wp-json\/wp\/v2\/users\/2"}],"replies":[{"embeddable":true,"href":"https:\/\/craigswapp.com\/spanish\/wp-json\/wp\/v2\/comments?post=5842"}],"version-history":[{"count":1,"href":"https:\/\/craigswapp.com\/spanish\/wp-json\/wp\/v2\/pages\/5842\/revisions"}],"predecessor-version":[{"id":11100,"href":"https:\/\/craigswapp.com\/spanish\/wp-json\/wp\/v2\/pages\/5842\/revisions\/11100"}],"wp:attachment":[{"href":"https:\/\/craigswapp.com\/spanish\/wp-json\/wp\/v2\/media?parent=5842"}],"curies":[{"name":"wp","href":"https:\/\/api.w.org\/{rel}","templated":true}]}}