{"id":5841,"date":"2016-09-07T15:55:50","date_gmt":"2016-09-07T15:55:50","guid":{"rendered":"http:\/\/craigswapp1.wpengine.com\/?page_id=5841"},"modified":"2023-06-08T16:48:19","modified_gmt":"2023-06-08T16:48:19","slug":"abogado-de-accidentes-de-camiones-en-salt-lake-city","status":"publish","type":"page","link":"https:\/\/craigswapp.com\/spanish\/abogado-de-accidentes-de-camiones-en-salt-lake-city\/","title":{"rendered":"Accidentes de Camiones"},"content":{"rendered":"<p>Los camiones pueden ser muy intimidante. No s\u00e9 si tienen miedo, pero todav\u00eda tengo un miedo de conducci\u00f3n entre dos camiones. No importa si usted es un conductor de coche nuevo o ha estado conduciendo durante a\u00f1os, los camiones pueden dar mucho miedo. Usted se sorprender\u00e1 al descubrir con qu\u00e9 frecuencia ocurren <a href=\"https:\/\/www.fmcsa.dot.gov\/safety\/data-and-statistics\/large-truck-and-bus-crash-facts\" target=\"_blank\" rel=\"noopener noreferrer\">accidentes de camiones<\/a>.<\/p>\n<p>&nbsp;<\/p>\n<h2>\u00bfQu\u00e9 Hago Despu\u00e9s de Mi Accidente de Cami\u00f3n?<\/h2>\n<p>Cuando ocurre un accidente de cami\u00f3n, hay tanto que hacer y puede ser dif\u00edcil saber qu\u00e9 hacer a continuaci\u00f3n. Si usted est\u00e1 conduciendo un <a href=\"https:\/\/craigswapp.com\/spanish\/es\/abogado-de-accidente-de-auto-en-salt-lake-city\/\">coche<\/a> o una <a href=\"https:\/\/craigswapp.com\/spanish\/es\/abogado-de-accidente-de-motocicleta-en-salt-lake-city\/\">moto<\/a>, porque los camiones son veh\u00edculos de gran tama\u00f1o, puede ser f\u00e1cil pensar que era su culpa.<\/p>\n<p>Si usted tiene un accidente de cami\u00f3n en Salt Lake City es muy importante para asegurarse de que usted tiene un abogado con experiencia para ayudarle a obtener la compensaci\u00f3n que merece. Estas son algunas cosas que usted debe hacer despu\u00e9s de estar en un accidente de cami\u00f3n.<\/p>\n<p>&nbsp;<\/p>\n<h2>Atenci\u00f3n M\u00e9dica<\/h2>\n<p>Es muy importante que despu\u00e9s de estar en un accidente de cami\u00f3n que busque atenci\u00f3n m\u00e9dica inmediatamente. Visitar a un m\u00e9dico puede descartar la existencia de graves lesione tales como <a href=\"https:\/\/www.ninds.nih.gov\/disorders\/\" target=\"_blank\" rel=\"noopener noreferrer\">lesiones cerebrales traum\u00e1ticas (TBI)<\/a>. Lesiones tales como lesiones cerebrales traum\u00e1ticas pueden tomar mucho tiempo para notar por su cuenta. Hay otras enfermedades como la hemorragia interna que puede que no podr\u00e1 detectar.<\/p>\n<p>La visita a un m\u00e9dico es la mejor manera de asegurarse de que su salud no est\u00e1 en peligro. Los m\u00e9dicos tambi\u00e9n pueden proporcionar documentos de apoyo para ayudar a su proceso de reclamaciones.<\/p>\n<p>&nbsp;<\/p>\n<h2>\u00bfQui\u00e9n Tiene la Culpa en Su Accidente de Cami\u00f3n?<\/h2>\n<p>Tener la documentaci\u00f3n correcta es muy importante cuando se trata de identificar qui\u00e9n tiene la culpa en el accidente. La documentaci\u00f3n incluye fotos, informaci\u00f3n m\u00e9dica y los informes policiales sobre el accidente. La documentaci\u00f3n es lo que su abogado va a utilizar para probar su caso, y cuanto m\u00e1s se tenga, mejor.<\/p>\n<p>Necesitar\u00e1 la informaci\u00f3n de cualquier otra persona que estuvo involucrado en el accidente incluyendo otros conductores, peatones y pasajeros. Cosas como el n\u00famero de licencia del conductor del cami\u00f3n y la longitud de su recorrido realmente podr\u00eda hacer una diferencia en su reclamo.<\/p>\n<p>&nbsp;<\/p>\n<h2>Su Historia Tiene Poder<\/h2>\n<p>Estar en un accidente de cami\u00f3n en Salt Lake City puede ser muy estresante. Queremos escuchar su historia y queremos ayudarte. No hay dos accidentes son los mismos, son todos \u00fanicos y su historia merece ser escuchado. Obtener la ayuda de un abogado de accidentes de camiones de Salt Lake City con experiencia, puede hacer el proceso m\u00e1s sencillo par a usted.<\/p>\n<p>En <a href=\"https:\/\/craigswapp.com\/spanish\/\">Craig Swapp Y Asociados<\/a> podemos hablar con los agentes de seguros, obtener una copia de los informes de la polic\u00eda, y analizar el accidente para asegurarse de que se obtiene la compensaci\u00f3n que se merece. Estamos aqu\u00ed para asegurarse de que tiene una representaci\u00f3n de calidad. Vamos a ayudarle a terminar el estr\u00e9s y obtener resultados r\u00e1pidos.<\/p>\n<p>Ll\u00e1menos r\u00e1pidamente al <a href=\"tel:18556285050\">1-855-628-5050<\/a> para una consulta gratuita. \u00a1Nuestros abogados de accidentes de camiones en Salt Lake City est\u00e1n listos para ayudar!<\/p>\n","protected":false},"excerpt":{"rendered":"<p>Los camiones pueden ser muy intimidante. No s\u00e9 si tienen miedo, pero todav\u00eda tengo un miedo de conducci\u00f3n entre dos camiones. No importa si usted [&hellip;]<\/p>\n","protected":false},"author":2,"featured_media":2014481,"parent":0,"menu_order":0,"comment_status":"open","ping_status":"closed","template":"","meta":{"_acf_changed":false,"inline_featured_image":false,"footnotes":""},"class_list":["post-5841","page","type-page","status-publish","has-post-thumbnail","hentry"],"acf":[],"_links":{"self":[{"href":"https:\/\/craigswapp.com\/spanish\/wp-json\/wp\/v2\/pages\/5841","targetHints":{"allow":["GET"]}}],"collection":[{"href":"https:\/\/craigswapp.com\/spanish\/wp-json\/wp\/v2\/pages"}],"about":[{"href":"https:\/\/craigswapp.com\/spanish\/wp-json\/wp\/v2\/types\/page"}],"author":[{"embeddable":true,"href":"https:\/\/craigswapp.com\/spanish\/wp-json\/wp\/v2\/users\/2"}],"replies":[{"embeddable":true,"href":"https:\/\/craigswapp.com\/spanish\/wp-json\/wp\/v2\/comments?post=5841"}],"version-history":[{"count":3,"href":"https:\/\/craigswapp.com\/spanish\/wp-json\/wp\/v2\/pages\/5841\/revisions"}],"predecessor-version":[{"id":2014490,"href":"https:\/\/craigswapp.com\/spanish\/wp-json\/wp\/v2\/pages\/5841\/revisions\/2014490"}],"wp:featuredmedia":[{"embeddable":true,"href":"https:\/\/craigswapp.com\/spanish\/wp-json\/wp\/v2\/media\/2014481"}],"wp:attachment":[{"href":"https:\/\/craigswapp.com\/spanish\/wp-json\/wp\/v2\/media?parent=5841"}],"curies":[{"name":"wp","href":"https:\/\/api.w.org\/{rel}","templated":true}]}}