{"id":5840,"date":"2016-09-07T15:55:49","date_gmt":"2016-09-07T15:55:49","guid":{"rendered":"http:\/\/craigswapp1.wpengine.com\/?page_id=5840"},"modified":"2021-05-06T14:47:52","modified_gmt":"2021-05-06T14:47:52","slug":"abogado-de-accidente-de-motocicleta-en-salt-lake-city","status":"publish","type":"page","link":"https:\/\/craigswapp.com\/spanish\/abogado-de-accidente-de-motocicleta-en-salt-lake-city\/","title":{"rendered":"Abogado de Accidente de Motocicleta en Salt Lake City"},"content":{"rendered":"<p>&nbsp;<\/p>\n<h1>Abogado de Accidente de Motocicleta en\u00a0Salt Lake City<\/h1>\n<p>\u00a1Las motocicletas son bien divertidos! Pero como siempre, con el divertido hay responsabilidad. Como son divertidos, muchas veces manejamos sin pensar de los dem\u00e1s. Es como una manera para relajarnos, pero, puede ser el tiempo m\u00e1s peligroso. \u00a0Cosas como tratando de salir adelante de los coches, y la conducci\u00f3n en espacios apretados ilegales son algunos <a href=\"http:\/\/www.nhtsa.gov\/Safety\/Motorcycles\" target=\"_blank\" rel=\"noopener noreferrer\">causas de los accidentes de motocicleta<\/a>.<\/p>\n<p>&nbsp;<\/p>\n<h2>Aprender sobre Accidentes de Motocicletas<\/h2>\n<p>Conocer c\u00f3mo evitar un accidente de motocicleta y los pasos a seguir en caso de que usted est\u00e1 involucrado en uno, puede hacer un mundo de diferencia. Nunca sabemos cu\u00e1ndo esperar un accidente, pero es importante saber cu\u00e1l abogado de accidente de motocicleta de Salt Lake City para llamar que pueden ayudarle a obtener la compensaci\u00f3n que se merece.<\/p>\n<p>&nbsp;<\/p>\n<h2>Causas Comunes de Accidentes de Motocicletas en Salt Lake City<\/h2>\n<p>Los accidentes de motocicleta pueden ser m\u00e1s peligroso que cualquier otro accidente, porque no hay nada para proteger su cuerpo de los efectos de otra motocicleta o veh\u00edculo. Un sorprendente 43 por ciento de los <a href=\"http:\/\/www.iii.org\/issue-update\/motorcycle-crashes\" target=\"_blank\" rel=\"noopener noreferrer\">accidentes de motocicleta<\/a> se producen entre una motocicleta y un objeto fijo, mientras que el 57 por ciento de los accidentes de motocicleta son el resultado de una colisi\u00f3n con otro veh\u00edculo o motocicleta.<\/p>\n<p>Aprender acerca de las causas comunes de este tipo de accidentes, puede ayudar a identificar qui\u00e9n tiene la culpa en el accidente. Algunas de las causas comunes de accidentes de motocicleta son:<\/p>\n<ol>\n<li style=\"font-weight: 400;\"><strong>Golpear de Grava \u2013<\/strong> Esto sucede cuando un conductor de la motocicleta gira en una esquina o r\u00e1pidamente se acerca a un nuevo camino, sin darse cuenta de que no hab\u00eda grava en el suelo. La grava puede causar sus llantas resbalen causando una colisi\u00f3n.<\/li>\n<li style=\"font-weight: 400;\"><strong>Los Coches Que Est\u00e1n Cambiando de Carril \u2013<\/strong> Esto sucede cuando un coche no se da cuenta del conductor de la motocicleta en el carril de al lado de ellos. Debido a que las motocicletas son m\u00e1s peque\u00f1as que los <a href=\"https:\/\/craigswapp.com\/spanish\/es\/abogado-de-accidente-de-auto-en-salt-lake-city\/\">coches<\/a>, a veces se meten en el punto ciego del conductor y se le puede golpear sin saberlo.<\/li>\n<li style=\"font-weight: 400;\"><strong>La Divisi\u00f3n de Carriles \u2013<\/strong> La divisi\u00f3n de carriles ocurre con mayor frecuencia en el tr\u00e1fico pesado. Es cuando un corredor trata de pasar entre los carriles de tr\u00e1fico para ahorrar tiempo, pero cuando el tr\u00e1fico se acelera provoca una colisi\u00f3n entre el conductor de motocicleta y otro veh\u00edculo.<\/li>\n<\/ol>\n<p>&nbsp;<\/p>\n<h2>Consejos sobre los Accidentes de Motocicleta<\/h2>\n<p>Los accidentes de motocicleta son siempre dif\u00edciles de entender y navegar. Debido a que las motocicletas son m\u00e1s peque\u00f1os que los veh\u00edculos, muchas veces se asume que el conductor del autom\u00f3vil tiene la culpa. La cosa importante que hacer cuando se trata de entender qui\u00e9n es la culpa en un accidente de motocicleta, es ponerse en contacto con un abogado de accidentes de motocicleta cualificado en Salt Lake City.<\/p>\n<p>Aqu\u00ed, en <a href=\"https:\/\/craigswapp.com\/spanish\/\">Craig Swapp Y Asociados<\/a> \u00a0estamos listos para ayudarle a entender su responsabilidad y recibir la compensaci\u00f3n que merece. Ll\u00e1menos r\u00e1pidamente al <a href=\"tel:18556285050\">1-855-628-5050<\/a> para una consulta gratuita. No espere, vamos a ayudarle a hacer lo correcto.<\/p>\n","protected":false},"excerpt":{"rendered":"<p>&nbsp; Abogado de Accidente de Motocicleta en\u00a0Salt Lake City \u00a1Las motocicletas son bien divertidos! Pero como siempre, con el divertido hay responsabilidad. Como son divertidos, [&hellip;]<\/p>\n","protected":false},"author":2,"featured_media":0,"parent":0,"menu_order":0,"comment_status":"open","ping_status":"closed","template":"","meta":{"_acf_changed":false,"inline_featured_image":false,"footnotes":""},"class_list":["post-5840","page","type-page","status-publish","hentry"],"acf":[],"_links":{"self":[{"href":"https:\/\/craigswapp.com\/spanish\/wp-json\/wp\/v2\/pages\/5840","targetHints":{"allow":["GET"]}}],"collection":[{"href":"https:\/\/craigswapp.com\/spanish\/wp-json\/wp\/v2\/pages"}],"about":[{"href":"https:\/\/craigswapp.com\/spanish\/wp-json\/wp\/v2\/types\/page"}],"author":[{"embeddable":true,"href":"https:\/\/craigswapp.com\/spanish\/wp-json\/wp\/v2\/users\/2"}],"replies":[{"embeddable":true,"href":"https:\/\/craigswapp.com\/spanish\/wp-json\/wp\/v2\/comments?post=5840"}],"version-history":[{"count":1,"href":"https:\/\/craigswapp.com\/spanish\/wp-json\/wp\/v2\/pages\/5840\/revisions"}],"predecessor-version":[{"id":10739,"href":"https:\/\/craigswapp.com\/spanish\/wp-json\/wp\/v2\/pages\/5840\/revisions\/10739"}],"wp:attachment":[{"href":"https:\/\/craigswapp.com\/spanish\/wp-json\/wp\/v2\/media?parent=5840"}],"curies":[{"name":"wp","href":"https:\/\/api.w.org\/{rel}","templated":true}]}}