{"id":5839,"date":"2016-09-07T15:55:56","date_gmt":"2016-09-07T15:55:56","guid":{"rendered":"http:\/\/craigswapp1.wpengine.com\/?page_id=5839"},"modified":"2021-05-10T12:47:52","modified_gmt":"2021-05-10T12:47:52","slug":"abogado-de-accidente-de-auto-en-salt-lake-city","status":"publish","type":"page","link":"https:\/\/craigswapp.com\/spanish\/abogado-de-accidente-de-auto-en-salt-lake-city\/","title":{"rendered":"Abogado de accidentes de carros en Salt Lake City"},"content":{"rendered":"<p>\nAccidentes de coche, nunca son f\u00e1ciles. \u00a0Nunca pensamos cuando salimos de la casa que vamos a tener un accidente que puede cambiar nuestras vidas.<\/p>\n<p>No hay una manera espec\u00edfica para tratar a cada accidente. Pero si sabes las causas comunes de accidentes de coche en Salt Lake City, se puede mirar hacia adelante y evitar accidentes. Lo m\u00e1s de los accidentes de coche que se producen, se pueden prevenir con el conocimiento de c\u00f3mo asegurarse de que usted no es la pr\u00f3xima v\u00edctima de un accidente de coche.<\/p>\n<p>Busca abajo la informaci\u00f3n sobre las causas comunes de accidentes de coche en Salt Lake City.<\/p>\n<p>&nbsp;<\/p>\n<h2>Causas comunes de accidentes en Salt Lake City<\/h2>\n<ol>\n<li style=\"font-weight: 400;\">Conducci\u00f3n Distra\u00edda \u2013 La conducci\u00f3n distra\u00edda es cualquier cosa que le hace no se centran en la carretera. Los mensajes de texto, lectura se\u00f1ales de tr\u00e1fico, llamadas telef\u00f3nicas y m\u00fasica son algunas de las distracciones comunes que pueden robar su atenci\u00f3n de la carretera.<\/li>\n<li style=\"font-weight: 400;\">Exceso de Velocidad \u2013 El exceso de velocidad es cuando manejas m\u00e1s r\u00e1pido de lo que se permite en el camino. \u00a0\u00bfSab\u00edas que el <a href=\"http:\/\/www-nrd.nhtsa.dot.gov\/Pubs\/812021.pdf\" target=\"_blank\" rel=\"noopener noreferrer\">exceso de velocidad<\/a> es la principal causa de los accidentes de automovil\u00edsticos? Cada d\u00eda los conductores optan por ir por encima del l\u00edmite de velocidad, y costar a alguien de su vida.<\/li>\n<\/ol>\n<p>&nbsp;<\/p>\n<h2>Conducir con mal comportamiento<\/h2>\n<ol>\n<li style=\"font-weight: 400;\">Conducci\u00f3n Peligrosa \u2013 Muchos de nosotros tuvimos la experiencia de estar en carro cuando alguien rompi\u00f3 la ley y hizo algo ilegal. A veces, especialmente si tienes hijos en el carro, este te hace enojado y sientes como debes de hacer algo al otro carro. Esto es una causa frecuente de accidentes de coche.<\/li>\n<li style=\"font-weight: 400;\">Conducir en Estado de Ebriedad \u2013 Esto ocurre muchas veces, y muchas veces el conductor del veh\u00edculo no saben que est\u00e1n en estado de embriaguez. Mientras que la intoxicaci\u00f3n puede venir de alcohol, sino que tambi\u00e9n puede provenir de otras sustancias. Esto incluye drogas, medicamentos, reacciones al\u00e9rgicas y m\u00e1s. Saber exactamente lo que el conductor estaba intoxicado con es muy importante para su caso. Es muy importante que usted es consciente de todas las cosas que usted y otros conductores est\u00e1n consumiendo para evitar un <a href=\"http:\/\/le.utah.gov\/xcode\/Title41\/Chapter6A\/41-6a-P5.html?v=C41-6a-P5_1800010118000101\" target=\"_blank\" rel=\"noopener noreferrer\">accidente de tr\u00e1fico por conducir ebrio o intoxicado<\/a>.<\/li>\n<\/ol>\n<p>&nbsp;<\/p>\n<h2>\u00a1Nos podemos ayudar con su accidente de carro!<\/h2>\n<p>Aunque aprendas todas las causas comunes, siempre habr\u00e1 cosas que no saben c\u00f3mo manejar. Este es cuando necesitas la ayuda de un abogado de auto de Salt Lake City. \u00a0Cosas como recibiendo el reporte de la polic\u00eda y hablando con los otros pasajeros son cosas en que tienes que tener cuidado. Cada cosa que dices te puede afectar.<\/p>\n<p>\u00a1Si usted o alguien que conoces ha sido v\u00edctima de accidente de coche en Salt Lake City, sea en contacto con nosotros de inmediato! Nuestros abogados de accidentes de auto en Salt Lake City en <a href=\"https:\/\/craigswapp.com\/spanish\/\">Craig Swapp Y Asociados<\/a> \u00a0est\u00e1n esperando su Llamada. Ll\u00e1menos r\u00e1pidamente al <a href=\"tel:18556285050\">1-855-628-5050<\/a> para una consulta gratuita. No est\u00e1s solo. Ll\u00e1menos, y juntos vamos a hacer las cosas bien.<\/p>\n","protected":false},"excerpt":{"rendered":"<p>Accidentes de coche, nunca son f\u00e1ciles. \u00a0Nunca pensamos cuando salimos de la casa que vamos a tener un accidente que puede cambiar nuestras vidas. No [&hellip;]<\/p>\n","protected":false},"author":2,"featured_media":0,"parent":0,"menu_order":0,"comment_status":"open","ping_status":"closed","template":"","meta":{"_acf_changed":false,"inline_featured_image":false,"footnotes":""},"class_list":["post-5839","page","type-page","status-publish","hentry"],"acf":[],"_links":{"self":[{"href":"https:\/\/craigswapp.com\/spanish\/wp-json\/wp\/v2\/pages\/5839","targetHints":{"allow":["GET"]}}],"collection":[{"href":"https:\/\/craigswapp.com\/spanish\/wp-json\/wp\/v2\/pages"}],"about":[{"href":"https:\/\/craigswapp.com\/spanish\/wp-json\/wp\/v2\/types\/page"}],"author":[{"embeddable":true,"href":"https:\/\/craigswapp.com\/spanish\/wp-json\/wp\/v2\/users\/2"}],"replies":[{"embeddable":true,"href":"https:\/\/craigswapp.com\/spanish\/wp-json\/wp\/v2\/comments?post=5839"}],"version-history":[{"count":1,"href":"https:\/\/craigswapp.com\/spanish\/wp-json\/wp\/v2\/pages\/5839\/revisions"}],"predecessor-version":[{"id":10841,"href":"https:\/\/craigswapp.com\/spanish\/wp-json\/wp\/v2\/pages\/5839\/revisions\/10841"}],"wp:attachment":[{"href":"https:\/\/craigswapp.com\/spanish\/wp-json\/wp\/v2\/media?parent=5839"}],"curies":[{"name":"wp","href":"https:\/\/api.w.org\/{rel}","templated":true}]}}