{"id":5829,"date":"2016-09-07T17:20:28","date_gmt":"2016-09-07T17:20:28","guid":{"rendered":"http:\/\/craigswapp1.wpengine.com\/?page_id=5829"},"modified":"2021-05-10T13:12:43","modified_gmt":"2021-05-10T13:12:43","slug":"conduccion-bajo-influencia-boise","status":"publish","type":"page","link":"https:\/\/craigswapp.com\/spanish\/abogado-lesiones-personales-boise\/abogado-de-accidentes-de-carro\/conduccion-bajo-influencia-boise\/","title":{"rendered":"Abogado de conducci\u00f3n bajo la influencia en Boise"},"content":{"rendered":"<p>\nNunca es una buena idea beber y conducir, pero algunas personas no se dan cuenta de lo deteriorados que est\u00e1n cuando est\u00e1n bajo la influencia. A veces est\u00e1n tan cerca de casa que ni siquiera ven un riesgo, pero ese nivel de comodidad es a menudo lo mismo que conduce a un accidente de auto.<\/p>\n<p>Aquellos involucrados en un accidente automovil\u00edstico de conducci\u00f3n bajo la influencia (CBI) pueden experimentar algo, desde algunos moretones hasta graves lesiones en la columna e incluso la muerte. A pesar de que la persona que conduc\u00eda borracho probablemente no significa da\u00f1ar a nadie, usted no debe pagar por su error. Un experto abogado de conducci\u00f3n bajo la influencia en Boise de Craig Swapp &amp; Associates puede responder a sus preguntas y ayudarle a buscar la compensaci\u00f3n financiera por sus lesiones y p\u00e9rdidas despu\u00e9s de un accidente de CBI.<\/p>\n<p>&nbsp;<\/p>\n<h2>Los efectos de conducir ebrio<\/h2>\n<p>En Idaho las leyes CBI no son tan estrictas como lo son en algunos estados, pero conducir ebrio se toma tan en serio. Idaho es particularmente indulgente con los delincuentes por primera vez, con una sentencia m\u00e1xima de seis meses y un delito menor en lugar de un delito grave.<\/p>\n<p>Whether you were hit by a first-time offender or someone with a history of DWI charges, you deserve compensation for what you\u2019ve endured all the same. Drunk driving is a form of gross negligence, and the drunk driver who injured you owes you compensation for the injuries and damages that result from the accident.<\/p>\n<p>&nbsp;<\/p>\n<h2>C\u00f3mo los accidentes CBI afectan a las v\u00edctimas<\/h2>\n<p>Como la v\u00edctima de alguien que conduc\u00eda borracho, tener que pagar por el descuido de ese conductor es una p\u00edldora dif\u00edcil de tragar. Adem\u00e1s del trauma de lo que sucedi\u00f3, es probable que tenga sus propias lesiones para tratar. Usted puede incluso tener que hacer frente a la muerte de un ser querido debido al accidente. Un accidente CBI puede resultar en gastos m\u00e9dicos, tiempo de trabajo, gastos de funeral, reparaciones de veh\u00edculos y muchas otras cosas que puede no estar preparado para lidiar con financieramente o emocionalmente.<\/p>\n<p>Un experto abogado de conducci\u00f3n bajo la influencia en Boise de nuestra oficina puede ayudarle a lidiar con todos los costos de su accidente para que la carga no sea tan pesada. La sincronizaci\u00f3n es un factor en casos como estos, por lo que cuanto antes usted tome acci\u00f3n, mejor ser\u00e1 usted y los miembros de su familia al final.<\/p>\n<p>&nbsp;<\/p>\n<h2>Abogados de CBI con experiencia<\/h2>\n<p>Los accidentes CBI pueden ser experiencias traum\u00e1ticas para todos los involucrados. En la mayor\u00eda de los casos, sin embargo, el accidente habr\u00eda sido totalmente evitable si s\u00f3lo la persona que estaba conduciendo borracho no hab\u00eda decidido ponerse detr\u00e1s del volante.<\/p>\n<p>Si usted ha estado en un accidente automovil\u00edstico debido a alguien que estaba bebiendo y manejando, usted podr\u00eda tener derecho a una compensaci\u00f3n. Los abogados de Craig Swapp &amp; Associates pueden guiarlo a trav\u00e9s del proceso legal y llevar su caso a una conclusi\u00f3n exitosa. Complete nuestro formulario abajo o llame gratis a nuestra oficina al 800-404-9000 y comience el proceso que podr\u00eda traer compensaci\u00f3n financiera y cierre a un evento desafortunado.<\/p>\n","protected":false},"excerpt":{"rendered":"<p>Nunca es una buena idea beber y conducir, pero algunas personas no se dan cuenta de lo deteriorados que est\u00e1n cuando est\u00e1n bajo la influencia. [&hellip;]<\/p>\n","protected":false},"author":2,"featured_media":0,"parent":4399,"menu_order":0,"comment_status":"closed","ping_status":"closed","template":"","meta":{"_acf_changed":false,"inline_featured_image":false,"footnotes":""},"class_list":["post-5829","page","type-page","status-publish","hentry"],"acf":[],"_links":{"self":[{"href":"https:\/\/craigswapp.com\/spanish\/wp-json\/wp\/v2\/pages\/5829","targetHints":{"allow":["GET"]}}],"collection":[{"href":"https:\/\/craigswapp.com\/spanish\/wp-json\/wp\/v2\/pages"}],"about":[{"href":"https:\/\/craigswapp.com\/spanish\/wp-json\/wp\/v2\/types\/page"}],"author":[{"embeddable":true,"href":"https:\/\/craigswapp.com\/spanish\/wp-json\/wp\/v2\/users\/2"}],"replies":[{"embeddable":true,"href":"https:\/\/craigswapp.com\/spanish\/wp-json\/wp\/v2\/comments?post=5829"}],"version-history":[{"count":1,"href":"https:\/\/craigswapp.com\/spanish\/wp-json\/wp\/v2\/pages\/5829\/revisions"}],"predecessor-version":[{"id":10930,"href":"https:\/\/craigswapp.com\/spanish\/wp-json\/wp\/v2\/pages\/5829\/revisions\/10930"}],"up":[{"embeddable":true,"href":"https:\/\/craigswapp.com\/spanish\/wp-json\/wp\/v2\/pages\/4399"}],"wp:attachment":[{"href":"https:\/\/craigswapp.com\/spanish\/wp-json\/wp\/v2\/media?parent=5829"}],"curies":[{"name":"wp","href":"https:\/\/api.w.org\/{rel}","templated":true}]}}