{"id":5824,"date":"2016-09-07T17:20:28","date_gmt":"2016-09-07T17:20:28","guid":{"rendered":"http:\/\/craigswapp1.wpengine.com\/?page_id=5824"},"modified":"2021-05-10T13:12:52","modified_gmt":"2021-05-10T13:12:52","slug":"boise-huesos-rotos-accidentes-auto","status":"publish","type":"page","link":"https:\/\/craigswapp.com\/spanish\/abogado-lesiones-personales-boise\/abogado-de-accidentes-de-carro\/boise-huesos-rotos-accidentes-auto\/","title":{"rendered":"Abogado de huesos rotos por accidente de auto en Boise"},"content":{"rendered":"<p>\nMuchas personas piensan err\u00f3neamente que los huesos rotos no son heridas graves, y que el impacto de una lesi\u00f3n de este tipo ser\u00e1 m\u00ednimo. Sin embargo, incluso un hueso fracturado puede conducir a costosas facturas m\u00e9dicas y otras p\u00e9rdidas que pueden afectar a usted ya su familia a largo plazo.<\/p>\n<p>A menudo, las personas resultan heridas con huesos rotos en accidentes automovil\u00edsticos que no tienen que ocurrir porque el naufragio fue causado por la negligencia de alguien m\u00e1s. En estos casos, usted podr\u00eda tener derecho a una compensaci\u00f3n financiera que podr\u00eda ayudar a usted ya sus familiares a avanzar de la mejor manera posible.<\/p>\n<p>Cuando usted est\u00e1 lesionado debido a la negligencia de otra persona, necesita un abogado de huesos rotos por accidentes de auto en Boise de Craig Swapp &amp; Associates de su lado. Ya sea que sus lesiones se curen de inmediato o le afecten a largo plazo, aseg\u00farese de que la persona correcta es responsable por su accidente.<\/p>\n<p>&nbsp;<\/p>\n<h2>Tipos de huesos rotos despu\u00e9s de un accidente de auto<\/h2>\n<p>Hay varios tipos diferentes de huesos rotos que pueden ocurrir en un accidente de auto. Estos tipos de lesiones se dividen en diferentes categor\u00edas, como fracturas abiertas y fracturas cerradas. Las fracturas abiertas son las m\u00e1s obvias porque el hueso realmente perforar\u00e1 la piel. Fracturas cerradas son tan peligrosas, pero no siempre como visualmente obvio ya que el da\u00f1o es interno.<\/p>\n<p>Los huesos rotos requieren a menudo una f\u00e9rula o abrazadera para sostener el hueso en el lugar, pero pueden tambi\u00e9n requerir las placas o los pernos quir\u00fargicamente instalados para ayudar a mantener el hueso en lugar y establo. Tambi\u00e9n es posible sufrir de otras complicaciones que surgen de un hueso roto:<\/p>\n<ul>\n<li style=\"font-weight: 400;\">El tejido de la m\u00e9dula grasa podr\u00eda escapar al torrente sangu\u00edneo<\/li>\n<li style=\"font-weight: 400;\">Las infecciones pueden echar ra\u00edces en las roturas abiertas<\/li>\n<li style=\"font-weight: 400;\">Los huesos pueden deslizarse fuera de lugar y tienen que restablecerse<\/li>\n<li style=\"font-weight: 400;\">Piezas del hueso pueden haberse roto y entrar en otras \u00e1reas del cuerpo<\/li>\n<\/ul>\n<p>&nbsp;<\/p>\n<h2>Los gastos de los huesos rotos<\/h2>\n<p>Incluso un simple descanso va a causar al menos un ajuste temporal en el estilo de vida. El hueso roto o fracturado no puede tener ninguna presi\u00f3n o peso colocado sobre \u00e9l, y el yeso tendr\u00e1 que ser protegido de los elementos. Dependiendo de la gravedad de su interrupci\u00f3n, puede requerir un dispositivo de asistencia m\u00e9dica y un tratamiento continuo que contin\u00fae durante a\u00f1os despu\u00e9s del accidente.<\/p>\n<p>La fisioterapia puede ser necesaria incluso despu\u00e9s de que el descanso se cure. Todos estos elementos se suman a facturas m\u00e9dicas costosas y p\u00e9rdidas personales. Un abogado de huesos rotos por accidente de auto en Boise de nuestra firma puede ayudarle a buscar una compensaci\u00f3n por cualquiera de sus gastos relacionados con accidentes.<\/p>\n<p>&nbsp;<\/p>\n<h2>Experiencia en Huesos Rotos en Boise<\/h2>\n<p>Si usted ha estado en un accidente de coche que fue causado por alguien o algo m\u00e1s, usted podr\u00eda tener derecho a una compensaci\u00f3n financiera. Con el fin de garantizar que la persona adecuada se considera responsable, necesitar\u00e1 abogados experimentados que saben c\u00f3mo manejar su caso. Los abogados de accidentes de auto de Craig Swapp &amp; Associates puede obtener la compensaci\u00f3n que se merece.<\/p>\n<p>Si usted o alguien que usted conoce ha sufrido un hueso roto o fracturado en un accidente de auto en Boise, necesita un equipo legal experimentado y determinado para ayudar. Hable con uno de nuestros abogados competentes llam\u00e1ndonos al 800-404-9000. Alternativamente, puede organizar su consulta gratuita completando nuestro formulario en l\u00ednea en la parte inferior de esta p\u00e1gina, y alguien de nuestra oficina se pondr\u00e1 en contacto con usted a su conveniencia.<\/p>\n","protected":false},"excerpt":{"rendered":"<p>Muchas personas piensan err\u00f3neamente que los huesos rotos no son heridas graves, y que el impacto de una lesi\u00f3n de este tipo ser\u00e1 m\u00ednimo. Sin [&hellip;]<\/p>\n","protected":false},"author":2,"featured_media":0,"parent":4399,"menu_order":0,"comment_status":"closed","ping_status":"closed","template":"","meta":{"_acf_changed":false,"inline_featured_image":false,"footnotes":""},"class_list":["post-5824","page","type-page","status-publish","hentry"],"acf":[],"_links":{"self":[{"href":"https:\/\/craigswapp.com\/spanish\/wp-json\/wp\/v2\/pages\/5824","targetHints":{"allow":["GET"]}}],"collection":[{"href":"https:\/\/craigswapp.com\/spanish\/wp-json\/wp\/v2\/pages"}],"about":[{"href":"https:\/\/craigswapp.com\/spanish\/wp-json\/wp\/v2\/types\/page"}],"author":[{"embeddable":true,"href":"https:\/\/craigswapp.com\/spanish\/wp-json\/wp\/v2\/users\/2"}],"replies":[{"embeddable":true,"href":"https:\/\/craigswapp.com\/spanish\/wp-json\/wp\/v2\/comments?post=5824"}],"version-history":[{"count":1,"href":"https:\/\/craigswapp.com\/spanish\/wp-json\/wp\/v2\/pages\/5824\/revisions"}],"predecessor-version":[{"id":10931,"href":"https:\/\/craigswapp.com\/spanish\/wp-json\/wp\/v2\/pages\/5824\/revisions\/10931"}],"up":[{"embeddable":true,"href":"https:\/\/craigswapp.com\/spanish\/wp-json\/wp\/v2\/pages\/4399"}],"wp:attachment":[{"href":"https:\/\/craigswapp.com\/spanish\/wp-json\/wp\/v2\/media?parent=5824"}],"curies":[{"name":"wp","href":"https:\/\/api.w.org\/{rel}","templated":true}]}}