{"id":5822,"date":"2016-09-07T17:20:28","date_gmt":"2016-09-07T17:20:28","guid":{"rendered":"http:\/\/craigswapp1.wpengine.com\/?page_id=5822"},"modified":"2021-05-10T13:15:01","modified_gmt":"2021-05-10T13:15:01","slug":"lesiones-cerebrales-accidentes-auto-boise","status":"publish","type":"page","link":"https:\/\/craigswapp.com\/spanish\/abogado-lesiones-personales-boise\/abogado-de-accidentes-de-carro\/lesiones-cerebrales-accidentes-auto-boise\/","title":{"rendered":"Abogado de lesiones cerebrales por accidentes de auto en Boise"},"content":{"rendered":"<p>\nAl igual que otras ciudades pr\u00f3speras, los accidentes automovil\u00edsticos no son nada raro en Boise, Idaho. Algunas de las peores lesiones sufridas en accidentes automovil\u00edsticos son lesiones cerebrales, que incluyen lesiones cerebrales traum\u00e1ticas (LCT) y concusiones.<\/p>\n<p>Si usted o un ser querido ha estado en un accidente automovil\u00edstico que result\u00f3 en una lesi\u00f3n cerebral, necesitar\u00e1 un abogado de lesiones cerebrales por accidentes de auto en Boise de Craig Swapp &amp; Associates para ayudarle a buscar la justicia y la compensaci\u00f3n financiera.<\/p>\n<p>&nbsp;<\/p>\n<h2>Signos de lesi\u00f3n cerebral despu\u00e9s de un accidente de auto<\/h2>\n<p>Algunas lesiones cerebrales se retrasan y no manifiestan inmediatamente s\u00edntomas despu\u00e9s de un accidente de auto. Debido a que las lesiones cerebrales no siempre implican la p\u00e9rdida de la conciencia, no puede pensar que algo grave es malo si parece f\u00edsicamente muy bien de lo contrario.<\/p>\n<p>Sin embargo, hay varios signos de que los seres queridos deben tener en cuenta en las semanas siguientes despu\u00e9s de un accidente de auto, ya que podr\u00eda indicar una lesi\u00f3n cerebral traum\u00e1tica. Incluso despu\u00e9s de haber sido autorizado por un profesional m\u00e9dico, puede ser diagnosticado con una lesi\u00f3n cerebral mucho m\u00e1s tarde. Algunos de los signos de una lesi\u00f3n cerebral despu\u00e9s de un accidente automovil\u00edstico son los siguientes:<\/p>\n<ul>\n<li style=\"font-weight: 400;\">Dolores de cabeza y migra\u00f1as<\/li>\n<li style=\"font-weight: 400;\">Cambios de humor y comportamiento<\/li>\n<li style=\"font-weight: 400;\">Cambios de apetito<\/li>\n<li style=\"font-weight: 400;\">Cambios en los patrones de sue\u00f1o<\/li>\n<li style=\"font-weight: 400;\">Visi\u00f3n borrosa<\/li>\n<\/ul>\n<p>Otros signos de una lesi\u00f3n cerebral causada por un accidente automovil\u00edstico incluyen p\u00e9rdida de funciones motoras, problemas de percepci\u00f3n y cambios en el habla. Tenga en cuenta que un individuo puede perder el conocimiento y no recordar haberlo hecho despu\u00e9s. Sin testigos, esto puede pasar desapercibido.<\/p>\n<p>&nbsp;<\/p>\n<h2>El alto precio de las lesiones cerebrales<\/h2>\n<p>Las lesiones cerebrales pueden requerir costosos tratamientos que pueden ir desde unas cuantas pruebas diagn\u00f3sticas hasta una terapia continua para ayudarle a recuperar las habilidades y conocimientos perdidos debido a la lesi\u00f3n. Si usted sufre de una lesi\u00f3n cerebral traum\u00e1tica, una contusi\u00f3n o una conmoci\u00f3n cerebral, su vida puede cambiar mucho despu\u00e9s de su accidente de auto.<\/p>\n<p>Tambi\u00e9n puede tener que tratar con p\u00e9rdidas y da\u00f1os como p\u00e9rdida de salarios e ingresos que resultan de ser incapaz de trabajar. Si la gente tiene que volver a aprender tareas simples como vestirse o procedimientos complejos como operar una computadora, es probable que tengan dificultad para llevar a cabo sus tareas de trabajo con \u00e9xito. Y no nos olvidemos, su veh\u00edculo tambi\u00e9n tendr\u00e1 que ser reparado o reemplazado.<\/p>\n<p>Independientemente de los gastos relacionados con el accidente, Craig Swapp &amp; Associates puede ayudarle a obtener una compensaci\u00f3n financiera de la parte culpable.<\/p>\n<p>&nbsp;<\/p>\n<h2>Ayuda de un abogado de accidentes de auto en Boise<\/h2>\n<p>Abogado de lesiones cerebrales por accidentes de auto en Boise puede ayudarle a administrar las compa\u00f1\u00edas de seguros, facturas m\u00e9dicas y las negociaciones necesarias para obtener la compensaci\u00f3n que necesita para seguir adelante. No importa qui\u00e9n o qu\u00e9 caus\u00f3 su lesi\u00f3n cerebral o accidente de coche, usted no deber\u00eda tener que lidiar con los gastos y las consecuencias por s\u00ed mismo. Nuestros abogados de accidentes de auto pueden obtener la compensaci\u00f3n que usted necesita y se merece.<\/p>\n<p>Si usted o alguien que conoce ha estado en un accidente que result\u00f3 en una lesi\u00f3n cerebral, necesita un equipo legal experimentado y determinado para ayudarle a buscar una compensaci\u00f3n. Llene el siguiente formulario o llame gratis a nuestra oficina al 800-404-9000. Programe su consulta gratuita hoy, y comience en el camino hacia la restituci\u00f3n financiera.<\/p>\n","protected":false},"excerpt":{"rendered":"<p>Al igual que otras ciudades pr\u00f3speras, los accidentes automovil\u00edsticos no son nada raro en Boise, Idaho. Algunas de las peores lesiones sufridas en accidentes automovil\u00edsticos [&hellip;]<\/p>\n","protected":false},"author":2,"featured_media":0,"parent":4399,"menu_order":0,"comment_status":"closed","ping_status":"closed","template":"","meta":{"_acf_changed":false,"inline_featured_image":false,"footnotes":""},"class_list":["post-5822","page","type-page","status-publish","hentry"],"acf":[],"_links":{"self":[{"href":"https:\/\/craigswapp.com\/spanish\/wp-json\/wp\/v2\/pages\/5822","targetHints":{"allow":["GET"]}}],"collection":[{"href":"https:\/\/craigswapp.com\/spanish\/wp-json\/wp\/v2\/pages"}],"about":[{"href":"https:\/\/craigswapp.com\/spanish\/wp-json\/wp\/v2\/types\/page"}],"author":[{"embeddable":true,"href":"https:\/\/craigswapp.com\/spanish\/wp-json\/wp\/v2\/users\/2"}],"replies":[{"embeddable":true,"href":"https:\/\/craigswapp.com\/spanish\/wp-json\/wp\/v2\/comments?post=5822"}],"version-history":[{"count":2,"href":"https:\/\/craigswapp.com\/spanish\/wp-json\/wp\/v2\/pages\/5822\/revisions"}],"predecessor-version":[{"id":10935,"href":"https:\/\/craigswapp.com\/spanish\/wp-json\/wp\/v2\/pages\/5822\/revisions\/10935"}],"up":[{"embeddable":true,"href":"https:\/\/craigswapp.com\/spanish\/wp-json\/wp\/v2\/pages\/4399"}],"wp:attachment":[{"href":"https:\/\/craigswapp.com\/spanish\/wp-json\/wp\/v2\/media?parent=5822"}],"curies":[{"name":"wp","href":"https:\/\/api.w.org\/{rel}","templated":true}]}}