{"id":5815,"date":"2016-09-07T17:04:18","date_gmt":"2016-09-07T17:04:18","guid":{"rendered":"http:\/\/craigswapp1.wpengine.com\/?page_id=5815"},"modified":"2021-05-06T16:57:07","modified_gmt":"2021-05-06T16:57:07","slug":"salt-lake-city-truck-accident-broken-bone-lawyer","status":"publish","type":"page","link":"https:\/\/craigswapp.com\/spanish\/abogado-accidente-camion-salt-lake-city\/salt-lake-city-truck-accident-broken-bone-lawyer\/","title":{"rendered":"Abogado de Huesos Rotos por Accidentes de Camiones en Salt Lake City"},"content":{"rendered":"<p>\nSi usted ha sufrido un hueso roto o fracturado durante un accidente de cami\u00f3n, necesita un experto abogado de huesos rotos por accidentes de camiones en Salt Lake City de Craig Swapp &amp; Asociados de su lado. Evitaremos que usted sea aprovechado por las compa\u00f1\u00edas de seguros y asegurarse de que reciba la compensaci\u00f3n a la que tiene derecho.<\/p>\n<p>Con miles de personas heridas en accidentes de camiones cada a\u00f1o, las compa\u00f1\u00edas de camiones y sus aseguradoras tienen equipos de abogados que los representan. Usted necesita un abogado con experiencia para representarle para asegurarse de que su reclamo es tratado de manera justa, que es donde entramos nosotros.<\/p>\n<p>&nbsp;<\/p>\n<h2>\u00bfEst\u00e1 recibiendo suficiente compensaci\u00f3n por su reclamaci\u00f3n?<\/h2>\n<p>Demasiadas v\u00edctimas de accidentes dejan dinero en la mesa al no solicitar compensaci\u00f3n por cada efecto que una lesi\u00f3n ha tenido en su vida. Despu\u00e9s de sufrir un hueso fracturado o roto en un accidente de cami\u00f3n, es probable que experimente una serie de gastos financieros:<\/p>\n<ul>\n<li style=\"font-weight: 400;\">Atenci\u00f3n m\u00e9dica inmediata y continua<\/li>\n<li style=\"font-weight: 400;\">Servicios de rehabilitaci\u00f3n y fisioterapia<\/li>\n<li style=\"font-weight: 400;\">Muletas, una silla de ruedas u otro equipo m\u00e9dico dom\u00e9stico para ayudar con la movilidad<\/li>\n<li style=\"font-weight: 400;\">Contratar a un cuidador para usted o para sus hijos<\/li>\n<li style=\"font-weight: 400;\">Transporte hacia y desde sus citas m\u00e9dicas y trabajo<\/li>\n<li style=\"font-weight: 400;\">Salarios e ingresos perdidos debido al tiempo libre de trabajo<\/li>\n<li style=\"font-weight: 400;\">Adaptaci\u00f3n de su casa o veh\u00edculo para acomodar su lesi\u00f3n o discapacidad<\/li>\n<\/ul>\n<p>Usted podr\u00eda tener derecho a dinero para pagar cualquier p\u00e9rdida financiera o da\u00f1os que resulten de su accidente.<\/p>\n<p>&nbsp;<\/p>\n<h2>C\u00f3mo Funciona el Proceso Legal<\/h2>\n<p>Una vez que retenga nuestros servicios para su reclamo de lesi\u00f3n \u00f3sea roto, iremos a trabajar reuniendo evidencia para construir un caso fuerte. Necesitamos demostrar qui\u00e9n fue responsable de su accidente de cami\u00f3n, qu\u00e9 lo caus\u00f3 y c\u00f3mo su hueso roto ha impactado su vida. Desarrollaremos un caso que demuestre completamente la negligencia de la parte culpable persiguiendo toda la evidencia posible:<\/p>\n<ul>\n<li style=\"font-weight: 400;\">Obtenci\u00f3n de informes de accidentes<\/li>\n<li style=\"font-weight: 400;\">Hablar con su m\u00e9dico y revisar sus registros m\u00e9dicos relacionados con accidentes<\/li>\n<li style=\"font-weight: 400;\">Recopilaci\u00f3n de datos sobre c\u00f3mo su hueso roto le ha afectado financieramente y emocionalmente<\/li>\n<li style=\"font-weight: 400;\">Hablando con testigos<\/li>\n<li style=\"font-weight: 400;\">Revisi\u00f3n de fotograf\u00edas y video del accidente del cami\u00f3n y sus secuelas<\/li>\n<\/ul>\n<p>&nbsp;<\/p>\n<h2>Un Abogado Puede Revelar Informaci\u00f3n<\/h2>\n<p>Si el conductor o la compa\u00f1\u00eda de camiones no est\u00e1 recibiendo informaci\u00f3n, podemos solicitar que respondan preguntas completando los interrogatorios o durante una declaraci\u00f3n. Ellos tendr\u00e1n que responder preguntas bajo juramento, haciendo que la informaci\u00f3n oscurecida u ocultada sea una ofensa seria.<\/p>\n<p>Con esta informaci\u00f3n en la mano, podemos presentar una demanda en su nombre, nombrando a todas las partes que contribuyeron al accidente de cami\u00f3n y el hueso roto resultante. En el caso de un accidente de cami\u00f3n, esto puede incluir tanto al conductor como a la compa\u00f1\u00eda para la que estaban trabajando. Si un camino peligroso o alg\u00fan otro factor externo estuviera involucrado, una agencia gubernamental o una empresa privada tambi\u00e9n puede tener parte de la culpa<\/p>\n<p>&nbsp;<\/p>\n<h2>Resoluci\u00f3n Fuera de la Corte o Presentaci\u00f3n de una Demanda<\/h2>\n<p>Craig Swapp &amp; Associates puede representarlo tanto dentro como fuera de la corte.<\/p>\n<p>Una vez que su demanda ha sido presentada, la compa\u00f1\u00eda de seguros puede hacer una oferta de compensaci\u00f3n. Lo revisaremos con usted y determinaremos si es justo o inadecuado. Si la oferta no es aceptable, procederemos a la corte y lucharemos por la mayor indemnizaci\u00f3n posible.<\/p>\n<p>&nbsp;<\/p>\n<h2>Ayuda de un Abogado de Huesos Rotos por Accidentes de Camiones en Salt Lake City<\/h2>\n<p>Para maximizar su compensaci\u00f3n, usted necesita trabajar con un abogado de accidente de cami\u00f3n que tiene experiencia con reclamaciones como la suya. Esto es exactamente lo que encontrar\u00e1 cuando trabaje con Craig Swapp &amp; Associates. Programe una consulta gratuita llamando al <a href=\"tel:18004049000\">1-800-404-9000<\/a>\u00a0 o llene el formulario de contacto a continuaci\u00f3n y descubra cu\u00e1les son sus opciones de compensaci\u00f3n financiera.<\/p>\n","protected":false},"excerpt":{"rendered":"<p>Si usted ha sufrido un hueso roto o fracturado durante un accidente de cami\u00f3n, necesita un experto abogado de huesos rotos por accidentes de camiones [&hellip;]<\/p>\n","protected":false},"author":2,"featured_media":0,"parent":145,"menu_order":0,"comment_status":"closed","ping_status":"closed","template":"","meta":{"_acf_changed":false,"inline_featured_image":false,"footnotes":""},"class_list":["post-5815","page","type-page","status-publish","hentry"],"acf":[],"_links":{"self":[{"href":"https:\/\/craigswapp.com\/spanish\/wp-json\/wp\/v2\/pages\/5815","targetHints":{"allow":["GET"]}}],"collection":[{"href":"https:\/\/craigswapp.com\/spanish\/wp-json\/wp\/v2\/pages"}],"about":[{"href":"https:\/\/craigswapp.com\/spanish\/wp-json\/wp\/v2\/types\/page"}],"author":[{"embeddable":true,"href":"https:\/\/craigswapp.com\/spanish\/wp-json\/wp\/v2\/users\/2"}],"replies":[{"embeddable":true,"href":"https:\/\/craigswapp.com\/spanish\/wp-json\/wp\/v2\/comments?post=5815"}],"version-history":[{"count":1,"href":"https:\/\/craigswapp.com\/spanish\/wp-json\/wp\/v2\/pages\/5815\/revisions"}],"predecessor-version":[{"id":10771,"href":"https:\/\/craigswapp.com\/spanish\/wp-json\/wp\/v2\/pages\/5815\/revisions\/10771"}],"up":[{"embeddable":true,"href":"https:\/\/craigswapp.com\/spanish\/wp-json\/wp\/v2\/pages\/145"}],"wp:attachment":[{"href":"https:\/\/craigswapp.com\/spanish\/wp-json\/wp\/v2\/media?parent=5815"}],"curies":[{"name":"wp","href":"https:\/\/api.w.org\/{rel}","templated":true}]}}