{"id":5812,"date":"2016-09-07T17:04:18","date_gmt":"2016-09-07T17:04:18","guid":{"rendered":"http:\/\/craigswapp1.wpengine.com\/?page_id=5812"},"modified":"2021-05-06T16:58:48","modified_gmt":"2021-05-06T16:58:48","slug":"salt-lake-city-truck-accident-head-injury-lawyer","status":"publish","type":"page","link":"https:\/\/craigswapp.com\/spanish\/abogado-accidente-camion-salt-lake-city\/salt-lake-city-truck-accident-head-injury-lawyer\/","title":{"rendered":"Abogado Lesiones Craneales de Accidentes de Camiones en Salt Lake City"},"content":{"rendered":"<p>\nLos accidentes con camiones a menudo dan lugar a enormes cantidades de da\u00f1o al otro veh\u00edculo y sus ocupantes. Como resultado, las v\u00edctimas de accidentes de camiones a menudo experimentan una lesi\u00f3n cerebral traum\u00e1tica en estos tipos de accidentes.<\/p>\n<p>Cada a\u00f1o, aproximadamente 111.000 personas resultan heridas en grandes choques de camiones, muchos de ellos sufriendo lesiones en la cabeza. Si usted fuera uno de ellos, un abogado lesiones craneales de accidentes de camiones en Salt Lake City de Craig Swapp &amp; Associates puede evaluar su caso e informarle de la compensaci\u00f3n que puede tener derecho.<\/p>\n<p>&nbsp;<\/p>\n<h2>\u00bfSufri\u00f3 una lesi\u00f3n en la cabeza?<\/h2>\n<p>Las v\u00edctimas de accidentes no siempre son conscientes de que tienen una lesi\u00f3n en la cabeza, s\u00f3lo que se sienten o se comportan de manera diferente despu\u00e9s del accidente.<\/p>\n<p>Si usted tiene una sospecha de que tiene una lesi\u00f3n no diagnosticada o retrasada, es importante que usted visite a un m\u00e9dico para un diagn\u00f3stico adecuado tan pronto como sea posible. El estatuto de limitaciones de Utah s\u00f3lo provee cuatro a\u00f1os para presentar una demanda por lesiones personales, y ese tiempo puede volar mucho m\u00e1s r\u00e1pido de lo que se podr\u00eda pensar.<\/p>\n<p>&nbsp;<\/p>\n<h2>S\u00edntomas para que Usted Debe Observar<\/h2>\n<p>Una lesi\u00f3n cerebral traum\u00e1tica o conmoci\u00f3n cerebral puede no ser inmediatamente obvio. Es por eso que debe ser examinado por un m\u00e9dico inmediatamente despu\u00e9s de su accidente tractor-remolque. Est\u00e9 atento a los s\u00edntomas com\u00fanmente asociados con una lesi\u00f3n cerebral, incluyendo cualquiera de los siguientes:<\/p>\n<ul>\n<li style=\"font-weight: 400;\">Confusi\u00f3n o amnesia<\/li>\n<li style=\"font-weight: 400;\">Incapacidad para formar pensamientos claros o informaci\u00f3n del proceso<\/li>\n<li style=\"font-weight: 400;\">Agresi\u00f3n anormal y otros cambios en el estado de \u00e1nimo o el comportamiento<\/li>\n<li style=\"font-weight: 400;\">P\u00e9rdida del olfato o de la visi\u00f3n<\/li>\n<li style=\"font-weight: 400;\">Dolores de cabeza y migra\u00f1as<\/li>\n<\/ul>\n<p>&nbsp;<\/p>\n<h2>Determinaci\u00f3n de Culpa para su\u00a0Accidente de Cami\u00f3n<\/h2>\n<p>Una vez que le han diagnosticado una lesi\u00f3n en la cabeza, necesita un abogado para demostrar que su lesi\u00f3n fue causada por el accidente del cami\u00f3n y que alguien m\u00e1s fue culpable. Este es el concepto de demostrar la negligencia, y es fundamental para su caso de lesiones personales porque cualquier cantidad de falta asignada a usted podr\u00eda reducir directamente la compensaci\u00f3n que recibe.<\/p>\n<p>Este proceso puede ser m\u00e1s complicado cuando usted ha sido golpeado por un cami\u00f3n grande porque necesitamos determinar si el conductor o la compa\u00f1\u00eda de camiones era culpable o si ambos ten\u00edan un papel en causar su accidente. Si un camino peligroso o alg\u00fan otro factor externo jug\u00f3 un papel en lo que sucedi\u00f3, tambi\u00e9n es posible que una agencia gubernamental o una empresa privada fuera culpable.<\/p>\n<p>&nbsp;<\/p>\n<h2>Asentamiento vs. Ir a la Corte<\/h2>\n<p>La contrataci\u00f3n de un abogado no significa necesariamente que usted tiene que ir a la corte. Si la compa\u00f1\u00eda de seguros est\u00e1 dispuesta a hacer una oferta de acuerdo justo despu\u00e9s de revisar la informaci\u00f3n proporcionada, usted podr\u00eda resolver en cualquier momento y recibir una compensaci\u00f3n m\u00e1s r\u00e1pido.<\/p>\n<p>Sin embargo, si la otra parte est\u00e1 negando la responsabilidad o la compa\u00f1\u00eda de seguros se niega a pagar por cosas como los procedimientos m\u00e9dicos necesarios, ir a juicio puede ser la mejor manera de recibir un resultado positivo para su caso.<\/p>\n<p>Craig Swapp &amp; Associates puede representar a ambos, tanto dentro como fuera de los tribunales, para que podamos ser su defensor independientemente de la direcci\u00f3n tomada por su caso.<\/p>\n<p>&nbsp;<\/p>\n<h2>Hable con un Abogado Lesiones Craneales de Accidentes de Camiones en Salt Lake City<\/h2>\n<p>Si sufri\u00f3 una conmoci\u00f3n cerebral u otra lesi\u00f3n en la cabeza durante un accidente de cami\u00f3n, debe hablar con un abogado lesiones craneales de accidentes de camiones en Salt Lake City de Craig Swapp &amp; Associates para discutir sus derechos y opciones legales. Como abogados especializados en lesiones, sabemos c\u00f3mo maximizar el valor de su reclamo para que pueda recibir tanto dinero como sea posible para sus lesiones.<\/p>\n<p>Para saber c\u00f3mo podemos ayudarle y para que sus preguntas sean respondidas, llame al <a href=\"tel:18004049000\">800-404-9000<\/a>\u00a0o rellene el siguiente formulario<\/p>\n","protected":false},"excerpt":{"rendered":"<p>Los accidentes con camiones a menudo dan lugar a enormes cantidades de da\u00f1o al otro veh\u00edculo y sus ocupantes. Como resultado, las v\u00edctimas de accidentes [&hellip;]<\/p>\n","protected":false},"author":2,"featured_media":0,"parent":145,"menu_order":0,"comment_status":"closed","ping_status":"closed","template":"","meta":{"_acf_changed":false,"inline_featured_image":false,"footnotes":""},"class_list":["post-5812","page","type-page","status-publish","hentry"],"acf":[],"_links":{"self":[{"href":"https:\/\/craigswapp.com\/spanish\/wp-json\/wp\/v2\/pages\/5812","targetHints":{"allow":["GET"]}}],"collection":[{"href":"https:\/\/craigswapp.com\/spanish\/wp-json\/wp\/v2\/pages"}],"about":[{"href":"https:\/\/craigswapp.com\/spanish\/wp-json\/wp\/v2\/types\/page"}],"author":[{"embeddable":true,"href":"https:\/\/craigswapp.com\/spanish\/wp-json\/wp\/v2\/users\/2"}],"replies":[{"embeddable":true,"href":"https:\/\/craigswapp.com\/spanish\/wp-json\/wp\/v2\/comments?post=5812"}],"version-history":[{"count":1,"href":"https:\/\/craigswapp.com\/spanish\/wp-json\/wp\/v2\/pages\/5812\/revisions"}],"predecessor-version":[{"id":10779,"href":"https:\/\/craigswapp.com\/spanish\/wp-json\/wp\/v2\/pages\/5812\/revisions\/10779"}],"up":[{"embeddable":true,"href":"https:\/\/craigswapp.com\/spanish\/wp-json\/wp\/v2\/pages\/145"}],"wp:attachment":[{"href":"https:\/\/craigswapp.com\/spanish\/wp-json\/wp\/v2\/media?parent=5812"}],"curies":[{"name":"wp","href":"https:\/\/api.w.org\/{rel}","templated":true}]}}