{"id":5675,"date":"2016-08-06T00:47:17","date_gmt":"2016-08-06T00:47:17","guid":{"rendered":"http:\/\/craigswapp1.wpengine.com\/?page_id=5675"},"modified":"2021-05-06T16:58:57","modified_gmt":"2021-05-06T16:58:57","slug":"salt-lake-city-truck-accident-statistics","status":"publish","type":"page","link":"https:\/\/craigswapp.com\/spanish\/abogado-accidente-camion-salt-lake-city\/salt-lake-city-truck-accident-statistics\/","title":{"rendered":"Estad\u00edsticas de Accidentes de Camiones en Salt Lake City"},"content":{"rendered":"<p>\nLas v\u00edctimas de accidentes de camiones investigan las estad\u00edsticas de accidentes de camiones en Salt Lake City en un esfuerzo por darle sentido a lo sucedido despu\u00e9s del accidente. Despu\u00e9s de estar en un accidente con camion, a veces puede ayudar a saber que usted no est\u00e1 solo y que otros han experimentado una situaci\u00f3n similar. Como una firma de abogados de Salt Lake City, podemos asegurar que los accidentes de camiones son muy comunes y por lo tanto causan lesiones graves. Si bien no podemos evitar su accidente, podemos ayudarle tener acceso a la atenci\u00f3n m\u00e9dica que necesita para recuperarse, junto con una compensaci\u00f3n financiera por sus gastos y da\u00f1os.<\/p>\n<h2>Estad\u00edsticas de Accidentes de Camiones<\/h2>\n<p>Las estad\u00edsticas de accidentes de camiones en Utah contienen una gran cantidad de informaci\u00f3n sobre accidentes causados por camiones y las lesiones y da\u00f1os que causan:<\/p>\n<ul>\n<li style=\"font-weight: 400;\">Los accidentes con un cami\u00f3n pesado representaron el 6% de todos los accidentes en Utah en 2013.<\/li>\n<li style=\"font-weight: 400;\">En total, hubo 7.388 personas involucradas en un accidente con un cami\u00f3n pesado.<\/li>\n<li style=\"font-weight: 400;\">Cada 2,5 horas hay un cami\u00f3n pesado involucrado en un accidente en alg\u00fan lugar de Utah.<\/li>\n<li style=\"font-weight: 400;\">Las muertes de camiones representan el 8% de las muertes relacionadas con accidentes en Utah. Esto es significativo cuando se considera cu\u00e1ntos m\u00e1s veh\u00edculos de pasajeros hay en la carretera.<\/li>\n<li style=\"font-weight: 400;\">Los camiones pesados y los autobuses combinados representan solamente el 3.2 por ciento de todos los veh\u00edculos registrados en Utah, con un total de 68.188 registrados.<\/li>\n<li style=\"font-weight: 400;\">Los conductores de camiones y sus pasajeros son los menos propensos a usar un cintur\u00f3n de seguridad.<\/li>\n<li style=\"font-weight: 400;\">Ha habido un aumento del 25% en las muertes de tr\u00e1fico de Utah en los \u00faltimos dos a\u00f1os.<\/li>\n<li style=\"font-weight: 400;\">Lesiones comunes despu\u00e9s de un accidente de cami\u00f3n incluyen huesos rotos, da\u00f1o a los \u00f3rganos internos, lesiones cerebrales traum\u00e1ticas, lesiones en la espalda, y m\u00e1s.<\/li>\n<\/ul>\n<p>&nbsp;<\/p>\n<h2>Los Accidentes Pueden\u00a0Matar<\/h2>\n<p>Con las estad\u00edsticas de accidentes de camiones de Salt Lake City, las causas m\u00e1s comunes de muertes relacionadas con accidentes que involucran a todos los veh\u00edculos en las carreteras de Utah son las siguientes:<\/p>\n<ul>\n<li style=\"font-weight: 400;\">Demasiado velocidad<\/li>\n<li style=\"font-weight: 400;\">No permanecer en el carril correcto<\/li>\n<li style=\"font-weight: 400;\">Ning\u00fan cintur\u00f3n de seguridad usado en el momento del accidente<\/li>\n<li style=\"font-weight: 400;\">Conducir ebrio<\/li>\n<li style=\"font-weight: 400;\">No puede ceder<\/li>\n<\/ul>\n<p>&nbsp;<\/p>\n<h2>Sus Opciones Despu\u00e9s de un Accidente de Cami\u00f3n<\/h2>\n<p>Si se ha lesionado en un accidente de cami\u00f3n, tiene derecho a presentar una demanda solicitando compensaci\u00f3n financiera para pagar sus gastos m\u00e9dicos, salarios perdidos, reparaciones de veh\u00edculos y cualquier otro gasto relacionado con el accidente. Cada vez que usted tiene que presentar una demanda, la contrataci\u00f3n de uno de nuestros abogados es su mejor curso de acci\u00f3n. De lo contrario, puede tratar de negociar con una compa\u00f1\u00eda de seguros por su cuenta con el fin de recibir dinero a trav\u00e9s de un acuerdo, pero sin la ayuda de un abogado, no sabr\u00e1 si est\u00e1n siendo tratados de manera justa y recibir una buena oferta. Es en el mejor inter\u00e9s de cualquier compa\u00f1\u00eda de seguros para conformarse con lo menos posible. Intentar\u00e1n a menudo negar el pago para ciertos procedimientos m\u00e9dicos, descontar sus heridas, o incluso culparle para el desplome. Para combatir esto, podemos ayudarlo a recolectar evidencia y construir un caso fuerte de por qu\u00e9 merece una compensaci\u00f3n.<\/p>\n<h2>Obtener Respuestas a sus Preguntas<\/h2>\n<p>No espere para recibir la ayuda que necesita despu\u00e9s de su accidente. Nuestros abogados entienden estad\u00edsticas de accidentes de camiones en Salt Lake City, Utah. Para programar una consulta con Craig Swapp &amp; Associates, llame a nuestra oficina al\u00a0<a href=\"tel:18004049000\" target=\"_blank\" rel=\"noopener noreferrer\">800-404-9000<\/a> o rellene el siguiente formulario. Podemos responder a sus preguntas, discutir los pr\u00f3ximos pasos en el proceso y trabajar para construir un caso fuerte para que pueda recibir la mayor compensaci\u00f3n financiera posible por sus lesiones.<\/p>\n","protected":false},"excerpt":{"rendered":"<p>Las v\u00edctimas de accidentes de camiones investigan las estad\u00edsticas de accidentes de camiones en Salt Lake City en un esfuerzo por darle sentido a lo [&hellip;]<\/p>\n","protected":false},"author":2,"featured_media":0,"parent":145,"menu_order":0,"comment_status":"closed","ping_status":"closed","template":"","meta":{"_acf_changed":false,"inline_featured_image":false,"footnotes":""},"class_list":["post-5675","page","type-page","status-publish","hentry"],"acf":[],"_links":{"self":[{"href":"https:\/\/craigswapp.com\/spanish\/wp-json\/wp\/v2\/pages\/5675","targetHints":{"allow":["GET"]}}],"collection":[{"href":"https:\/\/craigswapp.com\/spanish\/wp-json\/wp\/v2\/pages"}],"about":[{"href":"https:\/\/craigswapp.com\/spanish\/wp-json\/wp\/v2\/types\/page"}],"author":[{"embeddable":true,"href":"https:\/\/craigswapp.com\/spanish\/wp-json\/wp\/v2\/users\/2"}],"replies":[{"embeddable":true,"href":"https:\/\/craigswapp.com\/spanish\/wp-json\/wp\/v2\/comments?post=5675"}],"version-history":[{"count":2,"href":"https:\/\/craigswapp.com\/spanish\/wp-json\/wp\/v2\/pages\/5675\/revisions"}],"predecessor-version":[{"id":10781,"href":"https:\/\/craigswapp.com\/spanish\/wp-json\/wp\/v2\/pages\/5675\/revisions\/10781"}],"up":[{"embeddable":true,"href":"https:\/\/craigswapp.com\/spanish\/wp-json\/wp\/v2\/pages\/145"}],"wp:attachment":[{"href":"https:\/\/craigswapp.com\/spanish\/wp-json\/wp\/v2\/media?parent=5675"}],"curies":[{"name":"wp","href":"https:\/\/api.w.org\/{rel}","templated":true}]}}