{"id":5673,"date":"2016-08-06T00:47:18","date_gmt":"2016-08-06T00:47:18","guid":{"rendered":"http:\/\/craigswapp1.wpengine.com\/?page_id=5673"},"modified":"2021-05-06T16:59:44","modified_gmt":"2021-05-06T16:59:44","slug":"salt-lake-city-truck-accident-faq","status":"publish","type":"page","link":"https:\/\/craigswapp.com\/spanish\/abogado-accidente-camion-salt-lake-city\/salt-lake-city-truck-accident-faq\/","title":{"rendered":"Preguntas Frecuentes de Accidentes de Camiones en Salt Lake City"},"content":{"rendered":"<p>\nComo una firma de abogados local, escuchamos una serie de preguntas frecuentes de accidentes de camiones en Salt Lake City. La mayor\u00eda de nuestros clientes quieren aprender m\u00e1s sobre sus derechos, opciones legales, cu\u00e1l es el resultado de su caso y c\u00f3mo proceder. La mejor manera de recibir respuestas a sus preguntas es programar una consulta y pedir directamente a uno de nuestros abogados con experiencia en accidentes de camiones<\/p>\n<p>Mientras tanto, aqu\u00ed est\u00e1n las respuestas a algunas de las preguntas de accidentes que escuchamos con m\u00e1s frecuencia. Si no ve sus preguntas contestadas aqu\u00ed, llame a nuestra oficina y estaremos encantados de ayudarle.<\/p>\n<p>&nbsp;<\/p>\n<h2>\u00bfSon comunes los accidentes de camiones en Utah?<\/h2>\n<p>En Utah hay un accidente cada diez minutos. De todos los accidentes automovil\u00edsticos mortales de Utah, el 8 por ciento de las muertes relacionadas con accidentes est\u00e1n en accidentes con un cami\u00f3n grande.<\/p>\n<p>&nbsp;<\/p>\n<h2>\u00bfPuedo demandar al camionero o a la compa\u00f1\u00eda de camiones?<\/h2>\n<p>Eso depende de lo que caus\u00f3 su accidente. Por ejemplo, si el accidente fue causado por mal estado o mal mantenimiento, es probable que la culpa de la compa\u00f1\u00eda de camiones. Por otra parte, si el accidente fue causado por la conducci\u00f3n distra\u00edda o algo similar, significar\u00eda que la negligencia del conductor caus\u00f3 el accidente.<\/p>\n<p>En muchos casos, ambos habr\u00e1n contribuido al accidente, y nombraremos a ambas partes en su demanda. Esto asegura que usted tiene la oportunidad de recibir la compensaci\u00f3n m\u00e1xima posible.<\/p>\n<p>&nbsp;<\/p>\n<h2>\u00bfY si el camionero era de fuera del estado?<\/h2>\n<p>Antes de determinar qu\u00e9 hacer, veremos d\u00f3nde est\u00e1 ubicada la compa\u00f1\u00eda de camiones, d\u00f3nde se basa el conductor y los detalles de su accidente. Muy probablemente, su demanda ser\u00e1 archivada en Utah, pero cada caso es \u00fanico.<\/p>\n<p>&nbsp;<\/p>\n<h2>\u00bfQu\u00e9 lesiones son comunes despu\u00e9s de un accidente de cami\u00f3n?<\/h2>\n<p>Teniendo en cuenta la fuerza de un cami\u00f3n que golpea un auto o una motocicleta, las lesiones tienden a ser severas y correr\u00e1n la gama:<\/p>\n<ul>\n<li style=\"font-weight: 400;\">Lesi\u00f3n en la cabeza o lesi\u00f3n cerebral traum\u00e1tica (LCT)<\/li>\n<li style=\"font-weight: 400;\">Huesos rotos<\/li>\n<li style=\"font-weight: 400;\">Da\u00f1o interno a los \u00f3rganos<\/li>\n<li style=\"font-weight: 400;\">Lesiones en la espalda y columna vertebral<\/li>\n<li style=\"font-weight: 400;\">El trauma emocional como la ansiedad y el trastorno de estr\u00e9s postraum\u00e1tico (TEPT)<\/li>\n<li style=\"font-weight: 400;\">Y m\u00e1s<\/li>\n<\/ul>\n<p>&nbsp;<\/p>\n<h2>\u00bfCu\u00e1les son los pasos en el proceso legal?<\/h2>\n<p>Despu\u00e9s de retener a uno de nuestros abogados, comenzaremos a trabajar hacia una resoluci\u00f3n exitosa de su caso. Esto implica una serie de pasos y procedimientos importantes a lo largo del camino:<\/p>\n<ul>\n<li style=\"font-weight: 400;\">Recopilaci\u00f3n de pruebas<\/li>\n<li style=\"font-weight: 400;\">Realizaci\u00f3n de deposiciones<\/li>\n<li style=\"font-weight: 400;\">Valorar su reclamaci\u00f3n<\/li>\n<li style=\"font-weight: 400;\">Negociaci\u00f3n con las compa\u00f1\u00edas de seguros<\/li>\n<li style=\"font-weight: 400;\">Presentaci\u00f3n de una demanda<\/li>\n<li style=\"font-weight: 400;\">Preparaci\u00f3n para la corte<\/li>\n<li style=\"font-weight: 400;\">Representarle en la corte<\/li>\n<\/ul>\n<p>&nbsp;<\/p>\n<h2>\u00bfTendr\u00e9 que ir a la corte?<\/h2>\n<p>No necesariamente. Si la compa\u00f1\u00eda de seguros est\u00e1 de acuerdo con los t\u00e9rminos propuestos, su caso se resolver\u00e1 antes de que necesite ir a los tribunales.<\/p>\n<p>&nbsp;<\/p>\n<h2>\u00bfDebo aceptar una oferta de la compa\u00f1\u00eda de seguros?<\/h2>\n<p>Esto es a veces en su mejor inter\u00e9s porque significa que usted recibir\u00e1 una compensaci\u00f3n m\u00e1s r\u00e1pido. Sin embargo, muchas compa\u00f1\u00edas de seguros quieren luchar o darle una oferta m\u00e1s baja que su caso merece a fin de reducir sus gastos. A veces ir a los tribunales es la mejor y \u00fanica forma de obtener toda la compensaci\u00f3n que se debe.<\/p>\n<p>&nbsp;<\/p>\n<h2>Programe una\u00a0Consulta para Hacer m\u00e1s rPeguntas<\/h2>\n<p>Podemos ofrecerle las respuestas a preguntas frecuentes de accidentes de camiones en Salt Lake City y la asistencia que necesita. Comenzar es tan f\u00e1cil como llamar <a href=\"tel:18004049000\" target=\"_blank\" rel=\"noopener noreferrer\">800-404-9000<\/a> o completando nuestro formulario al final de esta p\u00e1gina.<\/p>\n<p>Podemos programar una consulta de inmediato para evaluar su caso e informarle de sus opciones. Con nuestros a\u00f1os de experiencia y la atenci\u00f3n personal que brindamos a cada cliente, estamos seguros de que encontrar\u00e1 a Craig Swapp &amp; Associates a la tarea de representarle.<\/p>\n","protected":false},"excerpt":{"rendered":"<p>Como una firma de abogados local, escuchamos una serie de preguntas frecuentes de accidentes de camiones en Salt Lake City. La mayor\u00eda de nuestros clientes [&hellip;]<\/p>\n","protected":false},"author":2,"featured_media":0,"parent":145,"menu_order":0,"comment_status":"closed","ping_status":"closed","template":"","meta":{"_acf_changed":false,"inline_featured_image":false,"footnotes":""},"class_list":["post-5673","page","type-page","status-publish","hentry"],"acf":[],"_links":{"self":[{"href":"https:\/\/craigswapp.com\/spanish\/wp-json\/wp\/v2\/pages\/5673","targetHints":{"allow":["GET"]}}],"collection":[{"href":"https:\/\/craigswapp.com\/spanish\/wp-json\/wp\/v2\/pages"}],"about":[{"href":"https:\/\/craigswapp.com\/spanish\/wp-json\/wp\/v2\/types\/page"}],"author":[{"embeddable":true,"href":"https:\/\/craigswapp.com\/spanish\/wp-json\/wp\/v2\/users\/2"}],"replies":[{"embeddable":true,"href":"https:\/\/craigswapp.com\/spanish\/wp-json\/wp\/v2\/comments?post=5673"}],"version-history":[{"count":1,"href":"https:\/\/craigswapp.com\/spanish\/wp-json\/wp\/v2\/pages\/5673\/revisions"}],"predecessor-version":[{"id":10784,"href":"https:\/\/craigswapp.com\/spanish\/wp-json\/wp\/v2\/pages\/5673\/revisions\/10784"}],"up":[{"embeddable":true,"href":"https:\/\/craigswapp.com\/spanish\/wp-json\/wp\/v2\/pages\/145"}],"wp:attachment":[{"href":"https:\/\/craigswapp.com\/spanish\/wp-json\/wp\/v2\/media?parent=5673"}],"curies":[{"name":"wp","href":"https:\/\/api.w.org\/{rel}","templated":true}]}}