{"id":5648,"date":"2016-08-06T00:47:18","date_gmt":"2016-08-06T00:47:18","guid":{"rendered":"http:\/\/craigswapp1.wpengine.com\/?page_id=5648"},"modified":"2021-05-12T14:29:12","modified_gmt":"2021-05-12T14:29:12","slug":"cuanto-vale-mi-caso-accidente-motocicleta","status":"publish","type":"page","link":"https:\/\/craigswapp.com\/spanish\/abogado-accidente-motocicleta-utah\/cuanto-vale-mi-caso-accidente-motocicleta\/","title":{"rendered":"\u00bfCu\u00e1nto vale mi caso de accidente de motocicleta?"},"content":{"rendered":"<p>\nDe acuerdo con la Administraci\u00f3n Nacional de Seguridad del Tr\u00e1fico en Carreteras (NHTSA, por sus siglas en ingl\u00e9s), en caso de un accidente, los motociclistas tienen cinco veces m\u00e1s probabilidades de sufrir lesiones y veintis\u00e9is veces m\u00e1s de muerte que los ocupantes de autom\u00f3viles. No importa qu\u00e9 tan seguro viaje, est\u00e1 a merced de la negligencia de otras personas.<\/p>\n<p>Los accidentes de motocicleta a menudo son catastr\u00f3ficos para el conductor, ya que no cuentan con la protecci\u00f3n de los cinturones de seguridad, los airbags y un chasis de autom\u00f3viles a su alrededor. Otros conductores a menudo no pueden ver las motocicletas debido a su tama\u00f1o m\u00e1s peque\u00f1o y, posteriormente, utilizan esto como su defensa ante el tribunal. El hecho es que cualquiera que haya sido perjudicado por la negligencia de otra persona merece una compensaci\u00f3n.<\/p>\n<p>Despu\u00e9s de un accidente en Salt Lake City causado por un tercero negligente, muchos motociclistas se preguntan: \u00ab\u00bfCu\u00e1nto vale mi caso de accidente de motocicleta?\u00bb<\/p>\n<p>&nbsp;<\/p>\n<h2>Caso por caso<\/h2>\n<p>Para obtener una compensaci\u00f3n m\u00e1xima de una compa\u00f1\u00eda de seguros, la culpa debe estar firmemente establecida. Los accidentes de motocicleta pueden ser dif\u00edciles de navegar ya que algunos prejuicios a menudo se llevan a cabo contra los usuarios. Un problema com\u00fan son los ajustadores de seguros, la polic\u00eda y otras personas que asumen que el motociclista tuvo la culpa porque la motocicleta a menudo se asocia con la imprudencia. Esto puede afectar tanto la notificaci\u00f3n de un accidente en el sitio como los premios otorgados en el tribunal.<\/p>\n<p>No hay una cantidad fija para pedir en un caso de accidente de motocicleta. Se involucran una serie de factores diferentes, incluida la gravedad del accidente, los da\u00f1os a la propiedad y los gastos incurridos como resultado.<\/p>\n<p>Las compa\u00f1\u00edas de seguros a ambos lados tratar\u00e1n de salirse con la suya pag\u00e1ndole lo menos posible para mantener sus propios costos bajos. Si ha sufrido da\u00f1os f\u00edsicos o f\u00edsicos en su propiedad debido a un accidente de motocicleta, es mejor que haya un abogado de Craig Swapp &amp; Associates de su lado para examinar todas las pruebas, entrevistar a los testigos e inspeccionar y documentar los da\u00f1os para obtener el mejor premio posible.<\/p>\n<p>Posiblemente puede ser compensado por cualquier gasto o da\u00f1o que ocurra como resultado de su accidente de motocicleta:<\/p>\n<ul>\n<li style=\"font-weight: 400;\">Facturas m\u00e9dicas, hospitalarias y de terapia f\u00edsica<\/li>\n<li style=\"font-weight: 400;\">Dolor y sufrimiento<\/li>\n<li style=\"font-weight: 400;\">Dificultad emocional<\/li>\n<li style=\"font-weight: 400;\">P\u00e9rdida del disfrute de la vida<\/li>\n<li style=\"font-weight: 400;\">Disfunci\u00f3n<\/li>\n<li style=\"font-weight: 400;\">P\u00e9rdida de salarios actuales y futuros<\/li>\n<\/ul>\n<p>&nbsp;<\/p>\n<h2>Estar seguro de no da\u00f1ar su reclamo<\/h2>\n<p>Las cosas que haga despu\u00e9s del accidente pueden comprometer su caso de compensaci\u00f3n. No publique en las redes sociales sobre el accidente. Nunca diga que puede tener la culpa y no le diga demasiado a las compa\u00f1\u00edas de seguros antes de hablar con nosotros primero.<\/p>\n<p>Tambi\u00e9n debe asegurarse de evitar las citas con el m\u00e9dico, ya que esto podr\u00eda interpretarse para indicar que no se encuentra tan mal como lo ha dicho. Cualquier discrepancia o apariencia que sus da\u00f1os puedan ser menores de lo que reclama podr\u00eda poner en peligro su caso.<\/p>\n<p>&nbsp;<\/p>\n<h2>La mejor oportunidad<\/h2>\n<p>Si se est\u00e1 preguntando \u00ab\u00bfcu\u00e1nto vale mi caso de accidente de motocicleta?\u00bb, La respuesta no es directa porque muchos factores entran en juego. Trabajar con uno de nuestros abogados expertos en accidentes de motocicleta en Salt Lake City puede ayudarlo a desentra\u00f1ar cualquier legalidad relacionada y valorar adecuadamente su reclamo.<\/p>\n<p>Llame a Craig Swapp and Associates al 1-855-628-5050, o complete el formulario al final de esta p\u00e1gina. Se beneficiar\u00e1 de nuestra experiencia de d\u00e9cadas en el manejo de accidentes de motocicletas y compa\u00f1\u00edas de seguros y de nuestro historial comprobado de lograr la m\u00e1xima compensaci\u00f3n posible para nuestros clientes. Si bien cada caso de accidente de motocicleta es \u00fanico, conocemos las mejores maneras de garantizar que su historia se cuente correctamente.<\/p>\n","protected":false},"excerpt":{"rendered":"<p>De acuerdo con la Administraci\u00f3n Nacional de Seguridad del Tr\u00e1fico en Carreteras (NHTSA, por sus siglas en ingl\u00e9s), en caso de un accidente, los motociclistas [&hellip;]<\/p>\n","protected":false},"author":2,"featured_media":0,"parent":487,"menu_order":0,"comment_status":"closed","ping_status":"closed","template":"","meta":{"_acf_changed":false,"inline_featured_image":false,"footnotes":""},"class_list":["post-5648","page","type-page","status-publish","hentry"],"acf":[],"_links":{"self":[{"href":"https:\/\/craigswapp.com\/spanish\/wp-json\/wp\/v2\/pages\/5648","targetHints":{"allow":["GET"]}}],"collection":[{"href":"https:\/\/craigswapp.com\/spanish\/wp-json\/wp\/v2\/pages"}],"about":[{"href":"https:\/\/craigswapp.com\/spanish\/wp-json\/wp\/v2\/types\/page"}],"author":[{"embeddable":true,"href":"https:\/\/craigswapp.com\/spanish\/wp-json\/wp\/v2\/users\/2"}],"replies":[{"embeddable":true,"href":"https:\/\/craigswapp.com\/spanish\/wp-json\/wp\/v2\/comments?post=5648"}],"version-history":[{"count":1,"href":"https:\/\/craigswapp.com\/spanish\/wp-json\/wp\/v2\/pages\/5648\/revisions"}],"predecessor-version":[{"id":11434,"href":"https:\/\/craigswapp.com\/spanish\/wp-json\/wp\/v2\/pages\/5648\/revisions\/11434"}],"up":[{"embeddable":true,"href":"https:\/\/craigswapp.com\/spanish\/wp-json\/wp\/v2\/pages\/487"}],"wp:attachment":[{"href":"https:\/\/craigswapp.com\/spanish\/wp-json\/wp\/v2\/media?parent=5648"}],"curies":[{"name":"wp","href":"https:\/\/api.w.org\/{rel}","templated":true}]}}