{"id":5541,"date":"2016-07-17T23:20:11","date_gmt":"2016-07-17T23:20:11","guid":{"rendered":"http:\/\/craigswapp1.wpengine.com\/?page_id=5541"},"modified":"2021-05-06T16:59:22","modified_gmt":"2021-05-06T16:59:22","slug":"lesiones-comunes-camiones","status":"publish","type":"page","link":"https:\/\/craigswapp.com\/spanish\/abogado-accidente-camion-salt-lake-city\/lesiones-comunes-camiones\/","title":{"rendered":"Lesiones Comunes por Accidentes de Camiones en Salt Lake City"},"content":{"rendered":"<p>\nSeg\u00fan la Administraci\u00f3n Nacional de Seguridad en el Tr\u00e1nsito de Carreteras (NHTSA), s\u00f3lo en 2014, 111.000 personas resultaron heridas en choques de grandes camiones, frente a 95.000 en 2013. Un total de 3.903 personas murieron.<\/p>\n<p>Un accidente de cami\u00f3n puede tener consecuencias complicadas. Adem\u00e1s del trauma inicial, nuevas dolencias pueden surgir en los d\u00edas y semanas siguientes. Cualquier persona que ha estado en un accidente de Utah siempre debe ser examinado m\u00e9dicamente de inmediato.<\/p>\n<p>A continuaci\u00f3n, cubrimos las lesiones comunes de accidentes de cami\u00f3n de Salt Lake City m\u00e1s frecuentes:<\/p>\n<h2>Lesiones en la Espalda<\/h2>\n<p>Lesiones en la espalda pueden ser algunas de las lesiones m\u00e1s graves sufridas en un accidente de cami\u00f3n. Muchos son dif\u00edciles de recuperar, y algunos nunca sanan en absoluto:<\/p>\n<ul>\n<li style=\"font-weight: 400;\">Par\u00e1lisis (paraplej\u00eda y tetraplej\u00eda)<\/li>\n<li style=\"font-weight: 400;\">Da\u00f1o de la m\u00e9dula espinal<\/li>\n<li style=\"font-weight: 400;\">Hernia de disco<\/li>\n<li style=\"font-weight: 400;\">Disco roto<\/li>\n<li style=\"font-weight: 400;\">Fractura de compresi\u00f3n<\/li>\n<li style=\"font-weight: 400;\">Esguinces y torceduras<\/li>\n<\/ul>\n<h2>Latigazo<\/h2>\n<p>Una de las lesiones m\u00e1s comunes resultantes de accidentes de cami\u00f3n es latigazo. Este traumatismo en el cuello por el r\u00e1pido movimiento hacia atr\u00e1s de la cabeza es causado por el impulso de impacto. Los s\u00edntomas son f\u00e1cilmente identificables:<\/p>\n<ul>\n<li style=\"font-weight: 400;\">Dolor de cuello<\/li>\n<li style=\"font-weight: 400;\">P\u00e9rdida del movimiento del cuello<\/li>\n<li style=\"font-weight: 400;\">Hormigueo<\/li>\n<li style=\"font-weight: 400;\">Mareo<\/li>\n<li style=\"font-weight: 400;\">Dolor en el hombro y rigidez<\/li>\n<\/ul>\n<h2>Fracturas P\u00e9lvicas<\/h2>\n<p>Una fractura de la pelvis puede interferir sustancialmente con su calidad de vida:<\/p>\n<ul>\n<li style=\"font-weight: 400;\">Dolor abdominal o p\u00e9lvico, hormigueo o entumecimiento<\/li>\n<li style=\"font-weight: 400;\">Dificultad o dolor al caminar o de pie<\/li>\n<li style=\"font-weight: 400;\">Problemas al orinar<\/li>\n<li style=\"font-weight: 400;\">Sangr\u00eda<\/li>\n<\/ul>\n<h2>Concusiones y Lesiones Cerebrales Traum\u00e1ticas (LCT)<\/h2>\n<p>Las lesiones cerebrales pueden ser causadas por impacto repentino, temblores o sacudidas. De los accidentes lesiones comunes por camiones en Salt Lake City eso es lo mas serio. La cabeza que es golpeada por un objeto extra\u00f1o es la causa m\u00e1s com\u00fan durante un accidente, pero el impacto de un accidente puede realmente hacer que el cerebro colisione con el cr\u00e1neo tambi\u00e9n.<\/p>\n<p>Las lesiones cerebrales son impredecibles, por lo que los s\u00edntomas siempre deben ser evaluados por su m\u00e9dico:<\/p>\n<ul>\n<li style=\"font-weight: 400;\">N\u00e1useas y v\u00f3mitos<\/li>\n<li style=\"font-weight: 400;\">Deseo de dormirse<\/li>\n<li style=\"font-weight: 400;\">Confusi\u00f3n<\/li>\n<li style=\"font-weight: 400;\">Dilataci\u00f3n de la(s) pupila(s) del ojo(s)<\/li>\n<li style=\"font-weight: 400;\">Sabor desagradable en la boca<\/li>\n<li style=\"font-weight: 400;\">Dolor de cabeza persistente<\/li>\n<li style=\"font-weight: 400;\">Mal balance<\/li>\n<li style=\"font-weight: 400;\">Cambios de humor<\/li>\n<li style=\"font-weight: 400;\">Convulsiones<\/li>\n<li style=\"font-weight: 400;\">Amnesia<\/li>\n<\/ul>\n<h2>Cortes, Laceraciones, Cicatrices<\/h2>\n<p>Da\u00f1os en la piel, tales como cortes y laceraciones, podr\u00edan ser causados por vidrio roto u otros desechos durante un accidente con un cami\u00f3n. Pueden requerirse antibi\u00f3ticos, puntos de sutura o cirug\u00eda y resultar en cicatrices permanentes.<\/p>\n<h2>Huesos Rotos<\/h2>\n<p>Las fracturas de la l\u00ednea del pelo son a menudo dif\u00edciles de detectar pero todav\u00eda requieren atenci\u00f3n m\u00e9dica. Las costillas rotas pueden causar dolor al toser o inhalar. Pr\u00e1cticamente cualquier hueso en su cuerpo podr\u00eda romperse o fracturarse durante un accidente de camiones.<\/p>\n<h2>Da\u00f1o a los Tejidos Blandos<\/h2>\n<p>Estas lesiones incluyen cepas y esguinces y m\u00fasculos de impacto, tendones, ligamentos y cart\u00edlagos. Los s\u00edntomas pueden incluir cualquiera de los siguientes:<\/p>\n<ul>\n<li style=\"font-weight: 400;\">Dolor<\/li>\n<li style=\"font-weight: 400;\">Funci\u00f3n Comprometida del Miembro<\/li>\n<li style=\"font-weight: 400;\">Hinchaz\u00f3n<\/li>\n<li style=\"font-weight: 400;\">Moretones<\/li>\n<\/ul>\n<h2>Da\u00f1o o Falla de los \u00d3rganos<\/h2>\n<p>El coraz\u00f3n, el bazo, el h\u00edgado o los ri\u00f1ones pueden ser da\u00f1ados durante un accidente de cami\u00f3n. El sangrado interno a menudo no es visiblemente obvio, pero a veces puede ser indicado por varios s\u00edntomas:<\/p>\n<ul>\n<li style=\"font-weight: 400;\">Fatiga<\/li>\n<li style=\"font-weight: 400;\">Mareos<\/li>\n<li style=\"font-weight: 400;\">Dolor abdominal<\/li>\n<\/ul>\n<h2>Lesiones en los Ojos y en la Cara<\/h2>\n<p>El impacto con los airbags, el salpicadero o el parabrisas, o los residuos pueden causar lesiones a los ojos y la cara. Algunos de estos pueden causar da\u00f1o permanente y cicatrices, y son lesiones comunes por accidentes de camiones en Salt Lake City.<\/p>\n<h2>Ansiedad y TEPT<\/h2>\n<p>Los accidentes de camiones pueden ser ca\u00f3ticos y violentos. Despu\u00e9s, una v\u00edctima puede perder su sentimiento de seguridad y sufrir un trauma emocional o mental, como la ansiedad o el trastorno de estr\u00e9s postraum\u00e1tico (TEPT).<\/p>\n<h2>Qu\u00e9 Sucede Despu\u00e9s<\/h2>\n<p>El trauma, el tiempo de recuperaci\u00f3n y las facturas m\u00e9dicas de un accidente pueden tener un tremendo costo. Si usted ha sido herido, aseg\u00farese de que su caso recibe la atenci\u00f3n que merece.<\/p>\n<p>Craig Swapp &amp; Associates es experto en navegar los entresijos de los casos relacionados con lesiones comunes por accidentes de camiones en Salt Lake City, y nos puede contactar al 1-800-404-9000. Nuestro abogado de lesiones comunes por accidentes de camiones en Salt Lake City y estamos aqu\u00ed para ayudar. Llame hoy y descubra lo que podemos hacer por usted.<\/p>\n<p>&nbsp;<\/p>\n","protected":false},"excerpt":{"rendered":"<p>Seg\u00fan la Administraci\u00f3n Nacional de Seguridad en el Tr\u00e1nsito de Carreteras (NHTSA), s\u00f3lo en 2014, 111.000 personas resultaron heridas en choques de grandes camiones, frente [&hellip;]<\/p>\n","protected":false},"author":2,"featured_media":0,"parent":145,"menu_order":0,"comment_status":"closed","ping_status":"closed","template":"","meta":{"_acf_changed":false,"inline_featured_image":false,"footnotes":""},"class_list":["post-5541","page","type-page","status-publish","hentry"],"acf":[],"_links":{"self":[{"href":"https:\/\/craigswapp.com\/spanish\/wp-json\/wp\/v2\/pages\/5541","targetHints":{"allow":["GET"]}}],"collection":[{"href":"https:\/\/craigswapp.com\/spanish\/wp-json\/wp\/v2\/pages"}],"about":[{"href":"https:\/\/craigswapp.com\/spanish\/wp-json\/wp\/v2\/types\/page"}],"author":[{"embeddable":true,"href":"https:\/\/craigswapp.com\/spanish\/wp-json\/wp\/v2\/users\/2"}],"replies":[{"embeddable":true,"href":"https:\/\/craigswapp.com\/spanish\/wp-json\/wp\/v2\/comments?post=5541"}],"version-history":[{"count":1,"href":"https:\/\/craigswapp.com\/spanish\/wp-json\/wp\/v2\/pages\/5541\/revisions"}],"predecessor-version":[{"id":10782,"href":"https:\/\/craigswapp.com\/spanish\/wp-json\/wp\/v2\/pages\/5541\/revisions\/10782"}],"up":[{"embeddable":true,"href":"https:\/\/craigswapp.com\/spanish\/wp-json\/wp\/v2\/pages\/145"}],"wp:attachment":[{"href":"https:\/\/craigswapp.com\/spanish\/wp-json\/wp\/v2\/media?parent=5541"}],"curies":[{"name":"wp","href":"https:\/\/api.w.org\/{rel}","templated":true}]}}