{"id":493,"date":"2014-09-03T21:11:40","date_gmt":"2014-09-03T21:11:40","guid":{"rendered":"http:\/\/50.28.86.182\/~craigswapp\/wrongful-death\/"},"modified":"2023-06-08T16:48:39","modified_gmt":"2023-06-08T16:48:39","slug":"abogado-muerte-injusta","status":"publish","type":"page","link":"https:\/\/craigswapp.com\/spanish\/abogado-muerte-injusta\/","title":{"rendered":"Muerte Injusta"},"content":{"rendered":"<p>La p\u00e9rdida de un ser querido puede ser f\u00e1cilmente el momento m\u00e1s doloroso en la vida de una persona, especialmente cuando sucede de repente y sin previo aviso. Es a\u00fan m\u00e1s doloroso cuando su ser querido fue asesinado como resultado del acto negligente de otro. La vida como usted sabe que nunca ser\u00e1 la misma.<\/p>\n<p>Aunque no hay cantidad de dinero que podr\u00eda traer de vuelta a su ser querido o reemplazar lo que su familia ha perdido, la persona responsable del accidente merece ser considerado responsable. Un abogado de muerte injusta de Salt Lake City de Craig Swapp &amp; Associates puede ayudarle a lograr justicia contra la parte negligente y obtener la compensaci\u00f3n que usted merece por sus p\u00e9rdidas.<\/p>\n<p>&nbsp;<\/p>\n<h2>Muerte Injusta es Dolorosa<\/h2>\n<p>Si su ser querido falleci\u00f3 en un\u00a0<a href=\"https:\/\/craigswapp.com\/spanish\/abogado-de-accidente-de-carro-en-salt-lake-city\/\">accidente de veh\u00edculo<\/a>, por un\u00a0<a href=\"https:\/\/craigswapp.com\/spanish\/abogado-responsabilidad-producto\/\">producto defectivo<\/a>, o de\u00a0<a href=\"https:\/\/craigswapp.com\/spanish\/salt-lake-city-medical-malpractice-lawyer\/\">negligencia m\u00e9dica<\/a>, la devastaci\u00f3n financiera que deja puede ser devastadora, especialmente cuando los ingresos de la v\u00edctima es necesario para su familia para llegar a fin de mes.<\/p>\n<p>Un caso de\u00a0<a href=\"https:\/\/le.utah.gov\/xcode\/Title78B\/Chapter3\/78B-3-S106.html\" target=\"_blank\" rel=\"noopener noreferrer\">muerte injusta<\/a>\u00a0es un caso civil presentado contra una persona o negocio que fue legalmente responsable de causar la muerte de la v\u00edctima. El acto que caus\u00f3 o contribuy\u00f3 a la muerte puede ser el resultado de lo siguiente:<\/p>\n<ul>\n<li style=\"font-weight: 400;\">Conducta negligente o descuidada, como negligencia m\u00e9dica<\/li>\n<li style=\"font-weight: 400;\">Un acto negligente o imprudente, como un accidente de carro causado por un conductor bajo la influencia de alcohol o drogas<\/li>\n<li style=\"font-weight: 400;\">Un acto intencional, como un asalto<\/li>\n<li style=\"font-weight: 400;\">Dise\u00f1o defectuoso del producto<\/li>\n<\/ul>\n<p>&nbsp;<\/p>\n<h2>El Deber de Cuidado<\/h2>\n<p>Como las\u00a0<a href=\"https:\/\/craigswapp.com\/spanish\/personal-injury\/\">demandas por lesiones personales<\/a>, las demandas por muerte injusta se basan en el principio de negligencia y mantienen a un demandado al mismo nivel legal. Para ganar un juicio por muerte injusta, su abogado de muerte\u00a0injusta de Salt Lake City debe probar una serie de puntos:<\/p>\n<ul>\n<li style=\"font-weight: 400;\">Se deb\u00eda un deber de cuidado a la v\u00edctima fallecida<\/li>\n<li style=\"font-weight: 400;\">Que el deber de diligencia fue violado por el demandado<\/li>\n<li style=\"font-weight: 400;\">Que el incumplimiento del demandado caus\u00f3 directamente la muerte o lesiones mortales<\/li>\n<li style=\"font-weight: 400;\">Que la demandante sufri\u00f3 da\u00f1os y perjuicios como consecuencia de la muerte<\/li>\n<\/ul>\n<p>&nbsp;<\/p>\n<h2>\u00bfQui\u00e9n Puede Presentar una Demanda por Muerte Injusta en Utah?<\/h2>\n<p>Cuando un ser querido muere en un accidente, los familiares cercanos del fallecido, como su c\u00f3nyuge, padre o hijo, pueden presentar una demanda por muerte por negligencia en nombre del difunto. Si la v\u00edctima design\u00f3 a un individuo espec\u00edfico como representante personal de su herencia, esa persona tambi\u00e9n puede presentar.<\/p>\n<p>Tambi\u00e9n hay circunstancias que pueden permitir que los hijastros y otros parientes de sangre presenten una demanda. Su abogado de muerte injusta de Salt Lake City le ayudar\u00e1 a determinar si usted es elegible si hay alguna incertidumbre en su caso.<\/p>\n<p>&nbsp;<\/p>\n<h2>Da\u00f1os por una Demanda de Muerte Injusta<\/h2>\n<p>Lo que puede ser recuperado a trav\u00e9s de un juicio por muerte injusta depende en gran medida de los da\u00f1os sufridos por la v\u00edctima y su familia, los cuales pueden incluir los siguientes elementos:<\/p>\n<ul>\n<li style=\"font-weight: 400;\">Gastos m\u00e9dicos<\/li>\n<li style=\"font-weight: 400;\">Gastos funerarios<\/li>\n<li style=\"font-weight: 400;\">P\u00e9rdida de compa\u00f1erismo u orientaci\u00f3n de los padres<\/li>\n<li style=\"font-weight: 400;\">P\u00e9rdida de servicios, tales como cuidado de ni\u00f1os o limpieza<\/li>\n<li style=\"font-weight: 400;\">La angustia mental y emocional de la familia<\/li>\n<li style=\"font-weight: 400;\">P\u00e9rdida de apoyo financiero, incluyendo seguros o benficios de pensi\u00f3n<\/li>\n<\/ul>\n<p>Cuando su abogado de muerte injusta de Salt Lake City puede probar que el acusado caus\u00f3 la muerte por conducta intencional o negligencia grave, los da\u00f1os punitivos tambi\u00e9n pueden ser otorgados.<\/p>\n<p>&nbsp;<\/p>\n<h2>Estatuto de Limitaciones de Utah por Muerte Injusta<\/h2>\n<p>Al igual que con las reclamaciones de lesiones personales, hay un\u00a0<a href=\"https:\/\/le.utah.gov\/xcode\/Title78B\/Chapter2\/78B-2-S304.html\" target=\"_blank\" rel=\"noopener noreferrer\">estatuto de limitaciones<\/a>\u00a0para demandas por muerte injusta en Utah. Para solicitar una compensaci\u00f3n financiera, deber\u00e1 presentar su reclamo dentro de los dos a\u00f1os siguientes a la fecha de fallecimiento del fallecido.<\/p>\n<p>Esta limitaci\u00f3n de tiempo se reduce a un a\u00f1o si una entidad gubernamental es responsable del accidente.<\/p>\n<p>De cualquier manera, usted querr\u00e1 ponerse en contacto con un abogado de muerte injusta de Salt Lake City de nuestra oficina tan pronto como sea posible. La recolecci\u00f3n de pruebas, el contacto con testigos y el desarrollo de un caso llevan tiempo, y siempre es m\u00e1s f\u00e1cil en el momento inmediatamente posterior al accidente.<\/p>\n<p>&nbsp;<\/p>\n<h2>Trabajar con un Calificado Abogado de la Muerte Injusta de Salt Lake City<\/h2>\n<p>Entendemos que su p\u00e9rdida puede tener un efecto profundo en el bienestar de su familia. Un abogado de muerte injusta de Salt Lake City de\u00a0<a href=\"https:\/\/craigswapp.com\/spanish\/\">Craig Swapp &amp; Associates<\/a>\u00a0puede ayudarle a recibir la compensaci\u00f3n que su familia merece.<\/p>\n<p>Ofrecemos a todos los nuevos clientes una consulta gratuita, sin obligaci\u00f3n, por lo que no hay absolutamente ning\u00fan riesgo en entrar y descubrir\u00a0<a href=\"https:\/\/birdeye.com\/craig-swapp-associates-147042625253278\" target=\"_blank\" rel=\"noopener noreferrer\">lo que podemos hacer para ayudarle<\/a>. Llame\u00a0<a href=\"tel:18004049000\">1-855-628-5050<\/a>\u00a0hoy o llene el siguiente formulario para hablar con un abogado de muerte injusta de Salt Lake City compasivo.<\/p>\n","protected":false},"excerpt":{"rendered":"<p>La p\u00e9rdida de un ser querido puede ser f\u00e1cilmente el momento m\u00e1s doloroso en la vida de una persona, especialmente cuando sucede de repente y [&hellip;]<\/p>\n","protected":false},"author":2,"featured_media":2014483,"parent":0,"menu_order":14,"comment_status":"open","ping_status":"open","template":"","meta":{"_acf_changed":false,"inline_featured_image":false,"footnotes":""},"class_list":["post-493","page","type-page","status-publish","has-post-thumbnail","hentry"],"acf":[],"_links":{"self":[{"href":"https:\/\/craigswapp.com\/spanish\/wp-json\/wp\/v2\/pages\/493","targetHints":{"allow":["GET"]}}],"collection":[{"href":"https:\/\/craigswapp.com\/spanish\/wp-json\/wp\/v2\/pages"}],"about":[{"href":"https:\/\/craigswapp.com\/spanish\/wp-json\/wp\/v2\/types\/page"}],"author":[{"embeddable":true,"href":"https:\/\/craigswapp.com\/spanish\/wp-json\/wp\/v2\/users\/2"}],"replies":[{"embeddable":true,"href":"https:\/\/craigswapp.com\/spanish\/wp-json\/wp\/v2\/comments?post=493"}],"version-history":[{"count":3,"href":"https:\/\/craigswapp.com\/spanish\/wp-json\/wp\/v2\/pages\/493\/revisions"}],"predecessor-version":[{"id":2014492,"href":"https:\/\/craigswapp.com\/spanish\/wp-json\/wp\/v2\/pages\/493\/revisions\/2014492"}],"wp:featuredmedia":[{"embeddable":true,"href":"https:\/\/craigswapp.com\/spanish\/wp-json\/wp\/v2\/media\/2014483"}],"wp:attachment":[{"href":"https:\/\/craigswapp.com\/spanish\/wp-json\/wp\/v2\/media?parent=493"}],"curies":[{"name":"wp","href":"https:\/\/api.w.org\/{rel}","templated":true}]}}