{"id":492,"date":"2014-09-03T21:11:40","date_gmt":"2014-09-03T21:11:40","guid":{"rendered":"http:\/\/50.28.86.182\/~craigswapp\/serious-injury\/"},"modified":"2021-05-12T14:35:18","modified_gmt":"2021-05-12T14:35:18","slug":"abogado-lesion-grave","status":"publish","type":"page","link":"https:\/\/craigswapp.com\/spanish\/abogado-lesion-grave\/","title":{"rendered":"Abogado de Lesi\u00f3n Grave de Salt Lake City"},"content":{"rendered":"<p>\nUn accidente que resulte en una lesi\u00f3n seria puede suceder a cualquier persona en cualquier momento. Sin embargo, no todo el mundo es responsable de causar el accidente que les hizo da\u00f1o. En muchos casos, la negligencia de una persona deja a otra persona herida y trata de trauma emocional y facturas m\u00e9dicas.<\/p>\n<p>Cuando se encuentra en este tipo de situaci\u00f3n, tiene la opci\u00f3n de recuperar los da\u00f1os de la parte culpable a trav\u00e9s de una reclamaci\u00f3n de\u00a0<a href=\"https:\/\/craigswapp.com\/spanish\/salt-lake-city\/\">lesi\u00f3n personal<\/a>. Sin embargo, no es f\u00e1cil caminar por el sistema legal ni construir un caso persuasivo que demuestre claramente por qu\u00e9 usted necesita una compensaci\u00f3n monetaria.<\/p>\n<p>Si usted ha sido herido en un accidente, trabajar con un abogado de lesi\u00f3n grave de Salt Lake City de Craig Swapp &amp; Associates puede permitirle volver a su recuperaci\u00f3n mientras manejamos los asuntos legales.<\/p>\n<h2>\u00bfQu\u00e9 Califica como Lesi\u00f3n Grave?<\/h2>\n<p>Una lesi\u00f3n grave podr\u00eda ser cualquier lesi\u00f3n que resulte en la necesidad de atenci\u00f3n m\u00e9dica o que afecte la calidad de su vida. Obviamente, esto hace que una categor\u00eda que es extremadamente amplia y diversa, por lo que si no est\u00e1 seguro si su lesi\u00f3n califica, un abogado de lesi\u00f3n grave de Salt Lake City de nuestra oficina puede ayudarle a tomar la determinaci\u00f3n.<\/p>\n<p>Estos son s\u00f3lo algunos de los tipos m\u00e1s comunes de casos de lesiones graves que califican para reclamaciones de lesiones personales:<\/p>\n<ul>\n<li style=\"font-weight: 400;\"><a href=\"https:\/\/craigswapp.com\/spanish\/abogado-lesiones-cerebrales\/\">Lesiones cerebrales<\/a><\/li>\n<li style=\"font-weight: 400;\">Lesiones en la columna vertebral<\/li>\n<li style=\"font-weight: 400;\">Huesos rotos<\/li>\n<li style=\"font-weight: 400;\"><a href=\"https:\/\/medlineplus.gov\/limbloss.html\" target=\"_blank\" rel=\"noopener noreferrer\">Amputaciones<\/a><\/li>\n<li style=\"font-weight: 400;\">Da\u00f1os en los \u00f3rganos<\/li>\n<li style=\"font-weight: 400;\">Da\u00f1o en los nervios<\/li>\n<li style=\"font-weight: 400;\">Quemaduras<\/li>\n<\/ul>\n<h2>Causas de Lesiones Graves de Utah<\/h2>\n<p>Como se mencion\u00f3, una lesi\u00f3n grave puede ocurrir pr\u00e1cticamente en cualquier lugar ya cualquier persona.\u00a0<a href=\"https:\/\/craigswapp.com\/spanish\/abogado-de-accidentes-de-carro-de-salt-lake-city\/\">Accidentes de carro<\/a>\u00a0son f\u00e1cilmente una de las principales causas de lesiones graves. Porque Utah es un\u00a0<a href=\"http:\/\/dmv.utah.gov\/register\/insurance\" target=\"_blank\" rel=\"noopener noreferrer\">estado sin culpa<\/a>\u00a0para el seguro de auto, una lesi\u00f3n grave es en realidad el requisito principal para un caso de lesiones personales que se permite para un accidente de carro.<\/p>\n<p>Casos de\u00a0responsablilidad de edificio\u00a0tambi\u00e9n com\u00fanmente implican lesiones graves como los propietarios tienen la obligaci\u00f3n de proporcionar a sus visitantes con un ambiente seguro. <a href=\"https:\/\/craigswapp.com\/spanish\/abogado-resbalar-caer\/\">Resbalar y caer<\/a>\u00a0son el ejemplo m\u00e1s frecuente de un accidente de responsabilidad de edificio.<\/p>\n<p><a href=\"https:\/\/craigswapp.com\/spanish\/abogado-accidente-construccion\/\">Accidentes de construcci\u00f3n<\/a>, ya sean trabajadores o transe\u00fantes, son otra causa frecuente de lesiones catastr\u00f3ficas. A veces estos casos pasan al\u00a0responsabilidad del producto\u00a0cuando el equipo o la maquinaria de seguridad resulten defectuosos.<\/p>\n<p>Al final, pr\u00e1cticamente cualquier escenario que resulte en una lesi\u00f3n por negligencia puede calificar. Su abogado de lesi\u00f3n grave en Salt Lake City investigar\u00e1 el accidente en su nombre y asegurar\u00e1 que tenga el caso m\u00e1s fuerte posible.<\/p>\n<h2>Obtenga Compensaci\u00f3n por\u00a0Su Lesi\u00f3n Catastr\u00f3fica<\/h2>\n<p>Siempre y cuando su lesi\u00f3n califique para una demanda por lesiones personales, puede solicitar una compensaci\u00f3n por todas las formas en que su lesi\u00f3n tiene y le va a costar financieramente, as\u00ed como cualquier impacto negativo que ha tenido en su vida.<\/p>\n<p>Los da\u00f1os financieros a menudo incluyen los siguientes tipos de gastos:<\/p>\n<ul>\n<li style=\"font-weight: 400;\">Gastos m\u00e9dicos, actuales y futuros<\/li>\n<li style=\"font-weight: 400;\">Gastos de viaje requeridos por su atenci\u00f3n m\u00e9dica<\/li>\n<li style=\"font-weight: 400;\">Da\u00f1o a propiedad<\/li>\n<li style=\"font-weight: 400;\">Ingreso perdido si su recuperaci\u00f3n requiere tiempo libre del trabajo<\/li>\n<li style=\"font-weight: 400;\">Salarios de cuidador<\/li>\n<\/ul>\n<p>Su abogado de lesi\u00f3n grave de Salt Lake City tambi\u00e9n le ayudar\u00e1 a colocar un valor en todos sus da\u00f1os no econ\u00f3micos, tales como dolor y sufrimiento, p\u00e9rdida de consorcio y da\u00f1os a su disfrute de la vida.<\/p>\n<h2>Orientaci\u00f3n Legal de un Abogado de Lesi\u00f3n Grave de Salt Lake City<\/h2>\n<p>En\u00a0<a href=\"https:\/\/craigswapp.com\/spanish\/\">Craig Swapp &amp; Associates<\/a>, el bienestar de nuestros clientes es\u00a0<a href=\"https:\/\/birdeye.com\/craig-swapp-associates-147042625253278\" target=\"_blank\" rel=\"noopener noreferrer\">nuestra principal preocupaci\u00f3n<\/a>. Usted no caus\u00f3 su lesi\u00f3n catastr\u00f3fica, y usted no merece sufrir las consecuencias que han resultado de ella.<\/p>\n<p>Para averiguar c\u00f3mo podemos ayudarle a buscar una compensaci\u00f3n de las partes responsables, organizar una consulta gratuita con un abogado de lesi\u00f3n grave de Salt Lake City tan pronto como sea posible. Ll\u00e1menos al\u00a0<a href=\"tel:18004049000\">1-855-628-5050<\/a>\u00a0o ll\u00e1menos a trav\u00e9s del formulario de contacto en la parte inferior de esta p\u00e1gina.<\/p>\n","protected":false},"excerpt":{"rendered":"<p>Un accidente que resulte en una lesi\u00f3n seria puede suceder a cualquier persona en cualquier momento. Sin embargo, no todo el mundo es responsable de [&hellip;]<\/p>\n","protected":false},"author":2,"featured_media":0,"parent":0,"menu_order":13,"comment_status":"open","ping_status":"open","template":"","meta":{"_acf_changed":false,"inline_featured_image":false,"footnotes":""},"class_list":["post-492","page","type-page","status-publish","hentry"],"acf":[],"_links":{"self":[{"href":"https:\/\/craigswapp.com\/spanish\/wp-json\/wp\/v2\/pages\/492","targetHints":{"allow":["GET"]}}],"collection":[{"href":"https:\/\/craigswapp.com\/spanish\/wp-json\/wp\/v2\/pages"}],"about":[{"href":"https:\/\/craigswapp.com\/spanish\/wp-json\/wp\/v2\/types\/page"}],"author":[{"embeddable":true,"href":"https:\/\/craigswapp.com\/spanish\/wp-json\/wp\/v2\/users\/2"}],"replies":[{"embeddable":true,"href":"https:\/\/craigswapp.com\/spanish\/wp-json\/wp\/v2\/comments?post=492"}],"version-history":[{"count":1,"href":"https:\/\/craigswapp.com\/spanish\/wp-json\/wp\/v2\/pages\/492\/revisions"}],"predecessor-version":[{"id":11469,"href":"https:\/\/craigswapp.com\/spanish\/wp-json\/wp\/v2\/pages\/492\/revisions\/11469"}],"wp:attachment":[{"href":"https:\/\/craigswapp.com\/spanish\/wp-json\/wp\/v2\/media?parent=492"}],"curies":[{"name":"wp","href":"https:\/\/api.w.org\/{rel}","templated":true}]}}