{"id":491,"date":"2014-09-03T21:11:40","date_gmt":"2014-09-03T21:11:40","guid":{"rendered":"http:\/\/50.28.86.182\/~craigswapp\/public-transportation-accidents\/"},"modified":"2021-05-12T14:35:01","modified_gmt":"2021-05-12T14:35:01","slug":"abogado-accidente-transporte-publico","status":"publish","type":"page","link":"https:\/\/craigswapp.com\/spanish\/abogado-accidente-transporte-publico\/","title":{"rendered":"Abogado de Accidente de Transporte P\u00fablico de Salt Lake City"},"content":{"rendered":"<p>\nCon los precios de la gasolina m\u00e1s altos, muchas personas est\u00e1n recurriendo al transporte p\u00fablico, trenes, autobuses, tren ligero, metro, autobuses escolares y transbordadores para sus principales medios de transporte. Con el aumento del n\u00famero de pasajeros, se anuncian nuevas rutas mensuales que aumentan la congesti\u00f3n del tr\u00e1fico. La consecuencia del aumento del transporte p\u00fablico es m\u00e1s accidentes y lesiones que involucran autobuses y trenes. Los heridos o lesionados fatalmente pueden incluir:<\/p>\n<ul>\n<li>Pasajeros viajando en transporte p\u00fablico.<\/li>\n<li>Conductores y pasajeros\u00a0del\u00a0<a href=\"https:\/\/craigswapp.com\/spanish\/abogado-de-accidente-de-carro-en-salt-lake-city\/\">otros\u00a0vehiculos<\/a><\/li>\n<li><a href=\"https:\/\/craigswapp.com\/spanish\/abogado-accidentes-de-peatones-en-salt-lake-city\/\">Peatonas<\/a><\/li>\n<li><a href=\"https:\/\/craigswapp.com\/spanish\/bicycle-accident-attorney\/\">Ciclistas<\/a><\/li>\n<\/ul>\n<p>Si el transporte p\u00fablico es culpable del accidente, las cuestiones legales pueden ser complicadas ya que el transporte p\u00fablico est\u00e1 bajo el control o es propiedad de un gobierno o una entidad cuasi gubernamental.<\/p>\n<p>Un abogado de accidente de\u00a0transporte p\u00fablico de Salt Lake City de Craig Swapp &amp; Associates, sabe c\u00f3mo construir un caso exitoso cuando el transporte p\u00fablico causa un accidente. No demores. Aquellos con los casos m\u00e1s fuertes involucran a Craig Swapp &amp; Associates temprano. Para saber c\u00f3mo podemos ayudar, comun\u00edquese con Craig Swapp &amp; Associates para una consulta GRATUITA al (801) 990-1919 o env\u00ede los detalles de su caso en l\u00ednea.<\/p>\n","protected":false},"excerpt":{"rendered":"<p>Con los precios de la gasolina m\u00e1s altos, muchas personas est\u00e1n recurriendo al transporte p\u00fablico, trenes, autobuses, tren ligero, metro, autobuses escolares y transbordadores para [&hellip;]<\/p>\n","protected":false},"author":2,"featured_media":0,"parent":0,"menu_order":12,"comment_status":"open","ping_status":"open","template":"","meta":{"_acf_changed":false,"inline_featured_image":false,"footnotes":""},"class_list":["post-491","page","type-page","status-publish","hentry"],"acf":[],"_links":{"self":[{"href":"https:\/\/craigswapp.com\/spanish\/wp-json\/wp\/v2\/pages\/491","targetHints":{"allow":["GET"]}}],"collection":[{"href":"https:\/\/craigswapp.com\/spanish\/wp-json\/wp\/v2\/pages"}],"about":[{"href":"https:\/\/craigswapp.com\/spanish\/wp-json\/wp\/v2\/types\/page"}],"author":[{"embeddable":true,"href":"https:\/\/craigswapp.com\/spanish\/wp-json\/wp\/v2\/users\/2"}],"replies":[{"embeddable":true,"href":"https:\/\/craigswapp.com\/spanish\/wp-json\/wp\/v2\/comments?post=491"}],"version-history":[{"count":2,"href":"https:\/\/craigswapp.com\/spanish\/wp-json\/wp\/v2\/pages\/491\/revisions"}],"predecessor-version":[{"id":11468,"href":"https:\/\/craigswapp.com\/spanish\/wp-json\/wp\/v2\/pages\/491\/revisions\/11468"}],"wp:attachment":[{"href":"https:\/\/craigswapp.com\/spanish\/wp-json\/wp\/v2\/media?parent=491"}],"curies":[{"name":"wp","href":"https:\/\/api.w.org\/{rel}","templated":true}]}}