{"id":490,"date":"2014-09-03T21:11:40","date_gmt":"2014-09-03T21:11:40","guid":{"rendered":"http:\/\/50.28.86.182\/~craigswapp\/product-liability-attorney\/"},"modified":"2021-05-12T14:34:52","modified_gmt":"2021-05-12T14:34:52","slug":"abogado-responsabilidad-producto","status":"publish","type":"page","link":"https:\/\/craigswapp.com\/spanish\/abogado-responsabilidad-producto\/","title":{"rendered":"Abogado de Responsabilidad del Producto de Salt Lake City"},"content":{"rendered":"<p>\nNadie espera llegar a casa con un producto que pueda causar da\u00f1o. Con miles de productos disponibles en el mercado, hay inevitablemente algunos art\u00edculos disponibles que tienen el potencial de causar lesiones graves o aun la\u00a0muerte.<\/p>\n<p>Desde juguetes hasta dispositivos electr\u00f3nicos y equipos m\u00e9dicos, hay un n\u00famero sorprendente de\u00a0<a href=\"https:\/\/le.utah.gov\/xcode\/Title78B\/Chapter6\/C78B-6-P7_1800010118000101.pdf\" target=\"_blank\" rel=\"noopener noreferrer\">productos defectivos<\/a>\u00a0que han herido a miles de personas. En la mayor\u00eda de estos casos, un fabricante, distribuidor o minorista ser\u00e1 finalmente responsable del da\u00f1o causado.<\/p>\n<p>Si usted o un ser querido ha sido lesionado por un producto peligroso, un experimentado abogado de responsabilidad de producto de Salt Lake City de Craig Swapp &amp; Associates puede ayudarle a recuperar los da\u00f1os a los que tiene derecho.<\/p>\n<h2>\u00bfQu\u00e9 Da\u00f1os Puedo Recuperar por un Producto Defectuoso?<\/h2>\n<p>Cada caso de responsabilidad por productos es \u00fanico, por lo que es importante retener a un experimentado abogado de responsabilidad de producto de Salt Lake City. Despu\u00e9s de sufrir una lesi\u00f3n por un producto mal dise\u00f1ado o defectuoso, puede tener derecho a\u00a0da\u00f1os\u00a0relacionados con su lesi\u00f3n, incluyendo cualquiera de los siguientes que se apliquen a su caso:<\/p>\n<ul>\n<li style=\"font-weight: 400;\">Gastos m\u00e9dicos, incluidos gastos m\u00e9dicos futuros<\/li>\n<li style=\"font-weight: 400;\">Salarios perdidos, incluyendo futuros ingresos perdidos<\/li>\n<li style=\"font-weight: 400;\">Da\u00f1o a la propiedad<\/li>\n<li style=\"font-weight: 400;\">Estr\u00e9s emocional<\/li>\n<li style=\"font-weight: 400;\">Dolor y sufrimiento<\/li>\n<\/ul>\n<p>&nbsp;<\/p>\n<h2>\u00bfComo se Determina la Falla en Casos de Responsabilidad del Producto?<\/h2>\n<p>Los fabricantes, ingenieros y dise\u00f1adores tienen la obligaci\u00f3n y el deber de cuidar para asegurar que los productos son seguros. Si un producto es inseguro o defectuoso y causa una lesi\u00f3n como resultado, entonces una o m\u00e1s de estas partes pueden ser responsables.<\/p>\n<p>Las leyes de responsabilidad por productos se basan en estos principios:<\/p>\n<ul>\n<li style=\"font-weight: 400;\"><strong>Defectos de Fabricaci\u00f3n<\/strong>\u00a0\u2013 Estos defectos ocurren cuando un producto falla o causa una lesi\u00f3n debido a un error en el proceso de fabricaci\u00f3n o a causa de materiales peligrosos que fueron usados.<\/li>\n<li style=\"font-weight: 400;\"><strong>Defecto de Dise\u00f1o<\/strong>\u00a0\u2013 Un dise\u00f1o es defectuoso debido a problemas con la concepci\u00f3n inicial del producto. Si las lesiones resultan de un dise\u00f1o defectuoso, entonces la compa\u00f1\u00eda que lo concibi\u00f3 debe ser responsable de los da\u00f1os resultantes.<\/li>\n<li style=\"font-weight: 400;\"><strong>Falta de Advertencia<\/strong>\u00a0\u2013 A product designer and manufacturer both have a duty of care to warn people about dangers involved with using a product, whether in its intended use or any other uses that can be predicted.<\/li>\n<\/ul>\n<ol>\n<li style=\"list-style-type: none;\">\n<ol>\n<li style=\"font-weight: 400;\">Si se encuentra que uno de estos elementos es la causa de sus lesiones, un abogado de responsabilidad del producto de Salt Lake City puede ayudarle a determinar la culpa y presentar una reclamacion de\u00a0<a href=\"https:\/\/craigswapp.com\/spanish\/salt-lake-city\/\">lesi\u00f3n personal<\/a>\u00a0contra los grupos responsables.<\/li>\n<\/ol>\n<\/li>\n<\/ol>\n<p>&nbsp;<\/p>\n<h2>Obtenga Ayuda de un Abogado de Responsabilidad del Producto de Salt Lake City<\/h2>\n<p>Si usted ha sido lesionado debido a un producto defectivo, un abogado de responsabilidad del producto de Salt Lake City de las oficinas de abogados de\u00a0<a href=\"https:\/\/craigswapp.com\/spanish\/\">Craig Swapp and Associates<\/a>\u00a0luchar\u00e1n por sus derechos legales.<\/p>\n<p>Entendemos que usted no s\u00f3lo est\u00e1 f\u00edsicamente y emocionalmente lesionado, sino que tambi\u00e9n sufre de estr\u00e9s financiero. Con compasi\u00f3n, experiencia y habilidad, estamos comprometidos a obtener agresivamente la compensaci\u00f3n que usted merece.<\/p>\n<p>Cont\u00e1ctenos en nuestro sitio web a trav\u00e9s del formulario de abajo o llamando al\u00a0<a href=\"tel:18004049000\">1-855-628-5050<\/a>\u00a0para una evaluaci\u00f3n legal gratuita para discutir su reclamaci\u00f3n. Estamos aqui\u00a0<a href=\"https:\/\/birdeye.com\/craig-swapp-associates-147042625253278\" target=\"_blank\" rel=\"noopener noreferrer\">para ayudarle<\/a>\u00a0recuperar su vida.<\/p>\n","protected":false},"excerpt":{"rendered":"<p>Nadie espera llegar a casa con un producto que pueda causar da\u00f1o. Con miles de productos disponibles en el mercado, hay inevitablemente algunos art\u00edculos disponibles [&hellip;]<\/p>\n","protected":false},"author":2,"featured_media":0,"parent":0,"menu_order":11,"comment_status":"open","ping_status":"open","template":"","meta":{"_acf_changed":false,"inline_featured_image":false,"footnotes":""},"class_list":["post-490","page","type-page","status-publish","hentry"],"acf":[],"_links":{"self":[{"href":"https:\/\/craigswapp.com\/spanish\/wp-json\/wp\/v2\/pages\/490","targetHints":{"allow":["GET"]}}],"collection":[{"href":"https:\/\/craigswapp.com\/spanish\/wp-json\/wp\/v2\/pages"}],"about":[{"href":"https:\/\/craigswapp.com\/spanish\/wp-json\/wp\/v2\/types\/page"}],"author":[{"embeddable":true,"href":"https:\/\/craigswapp.com\/spanish\/wp-json\/wp\/v2\/users\/2"}],"replies":[{"embeddable":true,"href":"https:\/\/craigswapp.com\/spanish\/wp-json\/wp\/v2\/comments?post=490"}],"version-history":[{"count":2,"href":"https:\/\/craigswapp.com\/spanish\/wp-json\/wp\/v2\/pages\/490\/revisions"}],"predecessor-version":[{"id":11466,"href":"https:\/\/craigswapp.com\/spanish\/wp-json\/wp\/v2\/pages\/490\/revisions\/11466"}],"wp:attachment":[{"href":"https:\/\/craigswapp.com\/spanish\/wp-json\/wp\/v2\/media?parent=490"}],"curies":[{"name":"wp","href":"https:\/\/api.w.org\/{rel}","templated":true}]}}