{"id":487,"date":"2014-09-03T21:11:40","date_gmt":"2014-09-03T21:11:40","guid":{"rendered":"http:\/\/50.28.86.182\/~craigswapp\/motorcycle-accident\/"},"modified":"2023-06-08T16:48:31","modified_gmt":"2023-06-08T16:48:31","slug":"abogado-accidente-motocicleta-utah","status":"publish","type":"page","link":"https:\/\/craigswapp.com\/spanish\/abogado-accidente-motocicleta-utah\/","title":{"rendered":"Accidentes de Motocicleta"},"content":{"rendered":"<p><img loading=\"lazy\" decoding=\"async\" width=\"300\" height=\"198\" class=\" img-responsive alignleft wp-image-738\" src=\"\/\/www.craigswapp.com\/wp-content\/uploads\/2014\/09\/utah-motorcycle-accident-300x198.jpg\" alt=\"Salt Lake City Motorcycle Accident\" \/><\/p>\n<p>Cada a\u00f1o, cerca de 50.000 motociclistas resultan heridos en accidentes de\u00a0carretera\u00a0en Estados Unidos, y m\u00e1s de 2.000 mueren por sus heridas. Los motociclistas son especialmente vulnerables porque muchos conductores buscan conscientemente otros autom\u00f3viles y camiones y simplemente no registran nada m\u00e1s peque\u00f1o. Las lesiones que pueden seguir requieren la necesidad de un abogado de accidente de motocicleta de Utah.<\/p>\n<p>Los motociclistas tambi\u00e9n son v\u00edctimas de la imprudencia de conductor habitual a efecto mucho peor. No hay airbags, cinturones de seguridad o estructuras de veh\u00edculos que los protejan. Sus dos ruedas requieren equilibrio humano a diferencia de un veh\u00edculo de cuatro ruedas, y todo esto puede ser agravado por el mal mantenimiento de las carreteras y el mal clima.<\/p>\n<div style=\"text-align: center;\">\n<p style=\"text-align: left;\">Un abogado de accidente de motocicleta de Craig Swapp &amp; Associates puede resultar invaluable en ayudarle a obtener ayuda f\u00edsica-as\u00ed como ayuda financiera.<\/p>\n<p><iframe loading=\"lazy\" src=\"https:\/\/www.youtube.com\/embed\/NeuyPzTFsnY\" width=\"260\" height=\"100\" frameborder=\"0\" allowfullscreen=\"allowfullscreen\"><\/iframe><\/p>\n<\/div>\n<p>&nbsp;<\/p>\n<h2>\u00bfPor qu\u00e9 considerar la contrataci\u00f3n de un abogado de accidente de motocicleta de Salt Lake City?<\/h2>\n<p>Debido a la exposici\u00f3n f\u00edsica del conductor de la motocicleta y el pasajero, las lesiones suelen ser mucho m\u00e1s graves que las experimentadas cuando se conduce en un\u00a0<a href=\"https:\/\/craigswapp.com\/spanish\/abogado-de-accidente-de-carro-en-salt-lake-city\/\">veh\u00edculo<\/a>. A menudo no hay nada entre la carretera y la motociclista sino un casco. Incluso el engranaje del motorista, supuesto guardar contra el pavimento, tiene sus l\u00edmites cuando le lanzan de una motocicleta que se mueve. Incluso en un accidente \u201cmenor\u201d, el motociclista puede experimentar lesiones en los tejidos blandos, lesiones en la cabeza y moretones.<\/p>\n<p>Por otro lado, un accidente de motocicleta m\u00e1s grave puede resultar en lesiones\u00a0igualmente graves:<\/p>\n<ul>\n<li style=\"font-weight: 400;\">Muerte<\/li>\n<li style=\"font-weight: 400;\">Par\u00e1lisis y da\u00f1o en la m\u00e9dula espinal<\/li>\n<li style=\"font-weight: 400;\">Amputaci\u00f3n de extremidades<\/li>\n<li style=\"font-weight: 400;\">Lesiones cerebrales\u00a0traum\u00e1ticas, incluyendo conmociones cerebrales y contusiones<\/li>\n<li style=\"font-weight: 400;\">Facturas compuestas u otros huesos rotos<\/li>\n<li style=\"font-weight: 400;\">Da\u00f1o en el nervio<\/li>\n<\/ul>\n<p>Cualquiera que sean sus lesiones, si otro conductor ha causado su accidente de motocicleta, podemos ayudarle a buscar una compensaci\u00f3n para cubrir las lesiones que experiment\u00f3. Trabajar con un abogado de accidente de motocicleta de Utah de Craig Swapp &amp; Associates se asegurar\u00e1 de que su arreglo cuentas de todos sus da\u00f1os y gastos.<\/p>\n<h2>Las Lesiones Complicadas Necesitan un Abogado de Accidente de Motocicleta en Utah<\/h2>\n<p>No s\u00f3lo podr\u00eda haber lesiones catastr\u00f3ficas y la muerte durante un accidente de motocicleta, pero muchas de estas lesiones requieren estancias prolongadas en el hospital, cirug\u00eda reconstructiva para desfiguraci\u00f3n y terapia f\u00edsica en curso. Usted quiere asegurarse de que todas sus dolencias est\u00e1n cubiertas y que usted ser\u00e1 capaz de cubrir todas sus facturas m\u00e9dicas durante los meses y a\u00f1os venideros. Tomar un r\u00e1pido arreglo de seguro puede privarle de la atenci\u00f3n duradera que puede necesitar m\u00e1s tarde.<\/p>\n<p>Un ejemplo de una de las preocupaciones de salud que se presentan despu\u00e9s de un accidente es la erupci\u00f3n de la carretera. Puede no sonar serio a un forastero, pero como con categor\u00edas de la quemadura, hay tres grados posibles. La primera puede ser tratada como un rasgu\u00f1o grave, pero el tercer grado puede exponer el m\u00fasculo y el hueso ya menudo requiere de injertos de piel. Si no se cuida adecuadamente, puede resultar una infecci\u00f3n peligrosa del estafilococo.<\/p>\n<p>Tambi\u00e9n es posible que tenga una fractura de contusi\u00f3n o del cabello que no puede notar hasta despu\u00e9s de que el choque del accidente ha disminuido. Las lesiones retardadas como estas son parte de lo que hace que valorar correctamente una reclamaci\u00f3n tan dif\u00edcil y por qu\u00e9 trabajar con un experimentado Salt Lake City accidente de motocicleta abogado es tan esencial para un resultado exitoso.<\/p>\n<p>&nbsp;<\/p>\n<h2>Empezando Su Caso<\/h2>\n<p><img loading=\"lazy\" decoding=\"async\" class=\"alignright size-medium wp-image-4737\" src=\"https:\/\/craigswapp.com\/spanish\/wp-content\/uploads\/2016\/06\/Motorcycle-Safety-Awareness-Stressed-1.jpg\" alt=\"Utah Motorcycle Accident Lawyer\" width=\"300\" height=\"199\" \/><\/p>\n<p>Una defensa com\u00fan usada por otros conductores es que no pod\u00edan ver la motocicleta. Cada conductor de cada veh\u00edculo en la carretera tiene los mismos derechos, incluido usted. Al igual que con cualquier otro accidente de la carretera, los conductores son a menudo culpables de negligencia en forma de conducci\u00f3n distra\u00edda, conducci\u00f3n drogada o ebria, y el exceso de velocidad.<\/p>\n<p>Es importante que la evidencia se recoja, que los testigos sean entrevistados y que los registros del accidente sean revisados lo antes posible para construir el caso m\u00e1s fuerte y obtener la recompensa monetaria que merece. Un abogado de accidente de motocicleta de Salt Lake City de nuestra oficina puede tratar estos detalles para usted, lo que le permite centrarse en su recuperaci\u00f3n y seguir adelante con su vida.<\/p>\n<p>Pr\u00e1cticamente cualquier gasto que resulta de su accidente de motocicleta debe ser contabilizado en su arreglo:<\/p>\n<ul>\n<li style=\"font-weight: 400;\">Reparaci\u00f3n o reemplazo de la motocicleta<\/li>\n<li style=\"font-weight: 400;\">Gastos de alquiler<\/li>\n<li style=\"font-weight: 400;\">Perida de salario presente o futuro<\/li>\n<li style=\"font-weight: 400;\">Factura acutal y futura de hospital, doctor y fisioterapia<\/li>\n<li style=\"font-weight: 400;\">Dolor y sufrimiento, incluyendo trauma emocional<\/li>\n<li style=\"font-weight: 400;\">Gastos fuera del presupuesto<\/li>\n<\/ul>\n<h2>Especificaciones del Accidente de Motocicleta de Utah<\/h2>\n<p>Tambi\u00e9n podr\u00eda haber leyes y reglamentos locales que rijan requisitos tales como protecci\u00f3n contra lesiones personales (PIP) o cu\u00e1ntas motocicletas pueden montar a la altura en un carril de autopista. Diferentes estados tambi\u00e9n tienen diferentes leyes sobre la divisi\u00f3n del carril, que es cuando una motocicleta sube una l\u00ednea entre dos carriles de tr\u00e1fico-digamos entre dos carros- para atravesar el tr\u00e1fico lento.<\/p>\n<p>Detalles espec\u00edficos como estos pueden ser f\u00e1ciles de pasar por alto, pero un abogado de accidentes de motocicleta de Salt Lake City de Craig Swapp &amp; Associates sabr\u00e1 exactamente qu\u00e9 leyes se aplican a su caso y c\u00f3mo usarlas para su beneficio.<\/p>\n<h2>Desaf\u00edos de Seguros<\/h2>\n<p>T\u00edpicamente, el ajustador del seguro del conductor del autom\u00f3vil intenta retratar al motorista como\u00a0<a href=\"https:\/\/craigswapp.com\/spanish\/abogado-de-accidente-de-carro-en-salt-lake-city\/\">r\u00e1pido<\/a>, imprudente, y menos que respetuoso de la ley. Su objetivo es poner culpa parcial sobre el motociclista, disminuyendo as\u00ed la responsabilidad de su conductor y la cantidad pagada en arreglo. Incluso su propio seguro podr\u00eda afirmar que no se protegi\u00f3 con el equipo adecuado o incluso puede utilizar su propio testimonio en su contra a medida que tratan de mantener los costos bajos. Esto se puede evitar si usted recibe la ayuda de un abogado de Salt Lake City accidente de motocicleta tan pronto como sea posible.<\/p>\n<p>&nbsp;<\/p>\n<h2>Accidentes Comunes de la Motocicleta de Utah<\/h2>\n<p>Lamentablemente, <a href=\"http:\/\/www.nhtsa.gov\/Safety\/Motorcycles\" target=\"_blank\" rel=\"noopener noreferrer\">motocicletas<\/a>\u00a0las motocicletas deben conducir mucho m\u00e1s defensivamente que otros veh\u00edculos en el camino debido a su tama\u00f1o peque\u00f1o y visibilidad desafiadora. Una de las causas m\u00e1s comunes de muertes de motociclistas se denominan \u00abno-ver-ver\u00bb accidentes, con un ejemplo importante es otro veh\u00edculo haciendo un giro a la izquierda en el camino de una motocicleta pr\u00f3xima. Un abogado de accidente de motocicleta de Utah puede ayudar si usted ha experimentado cualquier tipo de accidente.<\/p>\n<p>Por desgracia, hay muchas otras causas de accidentes de motocicleta:<\/p>\n<ul>\n<li style=\"font-weight: 400;\">Falta de ceder el derecho de paso<\/li>\n<li style=\"font-weight: 400;\">Seguido demasiado de cerca<\/li>\n<li style=\"font-weight: 400;\">Vuelta incorrecta<\/li>\n<li style=\"font-weight: 400;\">Visi\u00f3n oscura<\/li>\n<li style=\"font-weight: 400;\">Conducci\u00f3n Inapropiada<\/li>\n<li style=\"font-weight: 400;\"><a href=\"http:\/\/www.distracteddriving.gov\/\" target=\"_blank\" rel=\"noopener noreferrer\">Conducci\u00f3n distraida<\/a><\/li>\n<li style=\"font-weight: 400;\">Cambio de carril inadecuado<\/li>\n<li style=\"font-weight: 400;\">Falta de permanecer en el carril adecuado<\/li>\n<li style=\"font-weight: 400;\">Pega-y-corre<\/li>\n<li style=\"font-weight: 400;\">Manejando en reverso inadecuadamente<\/li>\n<li style=\"font-weight: 400;\">Se\u00f1ales de tr\u00e1fico no atendidas<\/li>\n<li style=\"font-weight: 400;\">Pieza defectuosa de la motocicleta<\/li>\n<li style=\"font-weight: 400;\">Conducci\u00f3n ebrio<\/li>\n<li style=\"font-weight: 400;\">Exceso de velocidad<\/li>\n<li style=\"font-weight: 400;\">Errores de estacionamiento<\/li>\n<li style=\"font-weight: 400;\">Carreteras peligrosas<\/li>\n<\/ul>\n<p>&nbsp;<\/p>\n<h2>Pongase en Contacto con un Abogado de Accidente de Motocicleta de Salt Lake City<\/h2>\n<p>No permite que las compa\u00f1ias de seguros juegan con sus derechos. En\u00a0<a href=\"https:\/\/craigswapp.com\/spanish\/\">Craig Swapp &amp; Associates<\/a>, nosotros entendoms sus derechos como aplica a los accidentes de motocicletas, entendemos\u00a0los prejuicios contra las motociclistas, y un abogado de accidente de motocicleta de nuestra oficina trabajara arduamente para obtenerle un arreglo justo y completo. Nuestras\u00a0<a href=\"https:\/\/birdeye.com\/craig-swapp-associates-147042625253278\" target=\"_blank\" rel=\"noopener noreferrer\">rese\u00f1as de terceros<\/a>\u00a0hablan por s\u00ed mismos. Llame hoy para una consulta gratuita marcando\u00a0<a href=\"tel:18004049000\">1-855-628-5050<\/a>.<\/p>\n","protected":false},"excerpt":{"rendered":"<p>Cada a\u00f1o, cerca de 50.000 motociclistas resultan heridos en accidentes de\u00a0carretera\u00a0en Estados Unidos, y m\u00e1s de 2.000 mueren por sus heridas. Los motociclistas son especialmente [&hellip;]<\/p>\n","protected":false},"author":2,"featured_media":2014482,"parent":0,"menu_order":8,"comment_status":"open","ping_status":"open","template":"","meta":{"_acf_changed":false,"inline_featured_image":false,"footnotes":""},"class_list":["post-487","page","type-page","status-publish","has-post-thumbnail","hentry"],"acf":[],"_links":{"self":[{"href":"https:\/\/craigswapp.com\/spanish\/wp-json\/wp\/v2\/pages\/487","targetHints":{"allow":["GET"]}}],"collection":[{"href":"https:\/\/craigswapp.com\/spanish\/wp-json\/wp\/v2\/pages"}],"about":[{"href":"https:\/\/craigswapp.com\/spanish\/wp-json\/wp\/v2\/types\/page"}],"author":[{"embeddable":true,"href":"https:\/\/craigswapp.com\/spanish\/wp-json\/wp\/v2\/users\/2"}],"replies":[{"embeddable":true,"href":"https:\/\/craigswapp.com\/spanish\/wp-json\/wp\/v2\/comments?post=487"}],"version-history":[{"count":3,"href":"https:\/\/craigswapp.com\/spanish\/wp-json\/wp\/v2\/pages\/487\/revisions"}],"predecessor-version":[{"id":2014491,"href":"https:\/\/craigswapp.com\/spanish\/wp-json\/wp\/v2\/pages\/487\/revisions\/2014491"}],"wp:featuredmedia":[{"embeddable":true,"href":"https:\/\/craigswapp.com\/spanish\/wp-json\/wp\/v2\/media\/2014482"}],"wp:attachment":[{"href":"https:\/\/craigswapp.com\/spanish\/wp-json\/wp\/v2\/media?parent=487"}],"curies":[{"name":"wp","href":"https:\/\/api.w.org\/{rel}","templated":true}]}}