{"id":486,"date":"2014-09-03T21:11:40","date_gmt":"2014-09-03T21:11:40","guid":{"rendered":"http:\/\/50.28.86.182\/~craigswapp\/dog-bite-attorney\/"},"modified":"2021-05-12T14:28:40","modified_gmt":"2021-05-12T14:28:40","slug":"abogado-mordida-perro","status":"publish","type":"page","link":"https:\/\/craigswapp.com\/spanish\/abogado-mordida-perro\/","title":{"rendered":"Abogado de Mordida de Perro de Salt Lake City"},"content":{"rendered":"<p>\nLos perros han sido conocidos como el mejor amigo del hombre por miles de a\u00f1os. Para muchas personas, los perros son sus compa\u00f1eros leales y miembros importantes de su familia. Aunque la mayor\u00eda de los perros se comportan bien y se divierten amando, hay situaciones donde un perro puede infligir\u00a0<a href=\"https:\/\/craigswapp.com\/spanish\/salt-lake-city\/\">da\u00f1o grave<\/a>\u00a0y aun\u00a0<a href=\"https:\/\/craigswapp.com\/spanish\/wrongful-death\/\">lesiones\u00a0mortales<\/a>.<\/p>\n<p>De los casi\u00a0<a href=\"http:\/\/www.cdc.gov\/features\/dog-bite-prevention\/\" target=\"_blank\" rel=\"noopener noreferrer\">4.5 millones de mordeduras de perros<\/a>\u00a0reportado cada a\u00f1o, casi una de cada cinco mordeduras de perro conduce a la infecci\u00f3n, aumentando el riesgo de enfermedad grave y la muerte de acuerdo a los Centros para el Control y Prevenci\u00f3n de Enfermedades (CDC).<\/p>\n<p>Si usted fue v\u00edctima de una mordedura de perro, un abogado de mordida de perro de Salt Lake City de Craig Swapp &amp; Associates puede ayudarle a determinar qu\u00e9 curso de acci\u00f3n tomar.<\/p>\n<h2>Due\u00f1os de Perros y su Responsabilidad<\/h2>\n<p>Poseer un perro en Salt Lake City impone obligaciones legales en cada due\u00f1o del perro, tales como tratar y cuidar para su perro en una manera humana y responsable e impedir que su perro da\u00f1e otros.<\/p>\n<p>Los due\u00f1os de perros deben asegurarse de que sus mascotas no da\u00f1en a otras personas o sus propiedades. Cuando un perro muerde a otra persona o da\u00f1a la propiedad de alguien, el due\u00f1o del perro es responsable de las lesiones o da\u00f1os que resulten.<\/p>\n<p>Bajo la ley de Utah\u00a0<a href=\"https:\/\/le.utah.gov\/xcode\/Title18\/C18_1800010118000101.pdf\" target=\"_blank\" rel=\"noopener noreferrer\">(U.C.A. \u00a718-1-1)<\/a>, los due\u00f1os del perro son responsables de cualquier lesi\u00f3n causada por su perro, incluso si no est\u00e1n enterados de ninguna tendencia viciosa antes de un ataque. En otras palabras, el propietario sigue siendo considerado responsable incluso si el perro nunca ha mordido a nadie o nunca ha mostrado ning\u00fan comportamiento amenazante anteriormente.<\/p>\n<p>&nbsp;<\/p>\n<h2>Los Ni\u00f1os son M\u00e1s Vulnerables a Las Mordeduras de Perros<\/h2>\n<p>Los ni\u00f1os son m\u00e1s vulnerables a los ataques de los perros, que tambi\u00e9n pueden causar angustia emocional a ellos. Los ni\u00f1os que han experimentado una mordedura de perro pueden experimentar pesadillas, p\u00e9rdida de sue\u00f1o, miedo a perros, ansiedad general, alejamiento de su entorno y aprensi\u00f3n.<\/p>\n<p>Es importante para cualquier persona cuyo hijo ha sufrido un\u00a0<a href=\"https:\/\/craigswapp.com\/spanish\/abogado-lesion-grave\/\">lesi\u00f3n grave<\/a>\u00a0de una mordedura de perro para buscar a un experto abogado de mordida de perro de Salt Lake City que entiende las leyes en Utah con respecto a los perros y las responsabilidades de sus propietarios.<\/p>\n<h2>Los Ataques de Perro Pueden ser Costosos<\/h2>\n<p>Como las lesiones de las mordeduras de perro son a menudo graves, las v\u00edctimas pueden requerir tratamientos m\u00e9dicos costosos, cuidados a largo plazo y p\u00e9rdida de ingresos. Es importante buscar el consejo de un abogado de mordida de perro de Salt Lake City para ayudarle a entender sus derechos legales y la\u00a0<a href=\"https:\/\/craigswapp.com\/spanish\/cuanto-vale-mi-caso\/\">compensaci\u00f3n<\/a>\u00a0que usted merece.<\/p>\n<p>Si un due\u00f1o del perro es encontrado responsable de sus lesiones de mordedura de perro, el propietario tendr\u00e1 que pagar por el tratamiento de las lesiones, incluyendo los costos m\u00e9dicos y la compensaci\u00f3n por su dolor f\u00edsico y angustia mental.<\/p>\n<p>Adem\u00e1s, las v\u00edctimas a veces pueden recuperar da\u00f1os punitivos, que es dinero otorgado para castigar al due\u00f1o si \u00e9l o ella sab\u00eda sobre la naturaleza viciosa del perro de antemano.<\/p>\n<h2>Contactar un Capaz Abogado de Mordida de Perro de Salt Lake City<\/h2>\n<p>Si usted o un miembro de la familia ha sido atacado o lesionado por un perro, un abogado de mordida de perro de Salt Lake City de\u00a0<a href=\"https:\/\/craigswapp.com\/spanish\/\">Craig Swapp &amp; Associates<\/a>\u00a0puede ayudarle a obtener la compensaci\u00f3n que usted merece por sus lesiones, sufrimiento emocional, salarios perdidos y gastos m\u00e9dicos.<\/p>\n<p>\u00a1Una llamada basta! Nos\u00a0<a href=\"https:\/\/birdeye.com\/craig-swapp-associates-147042625253278\" target=\"_blank\" rel=\"noopener noreferrer\">haremos cargo del resto<\/a>. Ll\u00e1menos hoy para una consulta gratis y sin compromiso para discutir su lesi\u00f3n al <a href=\"tel:18004049000\">1-855-628-5050<\/a>\u00a0o ll\u00e1menos llenando el formulario al pie de esta p\u00e1gina.<\/p>\n","protected":false},"excerpt":{"rendered":"<p>Los perros han sido conocidos como el mejor amigo del hombre por miles de a\u00f1os. Para muchas personas, los perros son sus compa\u00f1eros leales y [&hellip;]<\/p>\n","protected":false},"author":2,"featured_media":0,"parent":0,"menu_order":7,"comment_status":"open","ping_status":"open","template":"","meta":{"_acf_changed":false,"inline_featured_image":false,"footnotes":""},"class_list":["post-486","page","type-page","status-publish","hentry"],"acf":[],"_links":{"self":[{"href":"https:\/\/craigswapp.com\/spanish\/wp-json\/wp\/v2\/pages\/486","targetHints":{"allow":["GET"]}}],"collection":[{"href":"https:\/\/craigswapp.com\/spanish\/wp-json\/wp\/v2\/pages"}],"about":[{"href":"https:\/\/craigswapp.com\/spanish\/wp-json\/wp\/v2\/types\/page"}],"author":[{"embeddable":true,"href":"https:\/\/craigswapp.com\/spanish\/wp-json\/wp\/v2\/users\/2"}],"replies":[{"embeddable":true,"href":"https:\/\/craigswapp.com\/spanish\/wp-json\/wp\/v2\/comments?post=486"}],"version-history":[{"count":1,"href":"https:\/\/craigswapp.com\/spanish\/wp-json\/wp\/v2\/pages\/486\/revisions"}],"predecessor-version":[{"id":11432,"href":"https:\/\/craigswapp.com\/spanish\/wp-json\/wp\/v2\/pages\/486\/revisions\/11432"}],"wp:attachment":[{"href":"https:\/\/craigswapp.com\/spanish\/wp-json\/wp\/v2\/media?parent=486"}],"curies":[{"name":"wp","href":"https:\/\/api.w.org\/{rel}","templated":true}]}}