{"id":485,"date":"2014-09-03T21:11:40","date_gmt":"2014-09-03T21:11:40","guid":{"rendered":"http:\/\/50.28.86.182\/~craigswapp\/defective-medical-products\/"},"modified":"2023-06-08T16:48:11","modified_gmt":"2023-06-08T16:48:11","slug":"abogado-producto-defectivo","status":"publish","type":"page","link":"https:\/\/craigswapp.com\/spanish\/abogado-producto-defectivo\/","title":{"rendered":"Producto Defectivo"},"content":{"rendered":"<p>Un producto defectivo puede ser peligroso para el usuario por defectos de dise\u00f1o o de fabricaci\u00f3n, o por el fabricante que proporciona instrucciones o advertencias incorrectas. A menudo, un defecto no se descubre hasta despu\u00e9s de que se ha ofrecido y vendido en el mercado, cuando los informes de lesiones llegan a la atenci\u00f3n del fabricante.<\/p>\n<p>En algunos casos, el fabricante puede ser consciente del defecto, pero sigue ofreciendo un producto peligroso en lugar de gastar dinero para retirar el producto o enviar notificaciones. En otros casos, el fabricante puede emitir una revocaci\u00f3n, pero no tiene una base de datos para encontrar adecuadamente a todos los usuarios. Independientemente de las circunstancias, los fabricantes de productos peligrosos son responsables de cualquier lesi\u00f3n causada por sus productos que no hayan sido cubiertos por advertencias previas adecuadas.<\/p>\n<p>En Craig Swapp &amp; Associates, nuestro abogado de producto defectivo de Utah tiene la experiencia y experiencia para manejar cualquier tipo de caso de producto defectivo:<\/p>\n<ul>\n<li>Equipo defectivo de seguridad del autom\u00f3vil, como mal funcionamiento de los airbags o cinturones de seguridad, que no protege al usuario durante un accidente u otra situaci\u00f3n de emergencia<\/li>\n<li>Aparatos o herramientas el\u00e9ctricas inseguras que resultan en lesiones durante el uso, a pesar del uso correcto como se indica en las instrucciones de los equipos<\/li>\n<li>Instrucciones o advertencias incorrectas o inexistentes que no notifican al usuario de los peligros inherentes<\/li>\n<\/ul>\n<p>Representamos a las personas que poseen un producto defectivo, as\u00ed como a los no propietarios que prestan o tienen acceso legal al equipo. Cuando representamos a v\u00edctimas heridas de productos defectuosos, nuestros abogados primero establecen la responsabilidad del fabricante. Una vez que la responsabilidad est\u00e1 claramente establecida, entonces buscamos que la v\u00edctima herida reciba una compensaci\u00f3n justa y completa por:<\/p>\n<ul>\n<li>Facturas m\u00e9dicas, incluyendo los costos de visitas al hospital, m\u00e9dicos, medicamentos, terapia f\u00edsica, etc.<\/li>\n<li>P\u00e9rdida de ingresos asociada con la lesi\u00f3n y la recuperaci\u00f3n<\/li>\n<li>Da\u00f1os a la propiedad personal causados por el producto defectivo<\/li>\n<li>Dolor y sufrimiento\u00a0asociado con la recuperaci\u00f3n<\/li>\n<li>Desfiguraci\u00f3n o deterioro a largo plazoSi usted ha sido gravemente herido por un producto defectivo o por instrucciones inadecuadas, comun\u00edquese con Craig Swapp &amp; Associates hoy para una consulta GRATUITA al (801) 990-1919 o env\u00ede los detalles de su caso por nuestro sitio web.<\/li>\n<\/ul>\n","protected":false},"excerpt":{"rendered":"<p>Un producto defectivo puede ser peligroso para el usuario por defectos de dise\u00f1o o de fabricaci\u00f3n, o por el fabricante que proporciona instrucciones o advertencias [&hellip;]<\/p>\n","protected":false},"author":2,"featured_media":2014485,"parent":0,"menu_order":6,"comment_status":"open","ping_status":"open","template":"","meta":{"_acf_changed":false,"inline_featured_image":false,"footnotes":""},"class_list":["post-485","page","type-page","status-publish","has-post-thumbnail","hentry"],"acf":[],"_links":{"self":[{"href":"https:\/\/craigswapp.com\/spanish\/wp-json\/wp\/v2\/pages\/485","targetHints":{"allow":["GET"]}}],"collection":[{"href":"https:\/\/craigswapp.com\/spanish\/wp-json\/wp\/v2\/pages"}],"about":[{"href":"https:\/\/craigswapp.com\/spanish\/wp-json\/wp\/v2\/types\/page"}],"author":[{"embeddable":true,"href":"https:\/\/craigswapp.com\/spanish\/wp-json\/wp\/v2\/users\/2"}],"replies":[{"embeddable":true,"href":"https:\/\/craigswapp.com\/spanish\/wp-json\/wp\/v2\/comments?post=485"}],"version-history":[{"count":3,"href":"https:\/\/craigswapp.com\/spanish\/wp-json\/wp\/v2\/pages\/485\/revisions"}],"predecessor-version":[{"id":2014489,"href":"https:\/\/craigswapp.com\/spanish\/wp-json\/wp\/v2\/pages\/485\/revisions\/2014489"}],"wp:featuredmedia":[{"embeddable":true,"href":"https:\/\/craigswapp.com\/spanish\/wp-json\/wp\/v2\/media\/2014485"}],"wp:attachment":[{"href":"https:\/\/craigswapp.com\/spanish\/wp-json\/wp\/v2\/media?parent=485"}],"curies":[{"name":"wp","href":"https:\/\/api.w.org\/{rel}","templated":true}]}}